{"id":100009557,"date":"2023-11-03T12:43:58","date_gmt":"2023-11-03T11:43:58","guid":{"rendered":"https:\/\/www.bts-company.com\/ekonomicna-mobilna-celija-s-kolaborativnim-robotom-za-automatizirano-vezivanje-obradnih-masina\/"},"modified":"2023-11-03T12:43:58","modified_gmt":"2023-11-03T11:43:58","slug":"ekonomicna-mobilna-celija-s-kolaborativnim-robotom-za-automatizirano-vezivanje-obradnih-masina","status":"publish","type":"page","link":"https:\/\/www.bts-company.com\/bs\/ekonomicna-mobilna-celija-s-kolaborativnim-robotom-za-automatizirano-vezivanje-obradnih-masina\/","title":{"rendered":"Ekonomi\u010dna mobilna \u0107elija s kolaborativnim robotom za automatizirano vezivanje obradnih ma\u0161ina"},"content":{"rendered":"<p>{&#8220;main-title&#8221;:{&#8220;component&#8221;:&#8221;hc_title&#8221;,&#8221;id&#8221;:&#8221;main-title&#8221;,&#8221;title&#8221;:&#8221;\u010cesto postavljana pitanja&#8221;,&#8221;subtitle&#8221;:&#8221;&#8221;,&#8221;title_content&#8221;:{&#8220;component&#8221;:&#8221;hc_title_base&#8221;,&#8221;id&#8221;:&#8221;title-base&#8221;,&#8221;image&#8221;:&#8221;&#8221;,&#8221;breadcrumbs&#8221;:true,&#8221;white&#8221;:false}},&#8221;section_HY5f8&#8221;:{&#8220;component&#8221;:&#8221;hc_section&#8221;,&#8221;id&#8221;:&#8221;section_HY5f8&#8221;,&#8221;section_width&#8221;:&#8221;&#8221;,&#8221;animation&#8221;:&#8221;&#8221;,&#8221;animation_time&#8221;:&#8221;&#8221;,&#8221;timeline_animation&#8221;:&#8221;&#8221;,&#8221;timeline_delay&#8221;:&#8221;&#8221;,&#8221;timeline_order&#8221;:&#8221;&#8221;,&#8221;vertical_row&#8221;:&#8221;&#8221;,&#8221;box_middle&#8221;:&#8221;&#8221;,&#8221;css_classes&#8221;:&#8221;&#8221;,&#8221;custom_css_classes&#8221;:&#8221;&#8221;,&#8221;custom_css_styles&#8221;:&#8221;&#8221;,&#8221;section_content&#8221;:[{&#8220;component&#8221;:&#8221;hc_column&#8221;,&#8221;id&#8221;:&#8221;ATNNm&#8221;,&#8221;column_width&#8221;:&#8221;col-md-8&#8221;,&#8221;animation&#8221;:&#8221;&#8221;,&#8221;animation_time&#8221;:&#8221;&#8221;,&#8221;timeline_animation&#8221;:&#8221;&#8221;,&#8221;timeline_delay&#8221;:&#8221;&#8221;,&#8221;timeline_order&#8221;:&#8221;&#8221;,&#8221;css_classes&#8221;:&#8221;&#8221;,&#8221;custom_css_classes&#8221;:&#8221;&#8221;,&#8221;custom_css_styles&#8221;:&#8221;&#8221;,&#8221;main_content&#8221;:[{&#8220;component&#8221;:&#8221;hc_wp_editor&#8221;,&#8221;id&#8221;:&#8221;XAJfO&#8221;,&#8221;css_classes&#8221;:&#8221;&#8221;,&#8221;custom_css_classes&#8221;:&#8221;&#8221;,&#8221;custom_css_styles&#8221;:&#8221;&#8221;,&#8221;editor_content&#8221;:&#8221;<strong>Proizvodna poduze\u0107a \u017eele pove\u0107ati efikasnost, pa u proizvodni proces sve \u010de\u0161\u0107e uklju\u010duju suradne robote. Na taj na\u010din stje\u010du sve prednosti koje donosi automatizacija skladi\u0161tenja i logistike. BTS Company je razvio mobilne \u0107elije MC100 i MC200 za tu svrhu.<\/strong>\\n\\nMobilna \u0107elija s kolaborativnim robotom pove\u0107ava efikasnost i fleksibilnost u proizvodnji te omogu\u0107uje da robotizirano skladi\u0161tenje autonomno obavlja proizvodnju manjih serija, npr. kod dodatnih narud\u017ebi. Kompaktni i mobilni dizajn robotske \u0107elije nudi najve\u0107u prilagodljivost u proizvodnji i pristup proizvodnim ma\u0161inama. Stoga smo razvili vlastitu mobilnu \u0107eliju s kolaborativnim robotom u dvije osnovne verzije <strong>MC100<\/strong> i <strong>MC200<\/strong>.&#8221;},{&#8220;component&#8221;:&#8221;hc_image&#8221;,&#8221;id&#8221;:&#8221;rbDBZ&#8221;,&#8221;css_classes&#8221;:&#8221;&#8221;,&#8221;custom_css_classes&#8221;:&#8221;&#8221;,&#8221;custom_css_styles&#8221;:&#8221;&#8221;,&#8221;image&#8221;:&#8221;https:\/\/www.bts-company.com\/wp-content\/uploads\/2023\/11\/MC_skupna_n_560.thumb-560&#215;337-1.jpg|337|560|100003085&#8221;,&#8221;alt&#8221;:&#8221;&#8221;,&#8221;thumb_size&#8221;:&#8221;large&#8221;},{&#8220;component&#8221;:&#8221;hc_wp_editor&#8221;,&#8221;id&#8221;:&#8221;bKjLk&#8221;,&#8221;css_classes&#8221;:&#8221;&#8221;,&#8221;custom_css_classes&#8221;:&#8221;&#8221;,&#8221;custom_css_styles&#8221;:&#8221;&#8221;,&#8221;editor_content&#8221;:&#8221;Mobilna \u0107elija je dizajnirana za strogo pri obradnim ma\u0161inama, se\u010denju, debeljenju, bru\u0161enju, poliranju i zavarivanju. \u0106elija se sastoji od kolaborativnog robota, bazne stanice i transportnih ili stacionarnih skladi\u0161ta. Trenutno u \u0107eliju ugra\u0111ujemo kolaborativne robote <a href='https:\/\/www.hanwharobotics.com\/' rel='noopener' data-target='true'><strong>Hanhwa HCR<\/strong><\/a> sa nosivo\u0161\u0107u od 3 kg, 5 kg ili 12 kg.\\n\\nU mobilnoj \u0107eliji MC100 logistika je dizajnirana za ru\u010dno stroganje transportnih skladi\u0161ta, dok je u mobilnoj \u0107eliji MC200 logistika dizajnirana za automatsko stroganje sa autonomnim mobilnim robotima <a href='https:\/\/www.mobile-industrial-robots.com\/en\/' rel='noopener' data-target='true'><strong>AMR MIR250<\/strong><\/a>.&#8221;},{&#8220;component&#8221;:&#8221;hc_space&#8221;,&#8221;id&#8221;:&#8221;ODbxW&#8221;,&#8221;css_classes&#8221;:&#8221;&#8221;,&#8221;custom_css_classes&#8221;:&#8221;&#8221;,&#8221;custom_css_styles&#8221;:&#8221;&#8221;,&#8221;size&#8221;:&#8221;xs&#8221;,&#8221;height&#8221;:&#8221;&#8221;},{&#8220;component&#8221;:&#8221;hc_button&#8221;,&#8221;id&#8221;:&#8221;OasmY&#8221;,&#8221;css_classes&#8221;:&#8221;&#8221;,&#8221;custom_css_classes&#8221;:&#8221;&#8221;,&#8221;custom_css_styles&#8221;:&#8221;&#8221;,&#8221;icon&#8221;:&#8221;&#8221;,&#8221;style&#8221;:&#8221;square&#8221;,&#8221;size&#8221;:&#8221;&#8221;,&#8221;position&#8221;:&#8221;left&#8221;,&#8221;animation&#8221;:false,&#8221;text&#8221;:&#8221;Video MC200&#8221;,&#8221;link_type&#8221;:&#8221;classic&#8221;,&#8221;lightbox_animation&#8221;:&#8221;&#8221;,&#8221;caption&#8221;:&#8221;&#8221;,&#8221;inner_caption&#8221;:false,&#8221;new_window&#8221;:true,&#8221;link&#8221;:&#8221;https:\/\/youtu.be\/Nd0GjfGElFA&#8221;,&#8221;link_content&#8221;:[],&#8221;lightbox_size&#8221;:&#8221;&#8221;,&#8221;scrollbox&#8221;:false},{&#8220;component&#8221;:&#8221;hc_space&#8221;,&#8221;id&#8221;:&#8221;QgZWL&#8221;,&#8221;css_classes&#8221;:&#8221;&#8221;,&#8221;custom_css_classes&#8221;:&#8221;&#8221;,&#8221;custom_css_styles&#8221;:&#8221;&#8221;,&#8221;size&#8221;:&#8221;xs&#8221;,&#8221;height&#8221;:&#8221;&#8221;},{&#8220;component&#8221;:&#8221;hc_button&#8221;,&#8221;id&#8221;:&#8221;r85LY&#8221;,&#8221;css_classes&#8221;:&#8221;&#8221;,&#8221;custom_css_classes&#8221;:&#8221;&#8221;,&#8221;custom_css_styles&#8221;:&#8221;&#8221;,&#8221;icon&#8221;:&#8221;&#8221;,&#8221;style&#8221;:&#8221;square&#8221;,&#8221;size&#8221;:&#8221;&#8221;,&#8221;position&#8221;:&#8221;left&#8221;,&#8221;animation&#8221;:false,&#8221;text&#8221;:&#8221;Prospekt&#8221;,&#8221;link_type&#8221;:&#8221;classic&#8221;,&#8221;lightbox_animation&#8221;:&#8221;&#8221;,&#8221;caption&#8221;:&#8221;&#8221;,&#8221;inner_caption&#8221;:false,&#8221;new_window&#8221;:true,&#8221;link&#8221;:&#8221;https:\/\/www.bts-company.com\/wp-content\/uploads\/2016\/12\/MC100_letak_slo_A4.pdf&#8221;,&#8221;link_content&#8221;:[],&#8221;lightbox_size&#8221;:&#8221;&#8221;,&#8221;scrollbox&#8221;:false},{&#8220;component&#8221;:&#8221;hc_wp_editor&#8221;,&#8221;id&#8221;:&#8221;LxyiE&#8221;,&#8221;css_classes&#8221;:&#8221;&#8221;,&#8221;custom_css_classes&#8221;:&#8221;&#8221;,&#8221;custom_css_styles&#8221;:&#8221;&#8221;,&#8221;editor_content&#8221;:&#8221;Bazna postaja je sastavljena od osnovnog okvira na koji je pri\u010dvr\u0161\u0107en suradni robot s robotskim kontrolerom. Opremljena je sustavom za pozicioniranje i povezivanje sklopova. Baznu stanicu je mogu\u0107e nadograditi s brojnim opcijama.\\n\\nPomo\u0107u ru\u010dnog vilju\u0161kara za palete, mobilnu \u0107eliju je mogu\u0107e premjestiti na bilo koje radno mjesto u proizvodnji.&#8221;}]},{&#8220;component&#8221;:&#8221;hc_column&#8221;,&#8221;id&#8221;:&#8221;column_5ZtkF&#8221;,&#8221;column_width&#8221;:&#8221;col-md-4&#8221;,&#8221;animation&#8221;:&#8221;&#8221;,&#8221;animation_time&#8221;:&#8221;&#8221;,&#8221;timeline_animation&#8221;:&#8221;&#8221;,&#8221;timeline_delay&#8221;:&#8221;&#8221;,&#8221;timeline_order&#8221;:&#8221;&#8221;,&#8221;css_classes&#8221;:&#8221;boxed-inverse &#8220;,&#8221;custom_css_classes&#8221;:&#8221;&#8221;,&#8221;custom_css_styles&#8221;:&#8221;&#8221;,&#8221;main_content&#8221;:[{&#8220;component&#8221;:&#8221;hc_title_tag&#8221;,&#8221;id&#8221;:&#8221;fdxJg&#8221;,&#8221;css_classes&#8221;:&#8221;&#8221;,&#8221;custom_css_classes&#8221;:&#8221;text-normal&#8221;,&#8221;custom_css_styles&#8221;:&#8221;&#8221;,&#8221;text&#8221;:&#8221;Stupite u kontakt s nama&#8221;,&#8221;tag&#8221;:&#8221;h4&#8221;},{&#8220;component&#8221;:&#8221;hc_text_block&#8221;,&#8221;id&#8221;:&#8221;suFGi&#8221;,&#8221;css_classes&#8221;:&#8221;&#8221;,&#8221;custom_css_classes&#8221;:&#8221;&#8221;,&#8221;custom_css_styles&#8221;:&#8221;&#8221;,&#8221;content&#8221;:&#8221;Kontaktirajte nas, odgovorit \u0107emo vam u najkra\u0107em mogu\u0107em roku.&#8221;},{&#8220;component&#8221;:&#8221;hc_button&#8221;,&#8221;id&#8221;:&#8221;qsRx5&#8221;,&#8221;css_classes&#8221;:&#8221;&#8221;,&#8221;custom_css_classes&#8221;:&#8221;&#8221;,&#8221;custom_css_styles&#8221;:&#8221;&#8221;,&#8221;icon&#8221;:&#8221;&#8221;,&#8221;style&#8221;:&#8221;link&#8221;,&#8221;size&#8221;:&#8221;&#8221;,&#8221;position&#8221;:&#8221;left&#8221;,&#8221;animation&#8221;:false,&#8221;text&#8221;:&#8221;Kontakt&#8221;,&#8221;link_type&#8221;:&#8221;classic&#8221;,&#8221;lightbox_animation&#8221;:&#8221;&#8221;,&#8221;caption&#8221;:&#8221;&#8221;,&#8221;inner_caption&#8221;:false,&#8221;new_window&#8221;:false,&#8221;link&#8221;:&#8221;\/kontakt&#8221;,&#8221;link_content&#8221;:[],&#8221;lightbox_size&#8221;:&#8221;&#8221;,&#8221;scrollbox&#8221;:false},{&#8220;component&#8221;:&#8221;hc_space&#8221;,&#8221;id&#8221;:&#8221;3u01D&#8221;,&#8221;css_classes&#8221;:&#8221;&#8221;,&#8221;custom_css_classes&#8221;:&#8221;&#8221;,&#8221;custom_css_styles&#8221;:&#8221;&#8221;,&#8221;size&#8221;:&#8221;m&#8221;,&#8221;height&#8221;:&#8221;&#8221;},{&#8220;component&#8221;:&#8221;hc_title_tag&#8221;,&#8221;id&#8221;:&#8221;nsgvM&#8221;,&#8221;css_classes&#8221;:&#8221;&#8221;,&#8221;custom_css_classes&#8221;:&#8221;text-normal&#8221;,&#8221;custom_css_styles&#8221;:&#8221;&#8221;,&#8221;text&#8221;:&#8221;Kontaktne informacije&#8221;,&#8221;tag&#8221;:&#8221;h4&#8221;},{&#8220;component&#8221;:&#8221;hc_space&#8221;,&#8221;id&#8221;:&#8221;KCcEm&#8221;,&#8221;css_classes&#8221;:&#8221;&#8221;,&#8221;custom_css_classes&#8221;:&#8221;&#8221;,&#8221;custom_css_styles&#8221;:&#8221;&#8221;,&#8221;size&#8221;:&#8221;xs&#8221;,&#8221;height&#8221;:&#8221;&#8221;},{&#8220;component&#8221;:&#8221;hc_text_list&#8221;,&#8221;id&#8221;:&#8221;Ue3qY&#8221;,&#8221;css_classes&#8221;:&#8221;&#8221;,&#8221;custom_css_classes&#8221;:&#8221;&#8221;,&#8221;custom_css_styles&#8221;:&#8221;&#8221;,&#8221;rows&#8221;:[{&#8220;component&#8221;:&#8221;repeater_item&#8221;,&#8221;id&#8221;:&#8221;4UlBG&#8221;,&#8221;image_link&#8221;:&#8221;&#8221;,&#8221;title&#8221;:&#8221;Naslov&#8221;,&#8221;subtitle&#8221;:&#8221;Bratislavska 5, SI-1000 Ljubljana&#8221;,&#8221;extra&#8221;:&#8221;&#8221;},{&#8220;component&#8221;:&#8221;repeater_item&#8221;,&#8221;id&#8221;:&#8221;FjGNK&#8221;,&#8221;image_link&#8221;:&#8221;&#8221;,&#8221;title&#8221;:&#8221;Telefon&#8221;,&#8221;subtitle&#8221;:&#8221;+386 (0)1 58 41 400&#8221;,&#8221;extra&#8221;:&#8221;&#8221;},{&#8220;component&#8221;:&#8221;repeater_item&#8221;,&#8221;id&#8221;:&#8221;7dgbt&#8221;,&#8221;image_link&#8221;:&#8221;&#8221;,&#8221;title&#8221;:&#8221;Naslov&#8221;,&#8221;subtitle&#8221;:&#8221;info@bts-company.si&#8221;,&#8221;extra&#8221;:&#8221;&#8221;},{&#8220;component&#8221;:&#8221;repeater_item&#8221;,&#8221;id&#8221;:&#8221;JFAro&#8221;,&#8221;image_link&#8221;:&#8221;&#8221;,&#8221;title&#8221;:&#8221;Radno vrijeme&#8221;,&#8221;subtitle&#8221;:&#8221;Pon &#8211; Pet: 8.00 &#8211; 16:00&#8221;,&#8221;extra&#8221;:&#8221;&#8221;}],&#8221;style&#8221;:&#8221;style_2&#8221;,&#8221;animation&#8221;:&#8221;&#8221;,&#8221;show_images&#8221;:false}]}],&#8221;section_settings&#8221;:&#8221;&#8221;},&#8221;scripts&#8221;:{},&#8221;css&#8221;:{},&#8221;css_page&#8221;:&#8221;&#8221;,&#8221;template_setting&#8221;:{&#8220;settings&#8221;:{&#8220;id&#8221;:&#8221;settings&#8221;}},&#8221;template_setting_top&#8221;:{},&#8221;page_setting&#8221;:{&#8220;settings&#8221;:[&#8220;lock-mode-off&#8221;]}}<\/p>\n","protected":false},"excerpt":{"rendered":"<p>{&#8220;main-title&#8221;:{&#8220;component&#8221;:&#8221;hc_title&#8221;,&#8221;id&#8221;:&#8221;main-title&#8221;,&#8221;title&#8221;:&#8221;\u010cesto postavljana pitanja&#8221;,&#8221;subtitle&#8221;:&#8221;&#8221;,&#8221;title_content&#8221;:{&#8220;component&#8221;:&#8221;hc_title_base&#8221;,&#8221;id&#8221;:&#8221;title-base&#8221;,&#8221;image&#8221;:&#8221;&#8221;,&#8221;breadcrumbs&#8221;:true,&#8221;white&#8221;:false}},&#8221;section_HY5f8&#8221;:{&#8220;component&#8221;:&#8221;hc_section&#8221;,&#8221;id&#8221;:&#8221;section_HY5f8&#8221;,&#8221;section_width&#8221;:&#8221;&#8221;,&#8221;animation&#8221;:&#8221;&#8221;,&#8221;animation_time&#8221;:&#8221;&#8221;,&#8221;timeline_animation&#8221;:&#8221;&#8221;,&#8221;timeline_delay&#8221;:&#8221;&#8221;,&#8221;timeline_order&#8221;:&#8221;&#8221;,&#8221;vertical_row&#8221;:&#8221;&#8221;,&#8221;box_middle&#8221;:&#8221;&#8221;,&#8221;css_classes&#8221;:&#8221;&#8221;,&#8221;custom_css_classes&#8221;:&#8221;&#8221;,&#8221;custom_css_styles&#8221;:&#8221;&#8221;,&#8221;section_content&#8221;:[{&#8220;component&#8221;:&#8221;hc_column&#8221;,&#8221;id&#8221;:&#8221;ATNNm&#8221;,&#8221;column_width&#8221;:&#8221;col-md-8&#8221;,&#8221;animation&#8221;:&#8221;&#8221;,&#8221;animation_time&#8221;:&#8221;&#8221;,&#8221;timeline_animation&#8221;:&#8221;&#8221;,&#8221;timeline_delay&#8221;:&#8221;&#8221;,&#8221;timeline_order&#8221;:&#8221;&#8221;,&#8221;css_classes&#8221;:&#8221;&#8221;,&#8221;custom_css_classes&#8221;:&#8221;&#8221;,&#8221;custom_css_styles&#8221;:&#8221;&#8221;,&#8221;main_content&#8221;:[{&#8220;component&#8221;:&#8221;hc_wp_editor&#8221;,&#8221;id&#8221;:&#8221;XAJfO&#8221;,&#8221;css_classes&#8221;:&#8221;&#8221;,&#8221;custom_css_classes&#8221;:&#8221;&#8221;,&#8221;custom_css_styles&#8221;:&#8221;&#8221;,&#8221;editor_content&#8221;:&#8221;Proizvodna poduze\u0107a \u017eele pove\u0107ati efikasnost, pa u proizvodni proces sve \u010de\u0161\u0107e uklju\u010duju suradne robote. Na taj na\u010din stje\u010du sve prednosti koje donosi automatizacija skladi\u0161tenja i logistike. BTS Company je razvio mobilne \u0107elije MC100 i MC200 za tu svrhu.\\n\\nMobilna \u0107elija s kolaborativnim robotom pove\u0107ava efikasnost i fleksibilnost u proizvodnji te omogu\u0107uje da robotizirano skladi\u0161tenje [&hellip;]<\/p>\n","protected":false},"author":1,"featured_media":0,"parent":0,"menu_order":0,"comment_status":"closed","ping_status":"closed","template":"","meta":{"_acf_changed":false,"inline_featured_image":false,"footnotes":""},"class_list":["post-100009557","page","type-page","status-publish","hentry"],"acf":[],"yoast_head":"<!-- This site is optimized with the Yoast SEO plugin v25.3.1 - https:\/\/yoast.com\/wordpress\/plugins\/seo\/ -->\n<title>Ekonomi\u010dna mobilna \u0107elija s kolaborativnim robotom za automatizirano vezivanje obradnih ma\u0161ina - BTS Company<\/title>\n<meta name=\"description\" content=\"Zato smo za tu svrhu razvili vlastitu mobilnu \u0107eliju s kolaborativnim robotom u dvije osnovne izvedbe MC100 i MC200.\" \/>\n<meta name=\"robots\" content=\"index, follow, max-snippet:-1, max-image-preview:large, max-video-preview:-1\" \/>\n<link rel=\"canonical\" href=\"https:\/\/www.bts-company.com\/bs\/ekonomicna-mobilna-celija-s-kolaborativnim-robotom-za-automatizirano-vezivanje-obradnih-masina\/\" \/>\n<meta property=\"og:locale\" content=\"bs_BA\" \/>\n<meta property=\"og:type\" content=\"article\" \/>\n<meta property=\"og:title\" content=\"Ekonomi\u010dna mobilna \u0107elija s kolaborativnim robotom za automatizirano vezivanje obradnih ma\u0161ina - BTS Company\" \/>\n<meta property=\"og:description\" content=\"Zato smo za tu svrhu razvili vlastitu mobilnu \u0107eliju s kolaborativnim robotom u dvije osnovne izvedbe MC100 i MC200.\" \/>\n<meta property=\"og:url\" content=\"https:\/\/www.bts-company.com\/bs\/ekonomicna-mobilna-celija-s-kolaborativnim-robotom-za-automatizirano-vezivanje-obradnih-masina\/\" \/>\n<meta property=\"og:site_name\" content=\"BTS Company\" \/>\n<meta property=\"article:publisher\" content=\"https:\/\/www.facebook.com\/people\/BTS-Company\/100090605649436\/\" \/>\n<meta property=\"og:image\" content=\"https:\/\/www.bts-company.com\/wp-content\/uploads\/2016\/12\/bts-company-logo.png\" \/>\n\t<meta property=\"og:image:width\" content=\"1162\" \/>\n\t<meta property=\"og:image:height\" content=\"461\" \/>\n\t<meta property=\"og:image:type\" content=\"image\/png\" \/>\n<meta name=\"twitter:card\" content=\"summary_large_image\" \/>\n<meta name=\"twitter:label1\" content=\"Est. reading time\" \/>\n\t<meta name=\"twitter:data1\" content=\"4 minute\" \/>\n<script type=\"application\/ld+json\" class=\"yoast-schema-graph\">{\"@context\":\"https:\/\/schema.org\",\"@graph\":[{\"@type\":\"WebPage\",\"@id\":\"https:\/\/www.bts-company.com\/bs\/ekonomicna-mobilna-celija-s-kolaborativnim-robotom-za-automatizirano-vezivanje-obradnih-masina\/\",\"url\":\"https:\/\/www.bts-company.com\/bs\/ekonomicna-mobilna-celija-s-kolaborativnim-robotom-za-automatizirano-vezivanje-obradnih-masina\/\",\"name\":\"Ekonomi\u010dna mobilna \u0107elija s kolaborativnim robotom za automatizirano vezivanje obradnih ma\u0161ina - BTS Company\",\"isPartOf\":{\"@id\":\"https:\/\/www.bts-company.com\/bs\/#website\"},\"datePublished\":\"2023-11-03T11:43:58+00:00\",\"description\":\"Zato smo za tu svrhu razvili vlastitu mobilnu \u0107eliju s kolaborativnim robotom u dvije osnovne izvedbe MC100 i MC200.\",\"breadcrumb\":{\"@id\":\"https:\/\/www.bts-company.com\/bs\/ekonomicna-mobilna-celija-s-kolaborativnim-robotom-za-automatizirano-vezivanje-obradnih-masina\/#breadcrumb\"},\"inLanguage\":\"bs-BA\",\"potentialAction\":[{\"@type\":\"ReadAction\",\"target\":[\"https:\/\/www.bts-company.com\/bs\/ekonomicna-mobilna-celija-s-kolaborativnim-robotom-za-automatizirano-vezivanje-obradnih-masina\/\"]}]},{\"@type\":\"BreadcrumbList\",\"@id\":\"https:\/\/www.bts-company.com\/bs\/ekonomicna-mobilna-celija-s-kolaborativnim-robotom-za-automatizirano-vezivanje-obradnih-masina\/#breadcrumb\",\"itemListElement\":[{\"@type\":\"ListItem\",\"position\":1,\"name\":\"\",\"item\":\"https:\/\/www.bts-company.com\/bs\/\"},{\"@type\":\"ListItem\",\"position\":2,\"name\":\"Ekonomi\u010dna mobilna \u0107elija s kolaborativnim robotom za automatizirano vezivanje obradnih ma\u0161ina\"}]},{\"@type\":\"WebSite\",\"@id\":\"https:\/\/www.bts-company.com\/bs\/#website\",\"url\":\"https:\/\/www.bts-company.com\/bs\/\",\"name\":\"BTS Company\",\"description\":\"CNC stroji in orodja\",\"publisher\":{\"@id\":\"https:\/\/www.bts-company.com\/bs\/#organization\"},\"potentialAction\":[{\"@type\":\"SearchAction\",\"target\":{\"@type\":\"EntryPoint\",\"urlTemplate\":\"https:\/\/www.bts-company.com\/bs\/?s={search_term_string}\"},\"query-input\":{\"@type\":\"PropertyValueSpecification\",\"valueRequired\":true,\"valueName\":\"search_term_string\"}}],\"inLanguage\":\"bs-BA\"},{\"@type\":\"Organization\",\"@id\":\"https:\/\/www.bts-company.com\/bs\/#organization\",\"name\":\"BTS Company\",\"url\":\"https:\/\/www.bts-company.com\/bs\/\",\"logo\":{\"@type\":\"ImageObject\",\"inLanguage\":\"bs-BA\",\"@id\":\"https:\/\/www.bts-company.com\/bs\/#\/schema\/logo\/image\/\",\"url\":\"https:\/\/www.bts-company.com\/wp-content\/uploads\/2016\/12\/cropped-bts-company-logo-01.png\",\"contentUrl\":\"https:\/\/www.bts-company.com\/wp-content\/uploads\/2016\/12\/cropped-bts-company-logo-01.png\",\"width\":512,\"height\":512,\"caption\":\"BTS Company\"},\"image\":{\"@id\":\"https:\/\/www.bts-company.com\/bs\/#\/schema\/logo\/image\/\"},\"sameAs\":[\"https:\/\/www.facebook.com\/people\/BTS-Company\/100090605649436\/\"]}]}<\/script>\n<!-- \/ Yoast SEO plugin. -->","yoast_head_json":{"title":"Ekonomi\u010dna mobilna \u0107elija s kolaborativnim robotom za automatizirano vezivanje obradnih ma\u0161ina - BTS Company","description":"Zato smo za tu svrhu razvili vlastitu mobilnu \u0107eliju s kolaborativnim robotom u dvije osnovne izvedbe MC100 i MC200.","robots":{"index":"index","follow":"follow","max-snippet":"max-snippet:-1","max-image-preview":"max-image-preview:large","max-video-preview":"max-video-preview:-1"},"canonical":"https:\/\/www.bts-company.com\/bs\/ekonomicna-mobilna-celija-s-kolaborativnim-robotom-za-automatizirano-vezivanje-obradnih-masina\/","og_locale":"bs_BA","og_type":"article","og_title":"Ekonomi\u010dna mobilna \u0107elija s kolaborativnim robotom za automatizirano vezivanje obradnih ma\u0161ina - BTS Company","og_description":"Zato smo za tu svrhu razvili vlastitu mobilnu \u0107eliju s kolaborativnim robotom u dvije osnovne izvedbe MC100 i MC200.","og_url":"https:\/\/www.bts-company.com\/bs\/ekonomicna-mobilna-celija-s-kolaborativnim-robotom-za-automatizirano-vezivanje-obradnih-masina\/","og_site_name":"BTS Company","article_publisher":"https:\/\/www.facebook.com\/people\/BTS-Company\/100090605649436\/","og_image":[{"width":1162,"height":461,"url":"https:\/\/www.bts-company.com\/wp-content\/uploads\/2016\/12\/bts-company-logo.png","type":"image\/png"}],"twitter_card":"summary_large_image","twitter_misc":{"Est. reading time":"4 minute"},"schema":{"@context":"https:\/\/schema.org","@graph":[{"@type":"WebPage","@id":"https:\/\/www.bts-company.com\/bs\/ekonomicna-mobilna-celija-s-kolaborativnim-robotom-za-automatizirano-vezivanje-obradnih-masina\/","url":"https:\/\/www.bts-company.com\/bs\/ekonomicna-mobilna-celija-s-kolaborativnim-robotom-za-automatizirano-vezivanje-obradnih-masina\/","name":"Ekonomi\u010dna mobilna \u0107elija s kolaborativnim robotom za automatizirano vezivanje obradnih ma\u0161ina - BTS Company","isPartOf":{"@id":"https:\/\/www.bts-company.com\/bs\/#website"},"datePublished":"2023-11-03T11:43:58+00:00","description":"Zato smo za tu svrhu razvili vlastitu mobilnu \u0107eliju s kolaborativnim robotom u dvije osnovne izvedbe MC100 i MC200.","breadcrumb":{"@id":"https:\/\/www.bts-company.com\/bs\/ekonomicna-mobilna-celija-s-kolaborativnim-robotom-za-automatizirano-vezivanje-obradnih-masina\/#breadcrumb"},"inLanguage":"bs-BA","potentialAction":[{"@type":"ReadAction","target":["https:\/\/www.bts-company.com\/bs\/ekonomicna-mobilna-celija-s-kolaborativnim-robotom-za-automatizirano-vezivanje-obradnih-masina\/"]}]},{"@type":"BreadcrumbList","@id":"https:\/\/www.bts-company.com\/bs\/ekonomicna-mobilna-celija-s-kolaborativnim-robotom-za-automatizirano-vezivanje-obradnih-masina\/#breadcrumb","itemListElement":[{"@type":"ListItem","position":1,"name":"","item":"https:\/\/www.bts-company.com\/bs\/"},{"@type":"ListItem","position":2,"name":"Ekonomi\u010dna mobilna \u0107elija s kolaborativnim robotom za automatizirano vezivanje obradnih ma\u0161ina"}]},{"@type":"WebSite","@id":"https:\/\/www.bts-company.com\/bs\/#website","url":"https:\/\/www.bts-company.com\/bs\/","name":"BTS Company","description":"CNC stroji in orodja","publisher":{"@id":"https:\/\/www.bts-company.com\/bs\/#organization"},"potentialAction":[{"@type":"SearchAction","target":{"@type":"EntryPoint","urlTemplate":"https:\/\/www.bts-company.com\/bs\/?s={search_term_string}"},"query-input":{"@type":"PropertyValueSpecification","valueRequired":true,"valueName":"search_term_string"}}],"inLanguage":"bs-BA"},{"@type":"Organization","@id":"https:\/\/www.bts-company.com\/bs\/#organization","name":"BTS Company","url":"https:\/\/www.bts-company.com\/bs\/","logo":{"@type":"ImageObject","inLanguage":"bs-BA","@id":"https:\/\/www.bts-company.com\/bs\/#\/schema\/logo\/image\/","url":"https:\/\/www.bts-company.com\/wp-content\/uploads\/2016\/12\/cropped-bts-company-logo-01.png","contentUrl":"https:\/\/www.bts-company.com\/wp-content\/uploads\/2016\/12\/cropped-bts-company-logo-01.png","width":512,"height":512,"caption":"BTS Company"},"image":{"@id":"https:\/\/www.bts-company.com\/bs\/#\/schema\/logo\/image\/"},"sameAs":["https:\/\/www.facebook.com\/people\/BTS-Company\/100090605649436\/"]}]}},"_links":{"self":[{"href":"https:\/\/www.bts-company.com\/bs\/wp-json\/wp\/v2\/pages\/100009557","targetHints":{"allow":["GET"]}}],"collection":[{"href":"https:\/\/www.bts-company.com\/bs\/wp-json\/wp\/v2\/pages"}],"about":[{"href":"https:\/\/www.bts-company.com\/bs\/wp-json\/wp\/v2\/types\/page"}],"author":[{"embeddable":true,"href":"https:\/\/www.bts-company.com\/bs\/wp-json\/wp\/v2\/users\/1"}],"replies":[{"embeddable":true,"href":"https:\/\/www.bts-company.com\/bs\/wp-json\/wp\/v2\/comments?post=100009557"}],"version-history":[{"count":0,"href":"https:\/\/www.bts-company.com\/bs\/wp-json\/wp\/v2\/pages\/100009557\/revisions"}],"wp:attachment":[{"href":"https:\/\/www.bts-company.com\/bs\/wp-json\/wp\/v2\/media?parent=100009557"}],"curies":[{"name":"wp","href":"https:\/\/api.w.org\/{rel}","templated":true}]}}