{"id":100004927,"date":"2023-11-03T12:43:58","date_gmt":"2023-11-03T12:43:58","guid":{"rendered":"https:\/\/www.bts-company.com\/ekonomicna-mobilna-celica-s-kolaborativnim-robotom-za-avtomatizirano-strego-obdelovalnih-strojev\/"},"modified":"2024-06-06T12:19:29","modified_gmt":"2024-06-06T10:19:29","slug":"ekonomicna-mobilna-celica-s-kolaborativnim-robotom-za-avtomatizirano-strego-obdelovalnih-strojev","status":"publish","type":"page","link":"https:\/\/www.bts-company.com\/hr\/ekonomicna-mobilna-celica-s-kolaborativnim-robotom-za-avtomatizirano-strego-obdelovalnih-strojev\/","title":{"rendered":"Ekonomi\u010dna mobilna \u0107elija s kolaborativnim robotom za automatizirano vezivanje obradnih strojeva"},"content":{"rendered":"<p>{&#8220;main-title&#8221;:{&#8220;component&#8221;:&#8221;hc_title&#8221;,&#8221;id&#8221;:&#8221;main-title&#8221;,&#8221;title&#8221;:&#8221;\u010cesto postavljana pitanja&#8221;,&#8221;subtitle&#8221;:&#8221;&#8221;,&#8221;title_content&#8221;:{&#8220;component&#8221;:&#8221;hc_title_base&#8221;,&#8221;id&#8221;:&#8221;title-base&#8221;,&#8221;image&#8221;:&#8221;&#8221;,&#8221;breadcrumbs&#8221;:true,&#8221;white&#8221;:false}},&#8221;section_HY5f8&#8243;:{&#8220;component&#8221;:&#8221;hc_section&#8221;,&#8221;id&#8221;:&#8221;section_HY5f8&#8243;,&#8221;section_width&#8221;:&#8221;&#8221;,&#8221;animation&#8221;:&#8221;&#8221;,&#8221;animation_time&#8221;:&#8221;&#8221;,&#8221;timeline_animation&#8221;:&#8221;&#8221;,&#8221;timeline_delay&#8221;:&#8221;&#8221;,&#8221;timeline_order&#8221;:&#8221;&#8221;,&#8221;vertical_row&#8221;:&#8221;&#8221;,&#8221;box_middle&#8221;:&#8221;&#8221;,&#8221;css_classes&#8221;:&#8221;&#8221;,&#8221;custom_css_classes&#8221;:&#8221;&#8221;,&#8221;custom_css_styles&#8221;:&#8221;&#8221;,&#8221;section_content&#8221;:[{&#8220;component&#8221;:&#8221;hc_column&#8221;,&#8221;id&#8221;:&#8221;ATNNm&#8221;,&#8221;column_width&#8221;:&#8221;col-md-8&#8243;,&#8221;animation&#8221;:&#8221;&#8221;,&#8221;animation_time&#8221;:&#8221;&#8221;,&#8221;timeline_animation&#8221;:&#8221;&#8221;,&#8221;timeline_delay&#8221;:&#8221;&#8221;,&#8221;timeline_order&#8221;:&#8221;&#8221;,&#8221;css_classes&#8221;:&#8221;&#8221;,&#8221;custom_css_classes&#8221;:&#8221;&#8221;,&#8221;custom_css_styles&#8221;:&#8221;&#8221;,&#8221;main_content&#8221;:[{&#8220;component&#8221;:&#8221;hc_wp_editor&#8221;,&#8221;id&#8221;:&#8221;XAJfO&#8221;,&#8221;css_classes&#8221;:&#8221;&#8221;,&#8221;custom_css_classes&#8221;:&#8221;&#8221;,&#8221;custom_css_styles&#8221;:&#8221;&#8221;,&#8221;editor_content&#8221;:&#8221;<strong>Manufacturing companies want to increase efficiency, so they are increasingly incorporating collaborative robots into the production process. This way, they gain all the benefits that automation of strict and logistics brings. BTS Company has developed the mobile cells MC100 and MC200 for this purpose.<\/strong>\\n\\nThe mobile cell with a collaborative robot increases efficiency and flexibility in production and allows the robotized handling to autonomously perform production of smaller batches, for example in additional orders. The compact and mobile design of the robotic cell offers the highest flexibility in production and access to production machines. Therefore, we have developed our own mobile cell with a collaborative robot in two basic versions <strong>MC100<\/strong> and <strong>MC200<\/strong>.&#8221;},{&#8220;component&#8221;:&#8221;hc_image&#8221;,&#8221;id&#8221;:&#8221;rbDBZ&#8221;,&#8221;css_classes&#8221;:&#8221;&#8221;,&#8221;custom_css_classes&#8221;:&#8221;&#8221;,&#8221;custom_css_styles&#8221;:&#8221;&#8221;,&#8221;image&#8221;:&#8221;https:\/\/www.bts-company.com\/wp-content\/uploads\/2023\/11\/MC_skupna_n_560.thumb-560&#215;337-1.jpg|337|560|100003085&#8243;,&#8221;alt&#8221;:&#8221;&#8221;,&#8221;thumb_size&#8221;:&#8221;large&#8221;},{&#8220;component&#8221;:&#8221;hc_wp_editor&#8221;,&#8221;id&#8221;:&#8221;bKjLk&#8221;,&#8221;css_classes&#8221;:&#8221;&#8221;,&#8221;custom_css_classes&#8221;:&#8221;&#8221;,&#8221;custom_css_styles&#8221;:&#8221;&#8221;,&#8221;editor_content&#8221;:&#8221;Mobilna \u0107elija je dizajnirana za strogo pri obradnim strojevima, rezanju, oblikovanju, bru\u0161enju, poliranju i zavarivanju. \u0106elija se sastoji od kolaborativnog robota, baze i transportnih ili stacionarnih spremi\u0161ta. Trenutno u \u0107eliju ugra\u0111ujemo kolaborativne robote Hanhwa HCR s nosivo\u0161\u0107u od 3 kg, 5 kg ili 12 kg.\\n\\nU mobilnoj \u0107eliji MC100 logistika je zami\u0161ljena za ru\u010dno nadopunjavanje transportnih spremi\u0161ta, dok je u mobilnoj \u0107eliji MC200 logistika osmi\u0161ljena za automatsko nadopunjavanje pomo\u0107u autonomnih mobilnih robota AMR MIR250.&#8221;},{&#8220;component&#8221;:&#8221;hc_space&#8221;,&#8221;id&#8221;:&#8221;ODbxW&#8221;,&#8221;css_classes&#8221;:&#8221;&#8221;,&#8221;custom_css_classes&#8221;:&#8221;&#8221;,&#8221;custom_css_styles&#8221;:&#8221;&#8221;,&#8221;size&#8221;:&#8221;xs&#8221;,&#8221;height&#8221;:&#8221;&#8221;},{&#8220;component&#8221;:&#8221;hc_button&#8221;,&#8221;id&#8221;:&#8221;OasmY&#8221;,&#8221;css_classes&#8221;:&#8221;&#8221;,&#8221;custom_css_classes&#8221;:&#8221;&#8221;,&#8221;custom_css_styles&#8221;:&#8221;&#8221;,&#8221;icon&#8221;:&#8221;&#8221;,&#8221;style&#8221;:&#8221;square&#8221;,&#8221;size&#8221;:&#8221;&#8221;,&#8221;position&#8221;:&#8221;left&#8221;,&#8221;animation&#8221;:false,&#8221;text&#8221;:&#8221;Video MC200&#8243;,&#8221;link_type&#8221;:&#8221;classic&#8221;,&#8221;lightbox_animation&#8221;:&#8221;&#8221;,&#8221;caption&#8221;:&#8221;&#8221;,&#8221;inner_caption&#8221;:false,&#8221;new_window&#8221;:true,&#8221;link&#8221;:&#8221;https:\/\/youtu.be\/Nd0GjfGElFA&#8221;,&#8221;link_content&#8221;:[],&#8221;lightbox_size&#8221;:&#8221;&#8221;,&#8221;scrollbox&#8221;:false},{&#8220;component&#8221;:&#8221;hc_space&#8221;,&#8221;id&#8221;:&#8221;QgZWL&#8221;,&#8221;css_classes&#8221;:&#8221;&#8221;,&#8221;custom_css_classes&#8221;:&#8221;&#8221;,&#8221;custom_css_styles&#8221;:&#8221;&#8221;,&#8221;size&#8221;:&#8221;xs&#8221;,&#8221;height&#8221;:&#8221;&#8221;},{&#8220;component&#8221;:&#8221;hc_button&#8221;,&#8221;id&#8221;:&#8221;r85LY&#8221;,&#8221;css_classes&#8221;:&#8221;&#8221;,&#8221;custom_css_classes&#8221;:&#8221;&#8221;,&#8221;custom_css_styles&#8221;:&#8221;&#8221;,&#8221;icon&#8221;:&#8221;&#8221;,&#8221;style&#8221;:&#8221;square&#8221;,&#8221;size&#8221;:&#8221;&#8221;,&#8221;position&#8221;:&#8221;left&#8221;,&#8221;animation&#8221;:false,&#8221;text&#8221;:&#8221;Prospekt&#8221;,&#8221;link_type&#8221;:&#8221;classic&#8221;,&#8221;lightbox_animation&#8221;:&#8221;&#8221;,&#8221;caption&#8221;:&#8221;&#8221;,&#8221;inner_caption&#8221;:false,&#8221;new_window&#8221;:true,&#8221;link&#8221;:&#8221;https:\/\/www.bts-company.com\/wp-content\/uploads\/2016\/12\/MC100_letak_slo_A4.pdf&#8221;,&#8221;link_content&#8221;:[],&#8221;lightbox_size&#8221;:&#8221;&#8221;,&#8221;scrollbox&#8221;:false},{&#8220;component&#8221;:&#8221;hc_wp_editor&#8221;,&#8221;id&#8221;:&#8221;LxyiE&#8221;,&#8221;css_classes&#8221;:&#8221;&#8221;,&#8221;custom_css_classes&#8221;:&#8221;&#8221;,&#8221;custom_css_styles&#8221;:&#8221;&#8221;,&#8221;editor_content&#8221;:&#8221;Bazna postaja je sastavljena od osnovnog okvira na koji je pri\u010dvr\u0161\u0107en kolaborativni robot s robotskim kontrolerom. Opremljena je sustavom za pozicioniranje i priklju\u010divanje spremnika. Baznu postaju je mogu\u0107e nadograditi s brojnim opcijama.\\n\\nPomo\u0107u ru\u010dnog paletnog vilju\u0161kara, mogu\u0107e je mobilnu stanicu premjestiti na bilo koje radno mjesto u proizvodnji.&#8221;}]},{&#8220;component&#8221;:&#8221;hc_column&#8221;,&#8221;id&#8221;:&#8221;column_5ZtkF&#8221;,&#8221;column_width&#8221;:&#8221;col-md-4&#8243;,&#8221;animation&#8221;:&#8221;&#8221;,&#8221;animation_time&#8221;:&#8221;&#8221;,&#8221;timeline_animation&#8221;:&#8221;&#8221;,&#8221;timeline_delay&#8221;:&#8221;&#8221;,&#8221;timeline_order&#8221;:&#8221;&#8221;,&#8221;css_classes&#8221;:&#8221;boxed-inverse &#8220;,&#8221;custom_css_classes&#8221;:&#8221;&#8221;,&#8221;custom_css_styles&#8221;:&#8221;&#8221;,&#8221;main_content&#8221;:[{&#8220;component&#8221;:&#8221;hc_title_tag&#8221;,&#8221;id&#8221;:&#8221;fdxJg&#8221;,&#8221;css_classes&#8221;:&#8221;&#8221;,&#8221;custom_css_classes&#8221;:&#8221;text-normal&#8221;,&#8221;custom_css_styles&#8221;:&#8221;&#8221;,&#8221;text&#8221;:&#8221;Stupite u kontakt s nama&#8221;,&#8221;tag&#8221;:&#8221;h4&#8243;},{&#8220;component&#8221;:&#8221;hc_text_block&#8221;,&#8221;id&#8221;:&#8221;suFGi&#8221;,&#8221;css_classes&#8221;:&#8221;&#8221;,&#8221;custom_css_classes&#8221;:&#8221;&#8221;,&#8221;custom_css_styles&#8221;:&#8221;&#8221;,&#8221;content&#8221;:&#8221;Kontaktirajte nas, odgovorit \u0107emo vam u najkra\u0107em mogu\u0107em roku.&#8221;},{&#8220;component&#8221;:&#8221;hc_button&#8221;,&#8221;id&#8221;:&#8221;qsRx5&#8243;,&#8221;css_classes&#8221;:&#8221;&#8221;,&#8221;custom_css_classes&#8221;:&#8221;&#8221;,&#8221;custom_css_styles&#8221;:&#8221;&#8221;,&#8221;icon&#8221;:&#8221;&#8221;,&#8221;style&#8221;:&#8221;link&#8221;,&#8221;size&#8221;:&#8221;&#8221;,&#8221;position&#8221;:&#8221;left&#8221;,&#8221;animation&#8221;:false,&#8221;text&#8221;:&#8221;Kontakt&#8221;,&#8221;link_type&#8221;:&#8221;classic&#8221;,&#8221;lightbox_animation&#8221;:&#8221;&#8221;,&#8221;caption&#8221;:&#8221;&#8221;,&#8221;inner_caption&#8221;:false,&#8221;new_window&#8221;:false,&#8221;link&#8221;:&#8221;\/kontakt&#8221;,&#8221;link_content&#8221;:[],&#8221;lightbox_size&#8221;:&#8221;&#8221;,&#8221;scrollbox&#8221;:false},{&#8220;component&#8221;:&#8221;hc_space&#8221;,&#8221;id&#8221;:&#8221;3u01D&#8221;,&#8221;css_classes&#8221;:&#8221;&#8221;,&#8221;custom_css_classes&#8221;:&#8221;&#8221;,&#8221;custom_css_styles&#8221;:&#8221;&#8221;,&#8221;size&#8221;:&#8221;m&#8221;,&#8221;height&#8221;:&#8221;&#8221;},{&#8220;component&#8221;:&#8221;hc_title_tag&#8221;,&#8221;id&#8221;:&#8221;nsgvM&#8221;,&#8221;css_classes&#8221;:&#8221;&#8221;,&#8221;custom_css_classes&#8221;:&#8221;text-normal&#8221;,&#8221;custom_css_styles&#8221;:&#8221;&#8221;,&#8221;text&#8221;:&#8221;Kontakt informacije.&#8221;,&#8221;tag&#8221;:&#8221;h4&#8243;},{&#8220;component&#8221;:&#8221;hc_space&#8221;,&#8221;id&#8221;:&#8221;KCcEm&#8221;,&#8221;css_classes&#8221;:&#8221;&#8221;,&#8221;custom_css_classes&#8221;:&#8221;&#8221;,&#8221;custom_css_styles&#8221;:&#8221;&#8221;,&#8221;size&#8221;:&#8221;xs&#8221;,&#8221;height&#8221;:&#8221;&#8221;},{&#8220;component&#8221;:&#8221;hc_text_list&#8221;,&#8221;id&#8221;:&#8221;Ue3qY&#8221;,&#8221;css_classes&#8221;:&#8221;&#8221;,&#8221;custom_css_classes&#8221;:&#8221;&#8221;,&#8221;custom_css_styles&#8221;:&#8221;&#8221;,&#8221;rows&#8221;:[{&#8220;component&#8221;:&#8221;repeater_item&#8221;,&#8221;id&#8221;:&#8221;4UlBG&#8221;,&#8221;image_link&#8221;:&#8221;&#8221;,&#8221;title&#8221;:&#8221;Naslov&#8221;,&#8221;subtitle&#8221;:&#8221;Bratislavska 5, SI-1000 Ljubljana&#8221;,&#8221;extra&#8221;:&#8221;&#8221;},{&#8220;component&#8221;:&#8221;repeater_item&#8221;,&#8221;id&#8221;:&#8221;FjGNK&#8221;,&#8221;image_link&#8221;:&#8221;&#8221;,&#8221;title&#8221;:&#8221;Telefon&#8221;,&#8221;subtitle&#8221;:&#8221;+386 (0)1 58 41 400&#8243;,&#8221;extra&#8221;:&#8221;&#8221;},{&#8220;component&#8221;:&#8221;repeater_item&#8221;,&#8221;id&#8221;:&#8221;7dgbt&#8221;,&#8221;image_link&#8221;:&#8221;&#8221;,&#8221;title&#8221;:&#8221;Naslov&#8221;,&#8221;subtitle&#8221;:&#8221;info@bts-company.si&#8221;,&#8221;extra&#8221;:&#8221;&#8221;},{&#8220;component&#8221;:&#8221;repeater_item&#8221;,&#8221;id&#8221;:&#8221;JFAro&#8221;,&#8221;image_link&#8221;:&#8221;&#8221;,&#8221;title&#8221;:&#8221;Radno vrijeme&#8221;,&#8221;subtitle&#8221;:&#8221;Pon &#8211; Pet: 8.00 &#8211; 16:00&#8243;,&#8221;extra&#8221;:&#8221;&#8221;}],&#8221;style&#8221;:&#8221;style_2&#8243;,&#8221;animation&#8221;:&#8221;&#8221;,&#8221;show_images&#8221;:false}]}],&#8221;section_settings&#8221;:&#8221;&#8221;},&#8221;scripts&#8221;:{},&#8221;css&#8221;:{},&#8221;css_page&#8221;:&#8221;&#8221;,&#8221;template_setting&#8221;:{&#8220;settings&#8221;:{&#8220;id&#8221;:&#8221;settings&#8221;}},&#8221;template_setting_top&#8221;:{},&#8221;page_setting&#8221;:{&#8220;settings&#8221;:[&#8220;lock-mode-off&#8221;]}}<\/p>\n","protected":false},"excerpt":{"rendered":"<p>{&#8220;main-title&#8221;:{&#8220;component&#8221;:&#8221;hc_title&#8221;,&#8221;id&#8221;:&#8221;main-title&#8221;,&#8221;title&#8221;:&#8221;\u010cesto postavljana pitanja&#8221;,&#8221;subtitle&#8221;:&#8221;&#8221;,&#8221;title_content&#8221;:{&#8220;component&#8221;:&#8221;hc_title_base&#8221;,&#8221;id&#8221;:&#8221;title-base&#8221;,&#8221;image&#8221;:&#8221;&#8221;,&#8221;breadcrumbs&#8221;:true,&#8221;white&#8221;:false}},&#8221;section_HY5f8&#8243;:{&#8220;component&#8221;:&#8221;hc_section&#8221;,&#8221;id&#8221;:&#8221;section_HY5f8&#8243;,&#8221;section_width&#8221;:&#8221;&#8221;,&#8221;animation&#8221;:&#8221;&#8221;,&#8221;animation_time&#8221;:&#8221;&#8221;,&#8221;timeline_animation&#8221;:&#8221;&#8221;,&#8221;timeline_delay&#8221;:&#8221;&#8221;,&#8221;timeline_order&#8221;:&#8221;&#8221;,&#8221;vertical_row&#8221;:&#8221;&#8221;,&#8221;box_middle&#8221;:&#8221;&#8221;,&#8221;css_classes&#8221;:&#8221;&#8221;,&#8221;custom_css_classes&#8221;:&#8221;&#8221;,&#8221;custom_css_styles&#8221;:&#8221;&#8221;,&#8221;section_content&#8221;:[{&#8220;component&#8221;:&#8221;hc_column&#8221;,&#8221;id&#8221;:&#8221;ATNNm&#8221;,&#8221;column_width&#8221;:&#8221;col-md-8&#8243;,&#8221;animation&#8221;:&#8221;&#8221;,&#8221;animation_time&#8221;:&#8221;&#8221;,&#8221;timeline_animation&#8221;:&#8221;&#8221;,&#8221;timeline_delay&#8221;:&#8221;&#8221;,&#8221;timeline_order&#8221;:&#8221;&#8221;,&#8221;css_classes&#8221;:&#8221;&#8221;,&#8221;custom_css_classes&#8221;:&#8221;&#8221;,&#8221;custom_css_styles&#8221;:&#8221;&#8221;,&#8221;main_content&#8221;:[{&#8220;component&#8221;:&#8221;hc_wp_editor&#8221;,&#8221;id&#8221;:&#8221;XAJfO&#8221;,&#8221;css_classes&#8221;:&#8221;&#8221;,&#8221;custom_css_classes&#8221;:&#8221;&#8221;,&#8221;custom_css_styles&#8221;:&#8221;&#8221;,&#8221;editor_content&#8221;:&#8221;Manufacturing companies want to increase efficiency, so they are increasingly incorporating collaborative robots into the production process. This way, they gain all the benefits that automation of strict and logistics brings. BTS Company has developed the mobile cells MC100 and MC200 for this purpose.\\n\\nThe mobile cell with a collaborative robot increases efficiency and [&hellip;]<\/p>\n","protected":false},"author":1,"featured_media":0,"parent":0,"menu_order":0,"comment_status":"closed","ping_status":"closed","template":"","meta":{"_acf_changed":false,"inline_featured_image":false,"footnotes":""},"class_list":["post-100004927","page","type-page","status-publish","hentry"],"acf":[],"yoast_head":"<!-- This site is optimized with the Yoast SEO plugin v25.3.1 - https:\/\/yoast.com\/wordpress\/plugins\/seo\/ -->\n<title>Ekonomi\u010dna mobilna \u0107elija s kolaborativnim robotom za automatizirano vezivanje obradnih strojeva - BTS Company<\/title>\n<meta name=\"description\" content=\"Zato smo za tu svrhu razvili vlastitu mobilnu \u0107eliju s kolaborativnim robotom u dvije osnovne varijante MC100 i MC200.\" \/>\n<meta name=\"robots\" content=\"index, follow, max-snippet:-1, max-image-preview:large, max-video-preview:-1\" \/>\n<link rel=\"canonical\" href=\"https:\/\/www.bts-company.com\/hr\/ekonomicna-mobilna-celica-s-kolaborativnim-robotom-za-avtomatizirano-strego-obdelovalnih-strojev\/\" \/>\n<meta property=\"og:locale\" content=\"hr_HR\" \/>\n<meta property=\"og:type\" content=\"article\" \/>\n<meta property=\"og:title\" content=\"Ekonomi\u010dna mobilna \u0107elija s kolaborativnim robotom za automatizirano vezivanje obradnih strojeva - BTS Company\" \/>\n<meta property=\"og:description\" content=\"Zato smo za tu svrhu razvili vlastitu mobilnu \u0107eliju s kolaborativnim robotom u dvije osnovne varijante MC100 i MC200.\" \/>\n<meta property=\"og:url\" content=\"https:\/\/www.bts-company.com\/hr\/ekonomicna-mobilna-celica-s-kolaborativnim-robotom-za-avtomatizirano-strego-obdelovalnih-strojev\/\" \/>\n<meta property=\"og:site_name\" content=\"BTS Company\" \/>\n<meta property=\"article:publisher\" content=\"https:\/\/www.facebook.com\/people\/BTS-Company\/100090605649436\/\" \/>\n<meta property=\"article:modified_time\" content=\"2024-06-06T10:19:29+00:00\" \/>\n<meta property=\"og:image\" content=\"https:\/\/www.bts-company.com\/wp-content\/uploads\/2016\/12\/bts-company-logo.png\" \/>\n\t<meta property=\"og:image:width\" content=\"1162\" \/>\n\t<meta property=\"og:image:height\" content=\"461\" \/>\n\t<meta property=\"og:image:type\" content=\"image\/png\" \/>\n<meta name=\"twitter:card\" content=\"summary_large_image\" \/>\n<meta name=\"twitter:label1\" content=\"Procijenjeno vrijeme \u010ditanja\" \/>\n\t<meta name=\"twitter:data1\" content=\"2 minute\" \/>\n<script type=\"application\/ld+json\" class=\"yoast-schema-graph\">{\"@context\":\"https:\/\/schema.org\",\"@graph\":[{\"@type\":\"WebPage\",\"@id\":\"https:\/\/www.bts-company.com\/hr\/ekonomicna-mobilna-celica-s-kolaborativnim-robotom-za-avtomatizirano-strego-obdelovalnih-strojev\/\",\"url\":\"https:\/\/www.bts-company.com\/hr\/ekonomicna-mobilna-celica-s-kolaborativnim-robotom-za-avtomatizirano-strego-obdelovalnih-strojev\/\",\"name\":\"Ekonomi\u010dna mobilna \u0107elija s kolaborativnim robotom za automatizirano vezivanje obradnih strojeva - BTS Company\",\"isPartOf\":{\"@id\":\"https:\/\/www.bts-company.com\/hr\/#website\"},\"datePublished\":\"2023-11-03T12:43:58+00:00\",\"dateModified\":\"2024-06-06T10:19:29+00:00\",\"description\":\"Zato smo za tu svrhu razvili vlastitu mobilnu \u0107eliju s kolaborativnim robotom u dvije osnovne varijante MC100 i MC200.\",\"breadcrumb\":{\"@id\":\"https:\/\/www.bts-company.com\/hr\/ekonomicna-mobilna-celica-s-kolaborativnim-robotom-za-avtomatizirano-strego-obdelovalnih-strojev\/#breadcrumb\"},\"inLanguage\":\"hr\",\"potentialAction\":[{\"@type\":\"ReadAction\",\"target\":[\"https:\/\/www.bts-company.com\/hr\/ekonomicna-mobilna-celica-s-kolaborativnim-robotom-za-avtomatizirano-strego-obdelovalnih-strojev\/\"]}]},{\"@type\":\"BreadcrumbList\",\"@id\":\"https:\/\/www.bts-company.com\/hr\/ekonomicna-mobilna-celica-s-kolaborativnim-robotom-za-avtomatizirano-strego-obdelovalnih-strojev\/#breadcrumb\",\"itemListElement\":[{\"@type\":\"ListItem\",\"position\":1,\"name\":\"\",\"item\":\"https:\/\/www.bts-company.com\/hr\/\"},{\"@type\":\"ListItem\",\"position\":2,\"name\":\"Ekonomi\u010dna mobilna \u0107elija s kolaborativnim robotom za automatizirano vezivanje obradnih strojeva\"}]},{\"@type\":\"WebSite\",\"@id\":\"https:\/\/www.bts-company.com\/hr\/#website\",\"url\":\"https:\/\/www.bts-company.com\/hr\/\",\"name\":\"BTS Company\",\"description\":\"CNC stroji in orodja\",\"publisher\":{\"@id\":\"https:\/\/www.bts-company.com\/hr\/#organization\"},\"potentialAction\":[{\"@type\":\"SearchAction\",\"target\":{\"@type\":\"EntryPoint\",\"urlTemplate\":\"https:\/\/www.bts-company.com\/hr\/?s={search_term_string}\"},\"query-input\":{\"@type\":\"PropertyValueSpecification\",\"valueRequired\":true,\"valueName\":\"search_term_string\"}}],\"inLanguage\":\"hr\"},{\"@type\":\"Organization\",\"@id\":\"https:\/\/www.bts-company.com\/hr\/#organization\",\"name\":\"BTS Company\",\"url\":\"https:\/\/www.bts-company.com\/hr\/\",\"logo\":{\"@type\":\"ImageObject\",\"inLanguage\":\"hr\",\"@id\":\"https:\/\/www.bts-company.com\/hr\/#\/schema\/logo\/image\/\",\"url\":\"https:\/\/www.bts-company.com\/wp-content\/uploads\/2016\/12\/cropped-bts-company-logo-01.png\",\"contentUrl\":\"https:\/\/www.bts-company.com\/wp-content\/uploads\/2016\/12\/cropped-bts-company-logo-01.png\",\"width\":512,\"height\":512,\"caption\":\"BTS Company\"},\"image\":{\"@id\":\"https:\/\/www.bts-company.com\/hr\/#\/schema\/logo\/image\/\"},\"sameAs\":[\"https:\/\/www.facebook.com\/people\/BTS-Company\/100090605649436\/\"]}]}<\/script>\n<!-- \/ Yoast SEO plugin. -->","yoast_head_json":{"title":"Ekonomi\u010dna mobilna \u0107elija s kolaborativnim robotom za automatizirano vezivanje obradnih strojeva - BTS Company","description":"Zato smo za tu svrhu razvili vlastitu mobilnu \u0107eliju s kolaborativnim robotom u dvije osnovne varijante MC100 i MC200.","robots":{"index":"index","follow":"follow","max-snippet":"max-snippet:-1","max-image-preview":"max-image-preview:large","max-video-preview":"max-video-preview:-1"},"canonical":"https:\/\/www.bts-company.com\/hr\/ekonomicna-mobilna-celica-s-kolaborativnim-robotom-za-avtomatizirano-strego-obdelovalnih-strojev\/","og_locale":"hr_HR","og_type":"article","og_title":"Ekonomi\u010dna mobilna \u0107elija s kolaborativnim robotom za automatizirano vezivanje obradnih strojeva - BTS Company","og_description":"Zato smo za tu svrhu razvili vlastitu mobilnu \u0107eliju s kolaborativnim robotom u dvije osnovne varijante MC100 i MC200.","og_url":"https:\/\/www.bts-company.com\/hr\/ekonomicna-mobilna-celica-s-kolaborativnim-robotom-za-avtomatizirano-strego-obdelovalnih-strojev\/","og_site_name":"BTS Company","article_publisher":"https:\/\/www.facebook.com\/people\/BTS-Company\/100090605649436\/","article_modified_time":"2024-06-06T10:19:29+00:00","og_image":[{"width":1162,"height":461,"url":"https:\/\/www.bts-company.com\/wp-content\/uploads\/2016\/12\/bts-company-logo.png","type":"image\/png"}],"twitter_card":"summary_large_image","twitter_misc":{"Procijenjeno vrijeme \u010ditanja":"2 minute"},"schema":{"@context":"https:\/\/schema.org","@graph":[{"@type":"WebPage","@id":"https:\/\/www.bts-company.com\/hr\/ekonomicna-mobilna-celica-s-kolaborativnim-robotom-za-avtomatizirano-strego-obdelovalnih-strojev\/","url":"https:\/\/www.bts-company.com\/hr\/ekonomicna-mobilna-celica-s-kolaborativnim-robotom-za-avtomatizirano-strego-obdelovalnih-strojev\/","name":"Ekonomi\u010dna mobilna \u0107elija s kolaborativnim robotom za automatizirano vezivanje obradnih strojeva - BTS Company","isPartOf":{"@id":"https:\/\/www.bts-company.com\/hr\/#website"},"datePublished":"2023-11-03T12:43:58+00:00","dateModified":"2024-06-06T10:19:29+00:00","description":"Zato smo za tu svrhu razvili vlastitu mobilnu \u0107eliju s kolaborativnim robotom u dvije osnovne varijante MC100 i MC200.","breadcrumb":{"@id":"https:\/\/www.bts-company.com\/hr\/ekonomicna-mobilna-celica-s-kolaborativnim-robotom-za-avtomatizirano-strego-obdelovalnih-strojev\/#breadcrumb"},"inLanguage":"hr","potentialAction":[{"@type":"ReadAction","target":["https:\/\/www.bts-company.com\/hr\/ekonomicna-mobilna-celica-s-kolaborativnim-robotom-za-avtomatizirano-strego-obdelovalnih-strojev\/"]}]},{"@type":"BreadcrumbList","@id":"https:\/\/www.bts-company.com\/hr\/ekonomicna-mobilna-celica-s-kolaborativnim-robotom-za-avtomatizirano-strego-obdelovalnih-strojev\/#breadcrumb","itemListElement":[{"@type":"ListItem","position":1,"name":"","item":"https:\/\/www.bts-company.com\/hr\/"},{"@type":"ListItem","position":2,"name":"Ekonomi\u010dna mobilna \u0107elija s kolaborativnim robotom za automatizirano vezivanje obradnih strojeva"}]},{"@type":"WebSite","@id":"https:\/\/www.bts-company.com\/hr\/#website","url":"https:\/\/www.bts-company.com\/hr\/","name":"BTS Company","description":"CNC stroji in orodja","publisher":{"@id":"https:\/\/www.bts-company.com\/hr\/#organization"},"potentialAction":[{"@type":"SearchAction","target":{"@type":"EntryPoint","urlTemplate":"https:\/\/www.bts-company.com\/hr\/?s={search_term_string}"},"query-input":{"@type":"PropertyValueSpecification","valueRequired":true,"valueName":"search_term_string"}}],"inLanguage":"hr"},{"@type":"Organization","@id":"https:\/\/www.bts-company.com\/hr\/#organization","name":"BTS Company","url":"https:\/\/www.bts-company.com\/hr\/","logo":{"@type":"ImageObject","inLanguage":"hr","@id":"https:\/\/www.bts-company.com\/hr\/#\/schema\/logo\/image\/","url":"https:\/\/www.bts-company.com\/wp-content\/uploads\/2016\/12\/cropped-bts-company-logo-01.png","contentUrl":"https:\/\/www.bts-company.com\/wp-content\/uploads\/2016\/12\/cropped-bts-company-logo-01.png","width":512,"height":512,"caption":"BTS Company"},"image":{"@id":"https:\/\/www.bts-company.com\/hr\/#\/schema\/logo\/image\/"},"sameAs":["https:\/\/www.facebook.com\/people\/BTS-Company\/100090605649436\/"]}]}},"_links":{"self":[{"href":"https:\/\/www.bts-company.com\/hr\/wp-json\/wp\/v2\/pages\/100004927","targetHints":{"allow":["GET"]}}],"collection":[{"href":"https:\/\/www.bts-company.com\/hr\/wp-json\/wp\/v2\/pages"}],"about":[{"href":"https:\/\/www.bts-company.com\/hr\/wp-json\/wp\/v2\/types\/page"}],"author":[{"embeddable":true,"href":"https:\/\/www.bts-company.com\/hr\/wp-json\/wp\/v2\/users\/1"}],"replies":[{"embeddable":true,"href":"https:\/\/www.bts-company.com\/hr\/wp-json\/wp\/v2\/comments?post=100004927"}],"version-history":[{"count":1,"href":"https:\/\/www.bts-company.com\/hr\/wp-json\/wp\/v2\/pages\/100004927\/revisions"}],"predecessor-version":[{"id":100009440,"href":"https:\/\/www.bts-company.com\/hr\/wp-json\/wp\/v2\/pages\/100004927\/revisions\/100009440"}],"wp:attachment":[{"href":"https:\/\/www.bts-company.com\/hr\/wp-json\/wp\/v2\/media?parent=100004927"}],"curies":[{"name":"wp","href":"https:\/\/api.w.org\/{rel}","templated":true}]}}