{"id":100009443,"date":"2023-06-13T08:03:24","date_gmt":"2023-06-13T06:03:24","guid":{"rendered":"https:\/\/www.bts-company.com\/politika-kolacica\/"},"modified":"2023-06-13T08:03:24","modified_gmt":"2023-06-13T06:03:24","slug":"politika-kolacica","status":"publish","type":"page","link":"https:\/\/www.bts-company.com\/hr\/politika-kolacica\/","title":{"rendered":"Politika kola\u010di\u0107a"},"content":{"rendered":"<p>{&#8220;main-title&#8221;:{&#8220;component&#8221;:&#8221;hc_title&#8221;,&#8221;id&#8221;:&#8221;main-title&#8221;,&#8221;title&#8221;:&#8221;\u010cesto postavljana pitanja&#8221;,&#8221;subtitle&#8221;:&#8221;&#8221;,&#8221;title_content&#8221;:{&#8220;component&#8221;:&#8221;hc_title_base&#8221;,&#8221;id&#8221;:&#8221;title-base&#8221;,&#8221;image&#8221;:&#8221;&#8221;,&#8221;breadcrumbs&#8221;:true,&#8221;white&#8221;:false}},&#8221;section_HY5f8&#8243;:{&#8220;component&#8221;:&#8221;hc_section&#8221;,&#8221;id&#8221;:&#8221;section_HY5f8&#8243;,&#8221;section_width&#8221;:&#8221;&#8221;,&#8221;animation&#8221;:&#8221;&#8221;,&#8221;animation_time&#8221;:&#8221;&#8221;,&#8221;timeline_animation&#8221;:&#8221;&#8221;,&#8221;timeline_delay&#8221;:&#8221;&#8221;,&#8221;timeline_order&#8221;:&#8221;&#8221;,&#8221;vertical_row&#8221;:&#8221;&#8221;,&#8221;box_middle&#8221;:&#8221;&#8221;,&#8221;css_classes&#8221;:&#8221;&#8221;,&#8221;custom_css_classes&#8221;:&#8221;&#8221;,&#8221;custom_css_styles&#8221;:&#8221;&#8221;,&#8221;section_content&#8221;:[{&#8220;component&#8221;:&#8221;hc_column&#8221;,&#8221;id&#8221;:&#8221;ATNNm&#8221;,&#8221;column_width&#8221;:&#8221;col-md-8&#8243;,&#8221;animation&#8221;:&#8221;&#8221;,&#8221;animation_time&#8221;:&#8221;&#8221;,&#8221;timeline_animation&#8221;:&#8221;&#8221;,&#8221;timeline_delay&#8221;:&#8221;&#8221;,&#8221;timeline_order&#8221;:&#8221;&#8221;,&#8221;css_classes&#8221;:&#8221;&#8221;,&#8221;custom_css_classes&#8221;:&#8221;&#8221;,&#8221;custom_css_styles&#8221;:&#8221;&#8221;,&#8221;main_content&#8221;:[{&#8220;component&#8221;:&#8221;hc_wp_editor&#8221;,&#8221;id&#8221;:&#8221;XAJfO&#8221;,&#8221;css_classes&#8221;:&#8221;&#8221;,&#8221;custom_css_classes&#8221;:&#8221;&#8221;,&#8221;custom_css_styles&#8221;:&#8221;&#8221;,&#8221;editor_content&#8221;:&#8221;<\/p>\n<h3>\u0160to su kola\u010di\u0107i?<\/h3>\n<p>\\nKola\u010di\u0107i su male tekstualne datoteke koje ve\u0107ina web stranica sprema u ure\u0111aje korisnika putem kojih pristupaju internetu s ciljem prepoznavanja pojedinih ure\u0111aja koje su korisnici koristili prilikom pristupa. Njihovo spremanje je pod potpunom kontrolom preglednika koji koristi korisnik &#8211; korisnik mo\u017ee po \u017eelji ograni\u010diti ili onemogu\u0107iti spremanje kola\u010di\u0107a.\\n\\n&nbsp;\\n<\/p>\n<h3>Za\u0161to su kola\u010di\u0107i potrebni?<\/h3>\n<p>\\nKola\u010di\u0107i su temeljno va\u017eni za pru\u017eanje korisni\u010dkih uslu\u017enih web stranica. Naj\u010de\u0161\u0107e funkcije e-trgovine ne bi bile mogu\u0107e bez kola\u010di\u0107a. Interakcija izme\u0111u web korisnika i web stranice br\u017ea je i jednostavnija uz pomo\u0107 kola\u010di\u0107a. Pomo\u0107u njih se web stranica sje\u0107a korisnikovih preferencija i iskustava, \u010dime se \u0161tedi vrijeme, a pregledavanje web stranica postaje u\u010dinkovitije i ugodnije.\\n\\n&nbsp;\\n<\/p>\n<h3>Za\u0161to web stranice koriste kola\u010di\u0107e?<\/h3>\n<p>\\nVe\u0107ina web stranica koristi kola\u010di\u0107e jer su prakti\u010dno sredstvo za odr\u017eavanje svje\u017eeg i relevantnog sadr\u017eaja koji je u skladu s interesima i preferencijama pojedinog web korisnika. Razlozi za kori\u0161tenje kola\u010di\u0107a su raznoliki, prije svega njihova sposobnost \u010duvanja podataka o stanju pojedine web stranice (detalji o prilagodbama pojedine web stranice), poma\u017eu u pru\u017eanju raznih web usluga (web trgovine), poma\u017eu u prikupljanju raznih statistika o navikama web korisnika &#8211; jer se samo s njima mo\u017ee pratiti u\u010destalost posje\u0107ivanja odre\u0111ene web stranice. Tvrtke mogu putem kola\u010di\u0107a procijeniti u\u010dinkovitost dizajna svojih web stranica, kao i prikladnost vrste i broja oglasa koje nude korisnicima na svojim web stranicama.\\n\\n&nbsp;\\n<\/p>\n<h3>Popis kola\u010di\u0107a koji se koriste na ovoj stranici<\/h3>\n<p>\\n<\/p>\n<table class='table'>\\n<\/p>\n<thead>\\n<\/p>\n<tr>\\n<\/p>\n<th width='25%'>Ime kola\u010di\u0107a<\/th>\n<p>\\n<\/p>\n<th>Vrijeme isteka<\/th>\n<p>\\n<\/p>\n<th>Opis<\/th>\n<p>\\n<\/tr>\n<p>\\n<\/thead>\n<p>\\n<\/p>\n<tbody>\\n<\/p>\n<tr>\\n<\/p>\n<td><code dir='ltr' translate='no'>_<wbr>ga<\/code><\/td>\n<p>\\n<\/p>\n<td>2 godine<\/td>\n<p>\\n<\/p>\n<td>Koristi se za razlikovanje korisnika.<\/td>\n<p>\\n<\/tr>\n<p>\\n<\/p>\n<tr>\\n<\/p>\n<td><code dir='ltr' translate='no'>_<wbr>gid<\/code><\/td>\n<p>\\n<\/p>\n<td>1 dan<\/td>\n<p>\\n<\/p>\n<td>Koristi se za razlikovanje korisnika.<\/td>\n<p>\\n<\/tr>\n<p>\\n<\/p>\n<tr>\\n<\/p>\n<td><code dir='ltr' translate='no'>_<wbr>ga_<wbr>&lt;container-id&gt;<\/code><\/td>\n<p>\\n<\/p>\n<td>2 godine<\/td>\n<p>\\n<\/p>\n<td>Koristi se za odr\u017eavanje stanja sesije.<\/td>\n<p>\\n<\/tr>\n<p>\\n<\/tbody>\n<p>\\n<\/table>\n<p>\\n&nbsp;\\n\\nDo va\u0161ih postavki kola\u010di\u0107a mo\u017eete pristupiti ovdje:&nbsp;<a href='' class='cc-link' type='button' data-cc='c-settings' aria-haspopup='dialog'>Postavke kola\u010di\u0107a<\/a>.&#8221;}]},{&#8220;component&#8221;:&#8221;hc_column&#8221;,&#8221;id&#8221;:&#8221;column_5ZtkF&#8221;,&#8221;column_width&#8221;:&#8221;col-md-4&#8243;,&#8221;animation&#8221;:&#8221;&#8221;,&#8221;animation_time&#8221;:&#8221;&#8221;,&#8221;timeline_animation&#8221;:&#8221;&#8221;,&#8221;timeline_delay&#8221;:&#8221;&#8221;,&#8221;timeline_order&#8221;:&#8221;&#8221;,&#8221;css_classes&#8221;:&#8221;boxed-inverse &#8220;,&#8221;custom_css_classes&#8221;:&#8221;&#8221;,&#8221;custom_css_styles&#8221;:&#8221;&#8221;,&#8221;main_content&#8221;:[{&#8220;component&#8221;:&#8221;hc_title_tag&#8221;,&#8221;id&#8221;:&#8221;fdxJg&#8221;,&#8221;css_classes&#8221;:&#8221;&#8221;,&#8221;custom_css_classes&#8221;:&#8221;text-normal&#8221;,&#8221;custom_css_styles&#8221;:&#8221;&#8221;,&#8221;text&#8221;:&#8221;Stupite u kontakt s nama&#8221;,&#8221;tag&#8221;:&#8221;h4&#8243;},{&#8220;component&#8221;:&#8221;hc_text_block&#8221;,&#8221;id&#8221;:&#8221;suFGi&#8221;,&#8221;css_classes&#8221;:&#8221;&#8221;,&#8221;custom_css_classes&#8221;:&#8221;&#8221;,&#8221;custom_css_styles&#8221;:&#8221;&#8221;,&#8221;content&#8221;:&#8221;Kontaktirajte nas, odgovorit \u0107emo vam u najkra\u0107em mogu\u0107em roku.&#8221;},{&#8220;component&#8221;:&#8221;hc_button&#8221;,&#8221;id&#8221;:&#8221;qsRx5&#8243;,&#8221;css_classes&#8221;:&#8221;&#8221;,&#8221;custom_css_classes&#8221;:&#8221;&#8221;,&#8221;custom_css_styles&#8221;:&#8221;&#8221;,&#8221;icon&#8221;:&#8221;&#8221;,&#8221;style&#8221;:&#8221;link&#8221;,&#8221;size&#8221;:&#8221;&#8221;,&#8221;position&#8221;:&#8221;left&#8221;,&#8221;animation&#8221;:false,&#8221;text&#8221;:&#8221;Kontakt&#8221;,&#8221;link_type&#8221;:&#8221;classic&#8221;,&#8221;lightbox_animation&#8221;:&#8221;&#8221;,&#8221;caption&#8221;:&#8221;&#8221;,&#8221;inner_caption&#8221;:false,&#8221;new_window&#8221;:false,&#8221;link&#8221;:&#8221;\/kontakt&#8221;,&#8221;link_content&#8221;:[],&#8221;lightbox_size&#8221;:&#8221;&#8221;,&#8221;scrollbox&#8221;:false},{&#8220;component&#8221;:&#8221;hc_space&#8221;,&#8221;id&#8221;:&#8221;ODbxW&#8221;,&#8221;css_classes&#8221;:&#8221;&#8221;,&#8221;custom_css_classes&#8221;:&#8221;&#8221;,&#8221;custom_css_styles&#8221;:&#8221;&#8221;,&#8221;size&#8221;:&#8221;m&#8221;,&#8221;height&#8221;:&#8221;&#8221;},{&#8220;component&#8221;:&#8221;hc_title_tag&#8221;,&#8221;id&#8221;:&#8221;nsgvM&#8221;,&#8221;css_classes&#8221;:&#8221;&#8221;,&#8221;custom_css_classes&#8221;:&#8221;text-normal&#8221;,&#8221;custom_css_styles&#8221;:&#8221;&#8221;,&#8221;text&#8221;:&#8221;Kontakt informacije.&#8221;,&#8221;tag&#8221;:&#8221;h4&#8243;},{&#8220;component&#8221;:&#8221;hc_space&#8221;,&#8221;id&#8221;:&#8221;KCcEm&#8221;,&#8221;css_classes&#8221;:&#8221;&#8221;,&#8221;custom_css_classes&#8221;:&#8221;&#8221;,&#8221;custom_css_styles&#8221;:&#8221;&#8221;,&#8221;size&#8221;:&#8221;xs&#8221;,&#8221;height&#8221;:&#8221;&#8221;},{&#8220;component&#8221;:&#8221;hc_text_list&#8221;,&#8221;id&#8221;:&#8221;Ue3qY&#8221;,&#8221;css_classes&#8221;:&#8221;&#8221;,&#8221;custom_css_classes&#8221;:&#8221;&#8221;,&#8221;custom_css_styles&#8221;:&#8221;&#8221;,&#8221;rows&#8221;:[{&#8220;component&#8221;:&#8221;repeater_item&#8221;,&#8221;id&#8221;:&#8221;FjGNK&#8221;,&#8221;image_link&#8221;:&#8221;&#8221;,&#8221;title&#8221;:&#8221;Naslov&#8221;,&#8221;subtitle&#8221;:&#8221;Bratislavska 5, SI-1000 Ljubljana&#8221;,&#8221;extra&#8221;:&#8221;&#8221;},{&#8220;component&#8221;:&#8221;repeater_item&#8221;,&#8221;id&#8221;:&#8221;7dgbt&#8221;,&#8221;image_link&#8221;:&#8221;&#8221;,&#8221;title&#8221;:&#8221;Telefon&#8221;,&#8221;subtitle&#8221;:&#8221;+386 (0)1 58 41 400&#8243;,&#8221;extra&#8221;:&#8221;&#8221;},{&#8220;component&#8221;:&#8221;repeater_item&#8221;,&#8221;id&#8221;:&#8221;JFAro&#8221;,&#8221;image_link&#8221;:&#8221;&#8221;,&#8221;title&#8221;:&#8221;Email&#8221;,&#8221;subtitle&#8221;:&#8221;info@bts-company.si&#8221;,&#8221;extra&#8221;:&#8221;&#8221;},{&#8220;component&#8221;:&#8221;repeater_item&#8221;,&#8221;id&#8221;:&#8221;9Cub3&#8243;,&#8221;image_link&#8221;:&#8221;&#8221;,&#8221;title&#8221;:&#8221;Radno vrijeme&#8221;,&#8221;subtitle&#8221;:&#8221;Pon &#8211; Pet: 8.00 &#8211; 16:00&#8243;,&#8221;extra&#8221;:&#8221;&#8221;}],&#8221;style&#8221;:&#8221;style_2&#8243;,&#8221;animation&#8221;:&#8221;&#8221;,&#8221;show_images&#8221;:false}]}],&#8221;section_settings&#8221;:&#8221;&#8221;},&#8221;scripts&#8221;:{},&#8221;css&#8221;:{},&#8221;css_page&#8221;:&#8221;&#8221;,&#8221;template_setting&#8221;:{&#8220;settings&#8221;:{&#8220;id&#8221;:&#8221;settings&#8221;}},&#8221;template_setting_top&#8221;:{},&#8221;page_setting&#8221;:{&#8220;settings&#8221;:[&#8220;lock-mode-off&#8221;]}}<\/p>\n","protected":false},"excerpt":{"rendered":"<p>{&#8220;main-title&#8221;:{&#8220;component&#8221;:&#8221;hc_title&#8221;,&#8221;id&#8221;:&#8221;main-title&#8221;,&#8221;title&#8221;:&#8221;\u010cesto postavljana pitanja&#8221;,&#8221;subtitle&#8221;:&#8221;&#8221;,&#8221;title_content&#8221;:{&#8220;component&#8221;:&#8221;hc_title_base&#8221;,&#8221;id&#8221;:&#8221;title-base&#8221;,&#8221;image&#8221;:&#8221;&#8221;,&#8221;breadcrumbs&#8221;:true,&#8221;white&#8221;:false}},&#8221;section_HY5f8&#8243;:{&#8220;component&#8221;:&#8221;hc_section&#8221;,&#8221;id&#8221;:&#8221;section_HY5f8&#8243;,&#8221;section_width&#8221;:&#8221;&#8221;,&#8221;animation&#8221;:&#8221;&#8221;,&#8221;animation_time&#8221;:&#8221;&#8221;,&#8221;timeline_animation&#8221;:&#8221;&#8221;,&#8221;timeline_delay&#8221;:&#8221;&#8221;,&#8221;timeline_order&#8221;:&#8221;&#8221;,&#8221;vertical_row&#8221;:&#8221;&#8221;,&#8221;box_middle&#8221;:&#8221;&#8221;,&#8221;css_classes&#8221;:&#8221;&#8221;,&#8221;custom_css_classes&#8221;:&#8221;&#8221;,&#8221;custom_css_styles&#8221;:&#8221;&#8221;,&#8221;section_content&#8221;:[{&#8220;component&#8221;:&#8221;hc_column&#8221;,&#8221;id&#8221;:&#8221;ATNNm&#8221;,&#8221;column_width&#8221;:&#8221;col-md-8&#8243;,&#8221;animation&#8221;:&#8221;&#8221;,&#8221;animation_time&#8221;:&#8221;&#8221;,&#8221;timeline_animation&#8221;:&#8221;&#8221;,&#8221;timeline_delay&#8221;:&#8221;&#8221;,&#8221;timeline_order&#8221;:&#8221;&#8221;,&#8221;css_classes&#8221;:&#8221;&#8221;,&#8221;custom_css_classes&#8221;:&#8221;&#8221;,&#8221;custom_css_styles&#8221;:&#8221;&#8221;,&#8221;main_content&#8221;:[{&#8220;component&#8221;:&#8221;hc_wp_editor&#8221;,&#8221;id&#8221;:&#8221;XAJfO&#8221;,&#8221;css_classes&#8221;:&#8221;&#8221;,&#8221;custom_css_classes&#8221;:&#8221;&#8221;,&#8221;custom_css_styles&#8221;:&#8221;&#8221;,&#8221;editor_content&#8221;:&#8221; \u0160to su kola\u010di\u0107i? \\nKola\u010di\u0107i su male tekstualne datoteke koje ve\u0107ina web stranica sprema u ure\u0111aje korisnika putem kojih pristupaju internetu s ciljem prepoznavanja pojedinih ure\u0111aja koje su korisnici koristili prilikom pristupa. Njihovo spremanje je pod potpunom kontrolom preglednika koji koristi korisnik &#8211; korisnik mo\u017ee po \u017eelji ograni\u010diti ili onemogu\u0107iti spremanje kola\u010di\u0107a.\\n\\n&nbsp;\\n Za\u0161to [&hellip;]<\/p>\n","protected":false},"author":1,"featured_media":0,"parent":0,"menu_order":0,"comment_status":"closed","ping_status":"closed","template":"","meta":{"_acf_changed":false,"inline_featured_image":false,"footnotes":""},"class_list":["post-100009443","page","type-page","status-publish","hentry"],"acf":[],"yoast_head":"<!-- This site is optimized with the Yoast SEO plugin v25.3.1 - https:\/\/yoast.com\/wordpress\/plugins\/seo\/ -->\n<title>Politika kola\u010di\u0107a - BTS Company<\/title>\n<meta name=\"robots\" content=\"index, follow, max-snippet:-1, max-image-preview:large, max-video-preview:-1\" \/>\n<link rel=\"canonical\" href=\"https:\/\/www.bts-company.com\/hr\/politika-kolacica\/\" \/>\n<meta property=\"og:locale\" content=\"hr_HR\" \/>\n<meta property=\"og:type\" content=\"article\" \/>\n<meta property=\"og:title\" content=\"Politika kola\u010di\u0107a - BTS Company\" \/>\n<meta property=\"og:description\" content=\"{&#8220;main-title&#8221;:{&#8220;component&#8221;:&#8221;hc_title&#8221;,&#8221;id&#8221;:&#8221;main-title&#8221;,&#8221;title&#8221;:&#8221;\u010cesto postavljana pitanja&#8221;,&#8221;subtitle&#8221;:&#8221;&#8221;,&#8221;title_content&#8221;:{&#8220;component&#8221;:&#8221;hc_title_base&#8221;,&#8221;id&#8221;:&#8221;title-base&#8221;,&#8221;image&#8221;:&#8221;&#8221;,&#8221;breadcrumbs&#8221;:true,&#8221;white&#8221;:false}},&#8221;section_HY5f8&#8243;:{&#8220;component&#8221;:&#8221;hc_section&#8221;,&#8221;id&#8221;:&#8221;section_HY5f8&#8243;,&#8221;section_width&#8221;:&#8221;&#8221;,&#8221;animation&#8221;:&#8221;&#8221;,&#8221;animation_time&#8221;:&#8221;&#8221;,&#8221;timeline_animation&#8221;:&#8221;&#8221;,&#8221;timeline_delay&#8221;:&#8221;&#8221;,&#8221;timeline_order&#8221;:&#8221;&#8221;,&#8221;vertical_row&#8221;:&#8221;&#8221;,&#8221;box_middle&#8221;:&#8221;&#8221;,&#8221;css_classes&#8221;:&#8221;&#8221;,&#8221;custom_css_classes&#8221;:&#8221;&#8221;,&#8221;custom_css_styles&#8221;:&#8221;&#8221;,&#8221;section_content&#8221;:[{&#8220;component&#8221;:&#8221;hc_column&#8221;,&#8221;id&#8221;:&#8221;ATNNm&#8221;,&#8221;column_width&#8221;:&#8221;col-md-8&#8243;,&#8221;animation&#8221;:&#8221;&#8221;,&#8221;animation_time&#8221;:&#8221;&#8221;,&#8221;timeline_animation&#8221;:&#8221;&#8221;,&#8221;timeline_delay&#8221;:&#8221;&#8221;,&#8221;timeline_order&#8221;:&#8221;&#8221;,&#8221;css_classes&#8221;:&#8221;&#8221;,&#8221;custom_css_classes&#8221;:&#8221;&#8221;,&#8221;custom_css_styles&#8221;:&#8221;&#8221;,&#8221;main_content&#8221;:[{&#8220;component&#8221;:&#8221;hc_wp_editor&#8221;,&#8221;id&#8221;:&#8221;XAJfO&#8221;,&#8221;css_classes&#8221;:&#8221;&#8221;,&#8221;custom_css_classes&#8221;:&#8221;&#8221;,&#8221;custom_css_styles&#8221;:&#8221;&#8221;,&#8221;editor_content&#8221;:&#8221; \u0160to su kola\u010di\u0107i? nKola\u010di\u0107i su male tekstualne datoteke koje ve\u0107ina web stranica sprema u ure\u0111aje korisnika putem kojih pristupaju internetu s ciljem prepoznavanja pojedinih ure\u0111aja koje su korisnici koristili prilikom pristupa. Njihovo spremanje je pod potpunom kontrolom preglednika koji koristi korisnik &#8211; korisnik mo\u017ee po \u017eelji ograni\u010diti ili onemogu\u0107iti spremanje kola\u010di\u0107a.nn&nbsp;n Za\u0161to [&hellip;]\" \/>\n<meta property=\"og:url\" content=\"https:\/\/www.bts-company.com\/hr\/politika-kolacica\/\" \/>\n<meta property=\"og:site_name\" content=\"BTS Company\" \/>\n<meta property=\"article:publisher\" content=\"https:\/\/www.facebook.com\/people\/BTS-Company\/100090605649436\/\" \/>\n<meta property=\"og:image\" content=\"https:\/\/www.bts-company.com\/wp-content\/uploads\/2016\/12\/bts-company-logo.png\" \/>\n\t<meta property=\"og:image:width\" content=\"1162\" \/>\n\t<meta property=\"og:image:height\" content=\"461\" \/>\n\t<meta property=\"og:image:type\" content=\"image\/png\" \/>\n<meta name=\"twitter:card\" content=\"summary_large_image\" \/>\n<meta name=\"twitter:label1\" content=\"Procijenjeno vrijeme \u010ditanja\" \/>\n\t<meta name=\"twitter:data1\" content=\"4 minute\" \/>\n<script type=\"application\/ld+json\" class=\"yoast-schema-graph\">{\"@context\":\"https:\/\/schema.org\",\"@graph\":[{\"@type\":\"WebPage\",\"@id\":\"https:\/\/www.bts-company.com\/hr\/politika-kolacica\/\",\"url\":\"https:\/\/www.bts-company.com\/hr\/politika-kolacica\/\",\"name\":\"Politika kola\u010di\u0107a - BTS Company\",\"isPartOf\":{\"@id\":\"https:\/\/www.bts-company.com\/hr\/#website\"},\"datePublished\":\"2023-06-13T06:03:24+00:00\",\"breadcrumb\":{\"@id\":\"https:\/\/www.bts-company.com\/hr\/politika-kolacica\/#breadcrumb\"},\"inLanguage\":\"hr\",\"potentialAction\":[{\"@type\":\"ReadAction\",\"target\":[\"https:\/\/www.bts-company.com\/hr\/politika-kolacica\/\"]}]},{\"@type\":\"BreadcrumbList\",\"@id\":\"https:\/\/www.bts-company.com\/hr\/politika-kolacica\/#breadcrumb\",\"itemListElement\":[{\"@type\":\"ListItem\",\"position\":1,\"name\":\"\",\"item\":\"https:\/\/www.bts-company.com\/hr\/\"},{\"@type\":\"ListItem\",\"position\":2,\"name\":\"Politika kola\u010di\u0107a\"}]},{\"@type\":\"WebSite\",\"@id\":\"https:\/\/www.bts-company.com\/hr\/#website\",\"url\":\"https:\/\/www.bts-company.com\/hr\/\",\"name\":\"BTS Company\",\"description\":\"CNC stroji in orodja\",\"publisher\":{\"@id\":\"https:\/\/www.bts-company.com\/hr\/#organization\"},\"potentialAction\":[{\"@type\":\"SearchAction\",\"target\":{\"@type\":\"EntryPoint\",\"urlTemplate\":\"https:\/\/www.bts-company.com\/hr\/?s={search_term_string}\"},\"query-input\":{\"@type\":\"PropertyValueSpecification\",\"valueRequired\":true,\"valueName\":\"search_term_string\"}}],\"inLanguage\":\"hr\"},{\"@type\":\"Organization\",\"@id\":\"https:\/\/www.bts-company.com\/hr\/#organization\",\"name\":\"BTS Company\",\"url\":\"https:\/\/www.bts-company.com\/hr\/\",\"logo\":{\"@type\":\"ImageObject\",\"inLanguage\":\"hr\",\"@id\":\"https:\/\/www.bts-company.com\/hr\/#\/schema\/logo\/image\/\",\"url\":\"https:\/\/www.bts-company.com\/wp-content\/uploads\/2016\/12\/cropped-bts-company-logo-01.png\",\"contentUrl\":\"https:\/\/www.bts-company.com\/wp-content\/uploads\/2016\/12\/cropped-bts-company-logo-01.png\",\"width\":512,\"height\":512,\"caption\":\"BTS Company\"},\"image\":{\"@id\":\"https:\/\/www.bts-company.com\/hr\/#\/schema\/logo\/image\/\"},\"sameAs\":[\"https:\/\/www.facebook.com\/people\/BTS-Company\/100090605649436\/\"]}]}<\/script>\n<!-- \/ Yoast SEO plugin. -->","yoast_head_json":{"title":"Politika kola\u010di\u0107a - BTS Company","robots":{"index":"index","follow":"follow","max-snippet":"max-snippet:-1","max-image-preview":"max-image-preview:large","max-video-preview":"max-video-preview:-1"},"canonical":"https:\/\/www.bts-company.com\/hr\/politika-kolacica\/","og_locale":"hr_HR","og_type":"article","og_title":"Politika kola\u010di\u0107a - BTS Company","og_description":"{&#8220;main-title&#8221;:{&#8220;component&#8221;:&#8221;hc_title&#8221;,&#8221;id&#8221;:&#8221;main-title&#8221;,&#8221;title&#8221;:&#8221;\u010cesto postavljana pitanja&#8221;,&#8221;subtitle&#8221;:&#8221;&#8221;,&#8221;title_content&#8221;:{&#8220;component&#8221;:&#8221;hc_title_base&#8221;,&#8221;id&#8221;:&#8221;title-base&#8221;,&#8221;image&#8221;:&#8221;&#8221;,&#8221;breadcrumbs&#8221;:true,&#8221;white&#8221;:false}},&#8221;section_HY5f8&#8243;:{&#8220;component&#8221;:&#8221;hc_section&#8221;,&#8221;id&#8221;:&#8221;section_HY5f8&#8243;,&#8221;section_width&#8221;:&#8221;&#8221;,&#8221;animation&#8221;:&#8221;&#8221;,&#8221;animation_time&#8221;:&#8221;&#8221;,&#8221;timeline_animation&#8221;:&#8221;&#8221;,&#8221;timeline_delay&#8221;:&#8221;&#8221;,&#8221;timeline_order&#8221;:&#8221;&#8221;,&#8221;vertical_row&#8221;:&#8221;&#8221;,&#8221;box_middle&#8221;:&#8221;&#8221;,&#8221;css_classes&#8221;:&#8221;&#8221;,&#8221;custom_css_classes&#8221;:&#8221;&#8221;,&#8221;custom_css_styles&#8221;:&#8221;&#8221;,&#8221;section_content&#8221;:[{&#8220;component&#8221;:&#8221;hc_column&#8221;,&#8221;id&#8221;:&#8221;ATNNm&#8221;,&#8221;column_width&#8221;:&#8221;col-md-8&#8243;,&#8221;animation&#8221;:&#8221;&#8221;,&#8221;animation_time&#8221;:&#8221;&#8221;,&#8221;timeline_animation&#8221;:&#8221;&#8221;,&#8221;timeline_delay&#8221;:&#8221;&#8221;,&#8221;timeline_order&#8221;:&#8221;&#8221;,&#8221;css_classes&#8221;:&#8221;&#8221;,&#8221;custom_css_classes&#8221;:&#8221;&#8221;,&#8221;custom_css_styles&#8221;:&#8221;&#8221;,&#8221;main_content&#8221;:[{&#8220;component&#8221;:&#8221;hc_wp_editor&#8221;,&#8221;id&#8221;:&#8221;XAJfO&#8221;,&#8221;css_classes&#8221;:&#8221;&#8221;,&#8221;custom_css_classes&#8221;:&#8221;&#8221;,&#8221;custom_css_styles&#8221;:&#8221;&#8221;,&#8221;editor_content&#8221;:&#8221; \u0160to su kola\u010di\u0107i? nKola\u010di\u0107i su male tekstualne datoteke koje ve\u0107ina web stranica sprema u ure\u0111aje korisnika putem kojih pristupaju internetu s ciljem prepoznavanja pojedinih ure\u0111aja koje su korisnici koristili prilikom pristupa. Njihovo spremanje je pod potpunom kontrolom preglednika koji koristi korisnik &#8211; korisnik mo\u017ee po \u017eelji ograni\u010diti ili onemogu\u0107iti spremanje kola\u010di\u0107a.nn&nbsp;n Za\u0161to [&hellip;]","og_url":"https:\/\/www.bts-company.com\/hr\/politika-kolacica\/","og_site_name":"BTS Company","article_publisher":"https:\/\/www.facebook.com\/people\/BTS-Company\/100090605649436\/","og_image":[{"width":1162,"height":461,"url":"https:\/\/www.bts-company.com\/wp-content\/uploads\/2016\/12\/bts-company-logo.png","type":"image\/png"}],"twitter_card":"summary_large_image","twitter_misc":{"Procijenjeno vrijeme \u010ditanja":"4 minute"},"schema":{"@context":"https:\/\/schema.org","@graph":[{"@type":"WebPage","@id":"https:\/\/www.bts-company.com\/hr\/politika-kolacica\/","url":"https:\/\/www.bts-company.com\/hr\/politika-kolacica\/","name":"Politika kola\u010di\u0107a - BTS Company","isPartOf":{"@id":"https:\/\/www.bts-company.com\/hr\/#website"},"datePublished":"2023-06-13T06:03:24+00:00","breadcrumb":{"@id":"https:\/\/www.bts-company.com\/hr\/politika-kolacica\/#breadcrumb"},"inLanguage":"hr","potentialAction":[{"@type":"ReadAction","target":["https:\/\/www.bts-company.com\/hr\/politika-kolacica\/"]}]},{"@type":"BreadcrumbList","@id":"https:\/\/www.bts-company.com\/hr\/politika-kolacica\/#breadcrumb","itemListElement":[{"@type":"ListItem","position":1,"name":"","item":"https:\/\/www.bts-company.com\/hr\/"},{"@type":"ListItem","position":2,"name":"Politika kola\u010di\u0107a"}]},{"@type":"WebSite","@id":"https:\/\/www.bts-company.com\/hr\/#website","url":"https:\/\/www.bts-company.com\/hr\/","name":"BTS Company","description":"CNC stroji in orodja","publisher":{"@id":"https:\/\/www.bts-company.com\/hr\/#organization"},"potentialAction":[{"@type":"SearchAction","target":{"@type":"EntryPoint","urlTemplate":"https:\/\/www.bts-company.com\/hr\/?s={search_term_string}"},"query-input":{"@type":"PropertyValueSpecification","valueRequired":true,"valueName":"search_term_string"}}],"inLanguage":"hr"},{"@type":"Organization","@id":"https:\/\/www.bts-company.com\/hr\/#organization","name":"BTS Company","url":"https:\/\/www.bts-company.com\/hr\/","logo":{"@type":"ImageObject","inLanguage":"hr","@id":"https:\/\/www.bts-company.com\/hr\/#\/schema\/logo\/image\/","url":"https:\/\/www.bts-company.com\/wp-content\/uploads\/2016\/12\/cropped-bts-company-logo-01.png","contentUrl":"https:\/\/www.bts-company.com\/wp-content\/uploads\/2016\/12\/cropped-bts-company-logo-01.png","width":512,"height":512,"caption":"BTS Company"},"image":{"@id":"https:\/\/www.bts-company.com\/hr\/#\/schema\/logo\/image\/"},"sameAs":["https:\/\/www.facebook.com\/people\/BTS-Company\/100090605649436\/"]}]}},"_links":{"self":[{"href":"https:\/\/www.bts-company.com\/hr\/wp-json\/wp\/v2\/pages\/100009443","targetHints":{"allow":["GET"]}}],"collection":[{"href":"https:\/\/www.bts-company.com\/hr\/wp-json\/wp\/v2\/pages"}],"about":[{"href":"https:\/\/www.bts-company.com\/hr\/wp-json\/wp\/v2\/types\/page"}],"author":[{"embeddable":true,"href":"https:\/\/www.bts-company.com\/hr\/wp-json\/wp\/v2\/users\/1"}],"replies":[{"embeddable":true,"href":"https:\/\/www.bts-company.com\/hr\/wp-json\/wp\/v2\/comments?post=100009443"}],"version-history":[{"count":0,"href":"https:\/\/www.bts-company.com\/hr\/wp-json\/wp\/v2\/pages\/100009443\/revisions"}],"wp:attachment":[{"href":"https:\/\/www.bts-company.com\/hr\/wp-json\/wp\/v2\/media?parent=100009443"}],"curies":[{"name":"wp","href":"https:\/\/api.w.org\/{rel}","templated":true}]}}