{"id":100009450,"date":"2022-12-23T10:46:03","date_gmt":"2022-12-23T09:46:03","guid":{"rendered":"https:\/\/www.bts-company.com\/alat\/"},"modified":"2024-06-26T21:48:51","modified_gmt":"2024-06-26T19:48:51","slug":"alati-list","status":"publish","type":"page","link":"https:\/\/www.bts-company.com\/hr\/alati-list\/","title":{"rendered":"Alati"},"content":{"rendered":"<p>{&#8220;main-title&#8221;:{&#8220;component&#8221;:&#8221;hc_title&#8221;,&#8221;id&#8221;:&#8221;main-title&#8221;,&#8221;title&#8221;:&#8221;Alat&#8221;,&#8221;subtitle&#8221;:&#8221;Potpuni izbor visokokvalitetnog reznih alata za sveobuhvatno rje\u0161enje obrade. Na raspolaganju su HSS i HM svrdla za dubine bu\u0161enja od 2D do 50D, aplikacijska navojna svrdla prilago\u0111ena za odabranu skupinu materijala, utiskiva\u010di, glodala i glave za glodanje, dr\u017ea\u010di i plo\u010dice za tokarenje, tokarilne glave, rotiraju\u0107i konici, stezne \u010dahure, mehani\u010dke i hidrauli\u010dke stege, vrlo \u0161irok izbor mjernih alata i ure\u0111aja, brusni alati, ru\u010dni alati, elektri\u010dni i pneumatski alati, radioni\u010dki namje\u0161taj i oprema za radionice.&#8221;,&#8221;title_content&#8221;:{&#8220;component&#8221;:&#8221;hc_title_base&#8221;,&#8221;id&#8221;:&#8221;title-base&#8221;,&#8221;image&#8221;:&#8221;&#8221;,&#8221;breadcrumbs&#8221;:true,&#8221;white&#8221;:false}},&#8221;section_1&#8243;:{&#8220;component&#8221;:&#8221;hc_section&#8221;,&#8221;id&#8221;:&#8221;section_1&#8243;,&#8221;section_width&#8221;:&#8221;&#8221;,&#8221;animation&#8221;:&#8221;&#8221;,&#8221;animation_time&#8221;:&#8221;&#8221;,&#8221;timeline_animation&#8221;:&#8221;&#8221;,&#8221;timeline_delay&#8221;:&#8221;&#8221;,&#8221;timeline_order&#8221;:&#8221;&#8221;,&#8221;vertical_row&#8221;:&#8221;&#8221;,&#8221;box_middle&#8221;:&#8221;&#8221;,&#8221;css_classes&#8221;:&#8221;&#8221;,&#8221;custom_css_classes&#8221;:&#8221;&#8221;,&#8221;custom_css_styles&#8221;:&#8221;&#8221;,&#8221;section_content&#8221;:[{&#8220;component&#8221;:&#8221;hc_column&#8221;,&#8221;id&#8221;:&#8221;column_2&#8243;,&#8221;column_width&#8221;:&#8221;col-md-9&#8243;,&#8221;animation&#8221;:&#8221;&#8221;,&#8221;animation_time&#8221;:&#8221;&#8221;,&#8221;timeline_animation&#8221;:&#8221;&#8221;,&#8221;timeline_delay&#8221;:&#8221;&#8221;,&#8221;timeline_order&#8221;:&#8221;&#8221;,&#8221;css_classes&#8221;:&#8221;&#8221;,&#8221;custom_css_classes&#8221;:&#8221;&#8221;,&#8221;custom_css_styles&#8221;:&#8221;&#8221;,&#8221;main_content&#8221;:[{&#8220;component&#8221;:&#8221;hc_pt_masonry_list&#8221;,&#8221;id&#8221;:&#8221;ka7pE&#8221;,&#8221;css_classes&#8221;:&#8221;&#8221;,&#8221;custom_css_classes&#8221;:&#8221;&#8221;,&#8221;custom_css_styles&#8221;:&#8221;&#8221;,&#8221;post_type_slug&#8221;:&#8221;orodje&#8221;,&#8221;post_type_category&#8221;:&#8221;&#8221;,&#8221;column&#8221;:&#8221;col-md-4&#8243;,&#8221;row&#8221;:&#8221;&#8221;,&#8221;margins&#8221;:&#8221;&#8221;,&#8221;pagination_type&#8221;:&#8221;&#8221;,&#8221;pag_items&#8221;:&#8221;8&#8243;,&#8221;pag_lm_animation&#8221;:&#8221;&#8221;,&#8221;button_size&#8221;:&#8221;pagination-sm&#8221;,&#8221;menu&#8221;:false,&#8221;menu_position&#8221;:&#8221;nav-center&#8221;,&#8221;menu_style&#8221;:&#8221;ms-minimal&#8221;,&#8221;auto_masonry&#8221;:false,&#8221;box&#8221;:&#8221;image_down_text&#8221;,&#8221;boxed&#8221;:false,&#8221;boxed_inverse&#8221;:true,&#8221;button_text&#8221;:&#8221;&#8221;,&#8221;button_style&#8221;:&#8221;square&#8221;,&#8221;button_dimensions&#8221;:&#8221;&#8221;,&#8221;button_animation&#8221;:false,&#8221;hidden_content&#8221;:false,&#8221;extra_1&#8243;:false,&#8221;extra_2&#8243;:false,&#8221;content&#8221;:&#8221;description&#8221;,&#8221;title_length&#8221;:&#8221;&#8221;,&#8221;excerpt_length&#8221;:&#8221;&#8221;,&#8221;title_size&#8221;:&#8221;&#8221;,&#8221;box_animation&#8221;:&#8221;&#8221;,&#8221;custom_css&#8221;:&#8221;&#8221;,&#8221;pag_scroll_top&#8221;:false,&#8221;pag_centered&#8221;:false,&#8221;pag_button_prev&#8221;:&#8221;Prev&#8221;,&#8221;pag_button_next&#8221;:&#8221;Next&#8221;,&#8221;lm_lazy&#8221;:false,&#8221;lm_button_text&#8221;:&#8221;Load more&#8221;,&#8221;data_options_pagination&#8221;:&#8221;&#8221;}]},{&#8220;component&#8221;:&#8221;hc_column&#8221;,&#8221;id&#8221;:&#8221;column_5ZtkF&#8221;,&#8221;column_width&#8221;:&#8221;col-md-3&#8243;,&#8221;animation&#8221;:&#8221;&#8221;,&#8221;animation_time&#8221;:&#8221;&#8221;,&#8221;timeline_animation&#8221;:&#8221;&#8221;,&#8221;timeline_delay&#8221;:&#8221;&#8221;,&#8221;timeline_order&#8221;:&#8221;&#8221;,&#8221;css_classes&#8221;:&#8221;boxed-inverse &#8220;,&#8221;custom_css_classes&#8221;:&#8221;&#8221;,&#8221;custom_css_styles&#8221;:&#8221;&#8221;,&#8221;main_content&#8221;:[{&#8220;component&#8221;:&#8221;hc_subtitle&#8221;,&#8221;id&#8221;:&#8221;p7WTt&#8221;,&#8221;css_classes&#8221;:&#8221;&#8221;,&#8221;custom_css_classes&#8221;:&#8221;&#8221;,&#8221;custom_css_styles&#8221;:&#8221;&#8221;,&#8221;title&#8221;:&#8221;Zastupstva&#8221;,&#8221;subtitle&#8221;:&#8221;&#8221;,&#8221;icon&#8221;:&#8221;&#8221;,&#8221;style&#8221;:&#8221;modern&#8221;,&#8221;alignment&#8221;:&#8221;text-left&#8221;,&#8221;scroll_top&#8221;:false},{&#8220;component&#8221;:&#8221;hc_space&#8221;,&#8221;id&#8221;:&#8221;43nU7&#8243;,&#8221;css_classes&#8221;:&#8221;&#8221;,&#8221;custom_css_classes&#8221;:&#8221;&#8221;,&#8221;custom_css_styles&#8221;:&#8221;&#8221;,&#8221;size&#8221;:&#8221;xs&#8221;,&#8221;height&#8221;:&#8221;&#8221;},{&#8220;component&#8221;:&#8221;hc_pt_grid_list&#8221;,&#8221;id&#8221;:&#8221;IPC07&#8243;,&#8221;css_classes&#8221;:&#8221;&#8221;,&#8221;custom_css_classes&#8221;:&#8221;&#8221;,&#8221;custom_css_styles&#8221;:&#8221;&#8221;,&#8221;post_type_slug&#8221;:&#8221;zastopstva&#8221;,&#8221;post_type_category&#8221;:&#8221;&#8221;,&#8221;column&#8221;:&#8221;col-md-12&#8243;,&#8221;row&#8221;:&#8221;&#8221;,&#8221;margins&#8221;:&#8221;0&#8243;,&#8221;pagination_type&#8221;:&#8221;&#8221;,&#8221;pag_items&#8221;:&#8221;13&#8243;,&#8221;button_size&#8221;:&#8221;pagination-sm&#8221;,&#8221;box&#8221;:&#8221;side_icon&#8221;,&#8221;boxed&#8221;:false,&#8221;boxed_inverse&#8221;:false,&#8221;button_text&#8221;:&#8221;&#8221;,&#8221;button_style&#8221;:&#8221;square&#8221;,&#8221;button_dimensions&#8221;:&#8221;&#8221;,&#8221;button_animation&#8221;:false,&#8221;hidden_content&#8221;:false,&#8221;extra_1&#8243;:false,&#8221;extra_2&#8243;:false,&#8221;content&#8221;:&#8221;subtitle&#8221;,&#8221;title_length&#8221;:&#8221;&#8221;,&#8221;excerpt_length&#8221;:&#8221;&#8221;,&#8221;title_size&#8221;:&#8221;text-s&#8221;,&#8221;box_animation&#8221;:&#8221;&#8221;,&#8221;custom_css&#8221;:&#8221;&#8221;,&#8221;pag_lm_animation&#8221;:&#8221;&#8221;,&#8221;pag_scroll_top&#8221;:false,&#8221;pag_centered&#8221;:false,&#8221;pag_button_prev&#8221;:&#8221;Natrag&#8221;,&#8221;pag_button_next&#8221;:&#8221;Dalje&#8221;,&#8221;lm_lazy&#8221;:false,&#8221;lm_button_text&#8221;:&#8221;U\u010ditaj vi\u0161e&#8221;,&#8221;data_options_pagination&#8221;:&#8221;&#8221;},{&#8220;component&#8221;:&#8221;hc_space&#8221;,&#8221;id&#8221;:&#8221;OsbCT&#8221;,&#8221;css_classes&#8221;:&#8221;&#8221;,&#8221;custom_css_classes&#8221;:&#8221;&#8221;,&#8221;custom_css_styles&#8221;:&#8221;&#8221;,&#8221;size&#8221;:&#8221;xs&#8221;,&#8221;height&#8221;:&#8221;&#8221;},{&#8220;component&#8221;:&#8221;hc_button&#8221;,&#8221;id&#8221;:&#8221;wEx79&#8243;,&#8221;css_classes&#8221;:&#8221;&#8221;,&#8221;custom_css_classes&#8221;:&#8221;&#8221;,&#8221;custom_css_styles&#8221;:&#8221;&#8221;,&#8221;icon&#8221;:&#8221;&#8221;,&#8221;style&#8221;:&#8221;square&#8221;,&#8221;size&#8221;:&#8221;&#8221;,&#8221;position&#8221;:&#8221;left&#8221;,&#8221;animation&#8221;:false,&#8221;text&#8221;:&#8221;Sva zastupni\u0161tva&#8221;,&#8221;link_type&#8221;:&#8221;classic&#8221;,&#8221;lightbox_animation&#8221;:&#8221;&#8221;,&#8221;caption&#8221;:&#8221;&#8221;,&#8221;inner_caption&#8221;:false,&#8221;new_window&#8221;:false,&#8221;link&#8221;:&#8221;\/zastopstva-za-orodja\/&#8221;,&#8221;link_content&#8221;:[],&#8221;lightbox_size&#8221;:&#8221;&#8221;,&#8221;scrollbox&#8221;:false}]}],&#8221;section_settings&#8221;:&#8221;&#8221;},&#8221;scripts&#8221;:{&#8220;masonry&#8221;:&#8221;isotope.min.js&#8221;,&#8221;pagination&#8221;:&#8221;jquery.twbsPagination.min.js&#8221;},&#8221;css&#8221;:{&#8220;image_box&#8221;:&#8221;css\/image-box.css&#8221;,&#8221;content_box&#8221;:&#8221;css\/content-box.css&#8221;},&#8221;css_page&#8221;:&#8221;&#8221;,&#8221;template_setting&#8221;:{&#8220;settings&#8221;:{&#8220;id&#8221;:&#8221;settings&#8221;}},&#8221;template_setting_top&#8221;:{},&#8221;page_setting&#8221;:{&#8220;settings&#8221;:[&#8220;lock-mode-off&#8221;]}}<\/p>\n","protected":false},"excerpt":{"rendered":"<p>{&#8220;main-title&#8221;:{&#8220;component&#8221;:&#8221;hc_title&#8221;,&#8221;id&#8221;:&#8221;main-title&#8221;,&#8221;title&#8221;:&#8221;Alat&#8221;,&#8221;subtitle&#8221;:&#8221;Potpuni izbor visokokvalitetnog reznih alata za sveobuhvatno rje\u0161enje obrade. Na raspolaganju su HSS i HM svrdla za dubine bu\u0161enja od 2D do 50D, aplikacijska navojna svrdla prilago\u0111ena za odabranu skupinu materijala, utiskiva\u010di, glodala i glave za glodanje, dr\u017ea\u010di i plo\u010dice za tokarenje, tokarilne glave, rotiraju\u0107i konici, stezne \u010dahure, mehani\u010dke i hidrauli\u010dke stege, vrlo \u0161irok izbor [&hellip;]<\/p>\n","protected":false},"author":1,"featured_media":100013146,"parent":0,"menu_order":0,"comment_status":"closed","ping_status":"closed","template":"","meta":{"_acf_changed":false,"inline_featured_image":false,"footnotes":""},"class_list":["post-100009450","page","type-page","status-publish","has-post-thumbnail","hentry"],"acf":[],"yoast_head":"<!-- This site is optimized with the Yoast SEO plugin v25.3.1 - https:\/\/yoast.com\/wordpress\/plugins\/seo\/ -->\n<title>Alati - BTS Company<\/title>\n<meta name=\"description\" content=\"Potpuni odabir visokokvalitetnih alata za obradu. Dostupni su HSS i HM svrdla za dubine bu\u0161enja od 2D do 50D.\" \/>\n<meta name=\"robots\" content=\"index, follow, max-snippet:-1, max-image-preview:large, max-video-preview:-1\" \/>\n<link rel=\"canonical\" href=\"https:\/\/www.bts-company.com\/hr\/alati-list\/\" \/>\n<meta property=\"og:locale\" content=\"hr_HR\" \/>\n<meta property=\"og:type\" content=\"article\" \/>\n<meta property=\"og:title\" content=\"Alati - BTS Company\" \/>\n<meta property=\"og:description\" content=\"Potpuni odabir visokokvalitetnih alata za obradu. Dostupni su HSS i HM svrdla za dubine bu\u0161enja od 2D do 50D.\" \/>\n<meta property=\"og:url\" content=\"https:\/\/www.bts-company.com\/hr\/alati-list\/\" \/>\n<meta property=\"og:site_name\" content=\"BTS Company\" \/>\n<meta property=\"article:publisher\" content=\"https:\/\/www.facebook.com\/people\/BTS-Company\/100090605649436\/\" \/>\n<meta property=\"article:modified_time\" content=\"2024-06-26T19:48:51+00:00\" \/>\n<meta property=\"og:image\" content=\"https:\/\/www.bts-company.com\/wp-content\/uploads\/2024\/01\/100_orodje_skupna_new.webp\" \/>\n\t<meta property=\"og:image:width\" content=\"800\" \/>\n\t<meta property=\"og:image:height\" content=\"450\" \/>\n\t<meta property=\"og:image:type\" content=\"image\/webp\" \/>\n<meta name=\"twitter:card\" content=\"summary_large_image\" \/>\n<meta name=\"twitter:label1\" content=\"Procijenjeno vrijeme \u010ditanja\" \/>\n\t<meta name=\"twitter:data1\" content=\"1 minuta\" \/>\n<script type=\"application\/ld+json\" class=\"yoast-schema-graph\">{\"@context\":\"https:\/\/schema.org\",\"@graph\":[{\"@type\":\"WebPage\",\"@id\":\"https:\/\/www.bts-company.com\/hr\/alati-list\/\",\"url\":\"https:\/\/www.bts-company.com\/hr\/alati-list\/\",\"name\":\"Alati - BTS Company\",\"isPartOf\":{\"@id\":\"https:\/\/www.bts-company.com\/hr\/#website\"},\"primaryImageOfPage\":{\"@id\":\"https:\/\/www.bts-company.com\/hr\/alati-list\/#primaryimage\"},\"image\":{\"@id\":\"https:\/\/www.bts-company.com\/hr\/alati-list\/#primaryimage\"},\"thumbnailUrl\":\"https:\/\/www.bts-company.com\/wp-content\/uploads\/2024\/12\/orodje-1_1200x628_-1-scaled.jpg\",\"datePublished\":\"2022-12-23T09:46:03+00:00\",\"dateModified\":\"2024-06-26T19:48:51+00:00\",\"description\":\"Potpuni odabir visokokvalitetnih alata za obradu. Dostupni su HSS i HM svrdla za dubine bu\u0161enja od 2D do 50D.\",\"breadcrumb\":{\"@id\":\"https:\/\/www.bts-company.com\/hr\/alati-list\/#breadcrumb\"},\"inLanguage\":\"hr\",\"potentialAction\":[{\"@type\":\"ReadAction\",\"target\":[\"https:\/\/www.bts-company.com\/hr\/alati-list\/\"]}]},{\"@type\":\"ImageObject\",\"inLanguage\":\"hr\",\"@id\":\"https:\/\/www.bts-company.com\/hr\/alati-list\/#primaryimage\",\"url\":\"https:\/\/www.bts-company.com\/wp-content\/uploads\/2024\/12\/orodje-1_1200x628_-1-scaled.jpg\",\"contentUrl\":\"https:\/\/www.bts-company.com\/wp-content\/uploads\/2024\/12\/orodje-1_1200x628_-1-scaled.jpg\",\"width\":2560,\"height\":1340},{\"@type\":\"BreadcrumbList\",\"@id\":\"https:\/\/www.bts-company.com\/hr\/alati-list\/#breadcrumb\",\"itemListElement\":[{\"@type\":\"ListItem\",\"position\":1,\"name\":\"\",\"item\":\"https:\/\/www.bts-company.com\/hr\/\"},{\"@type\":\"ListItem\",\"position\":2,\"name\":\"Alati\"}]},{\"@type\":\"WebSite\",\"@id\":\"https:\/\/www.bts-company.com\/hr\/#website\",\"url\":\"https:\/\/www.bts-company.com\/hr\/\",\"name\":\"BTS Company\",\"description\":\"CNC stroji in orodja\",\"publisher\":{\"@id\":\"https:\/\/www.bts-company.com\/hr\/#organization\"},\"potentialAction\":[{\"@type\":\"SearchAction\",\"target\":{\"@type\":\"EntryPoint\",\"urlTemplate\":\"https:\/\/www.bts-company.com\/hr\/?s={search_term_string}\"},\"query-input\":{\"@type\":\"PropertyValueSpecification\",\"valueRequired\":true,\"valueName\":\"search_term_string\"}}],\"inLanguage\":\"hr\"},{\"@type\":\"Organization\",\"@id\":\"https:\/\/www.bts-company.com\/hr\/#organization\",\"name\":\"BTS Company\",\"url\":\"https:\/\/www.bts-company.com\/hr\/\",\"logo\":{\"@type\":\"ImageObject\",\"inLanguage\":\"hr\",\"@id\":\"https:\/\/www.bts-company.com\/hr\/#\/schema\/logo\/image\/\",\"url\":\"https:\/\/www.bts-company.com\/wp-content\/uploads\/2016\/12\/cropped-bts-company-logo-01.png\",\"contentUrl\":\"https:\/\/www.bts-company.com\/wp-content\/uploads\/2016\/12\/cropped-bts-company-logo-01.png\",\"width\":512,\"height\":512,\"caption\":\"BTS Company\"},\"image\":{\"@id\":\"https:\/\/www.bts-company.com\/hr\/#\/schema\/logo\/image\/\"},\"sameAs\":[\"https:\/\/www.facebook.com\/people\/BTS-Company\/100090605649436\/\"]}]}<\/script>\n<!-- \/ Yoast SEO plugin. -->","yoast_head_json":{"title":"Alati - BTS Company","description":"Potpuni odabir visokokvalitetnih alata za obradu. Dostupni su HSS i HM svrdla za dubine bu\u0161enja od 2D do 50D.","robots":{"index":"index","follow":"follow","max-snippet":"max-snippet:-1","max-image-preview":"max-image-preview:large","max-video-preview":"max-video-preview:-1"},"canonical":"https:\/\/www.bts-company.com\/hr\/alati-list\/","og_locale":"hr_HR","og_type":"article","og_title":"Alati - BTS Company","og_description":"Potpuni odabir visokokvalitetnih alata za obradu. Dostupni su HSS i HM svrdla za dubine bu\u0161enja od 2D do 50D.","og_url":"https:\/\/www.bts-company.com\/hr\/alati-list\/","og_site_name":"BTS Company","article_publisher":"https:\/\/www.facebook.com\/people\/BTS-Company\/100090605649436\/","article_modified_time":"2024-06-26T19:48:51+00:00","og_image":[{"width":800,"height":450,"url":"https:\/\/www.bts-company.com\/wp-content\/uploads\/2024\/01\/100_orodje_skupna_new.webp","type":"image\/webp"}],"twitter_card":"summary_large_image","twitter_misc":{"Procijenjeno vrijeme \u010ditanja":"1 minuta"},"schema":{"@context":"https:\/\/schema.org","@graph":[{"@type":"WebPage","@id":"https:\/\/www.bts-company.com\/hr\/alati-list\/","url":"https:\/\/www.bts-company.com\/hr\/alati-list\/","name":"Alati - BTS Company","isPartOf":{"@id":"https:\/\/www.bts-company.com\/hr\/#website"},"primaryImageOfPage":{"@id":"https:\/\/www.bts-company.com\/hr\/alati-list\/#primaryimage"},"image":{"@id":"https:\/\/www.bts-company.com\/hr\/alati-list\/#primaryimage"},"thumbnailUrl":"https:\/\/www.bts-company.com\/wp-content\/uploads\/2024\/12\/orodje-1_1200x628_-1-scaled.jpg","datePublished":"2022-12-23T09:46:03+00:00","dateModified":"2024-06-26T19:48:51+00:00","description":"Potpuni odabir visokokvalitetnih alata za obradu. Dostupni su HSS i HM svrdla za dubine bu\u0161enja od 2D do 50D.","breadcrumb":{"@id":"https:\/\/www.bts-company.com\/hr\/alati-list\/#breadcrumb"},"inLanguage":"hr","potentialAction":[{"@type":"ReadAction","target":["https:\/\/www.bts-company.com\/hr\/alati-list\/"]}]},{"@type":"ImageObject","inLanguage":"hr","@id":"https:\/\/www.bts-company.com\/hr\/alati-list\/#primaryimage","url":"https:\/\/www.bts-company.com\/wp-content\/uploads\/2024\/12\/orodje-1_1200x628_-1-scaled.jpg","contentUrl":"https:\/\/www.bts-company.com\/wp-content\/uploads\/2024\/12\/orodje-1_1200x628_-1-scaled.jpg","width":2560,"height":1340},{"@type":"BreadcrumbList","@id":"https:\/\/www.bts-company.com\/hr\/alati-list\/#breadcrumb","itemListElement":[{"@type":"ListItem","position":1,"name":"","item":"https:\/\/www.bts-company.com\/hr\/"},{"@type":"ListItem","position":2,"name":"Alati"}]},{"@type":"WebSite","@id":"https:\/\/www.bts-company.com\/hr\/#website","url":"https:\/\/www.bts-company.com\/hr\/","name":"BTS Company","description":"CNC stroji in orodja","publisher":{"@id":"https:\/\/www.bts-company.com\/hr\/#organization"},"potentialAction":[{"@type":"SearchAction","target":{"@type":"EntryPoint","urlTemplate":"https:\/\/www.bts-company.com\/hr\/?s={search_term_string}"},"query-input":{"@type":"PropertyValueSpecification","valueRequired":true,"valueName":"search_term_string"}}],"inLanguage":"hr"},{"@type":"Organization","@id":"https:\/\/www.bts-company.com\/hr\/#organization","name":"BTS Company","url":"https:\/\/www.bts-company.com\/hr\/","logo":{"@type":"ImageObject","inLanguage":"hr","@id":"https:\/\/www.bts-company.com\/hr\/#\/schema\/logo\/image\/","url":"https:\/\/www.bts-company.com\/wp-content\/uploads\/2016\/12\/cropped-bts-company-logo-01.png","contentUrl":"https:\/\/www.bts-company.com\/wp-content\/uploads\/2016\/12\/cropped-bts-company-logo-01.png","width":512,"height":512,"caption":"BTS Company"},"image":{"@id":"https:\/\/www.bts-company.com\/hr\/#\/schema\/logo\/image\/"},"sameAs":["https:\/\/www.facebook.com\/people\/BTS-Company\/100090605649436\/"]}]}},"_links":{"self":[{"href":"https:\/\/www.bts-company.com\/hr\/wp-json\/wp\/v2\/pages\/100009450","targetHints":{"allow":["GET"]}}],"collection":[{"href":"https:\/\/www.bts-company.com\/hr\/wp-json\/wp\/v2\/pages"}],"about":[{"href":"https:\/\/www.bts-company.com\/hr\/wp-json\/wp\/v2\/types\/page"}],"author":[{"embeddable":true,"href":"https:\/\/www.bts-company.com\/hr\/wp-json\/wp\/v2\/users\/1"}],"replies":[{"embeddable":true,"href":"https:\/\/www.bts-company.com\/hr\/wp-json\/wp\/v2\/comments?post=100009450"}],"version-history":[{"count":2,"href":"https:\/\/www.bts-company.com\/hr\/wp-json\/wp\/v2\/pages\/100009450\/revisions"}],"predecessor-version":[{"id":100010639,"href":"https:\/\/www.bts-company.com\/hr\/wp-json\/wp\/v2\/pages\/100009450\/revisions\/100010639"}],"wp:featuredmedia":[{"embeddable":true,"href":"https:\/\/www.bts-company.com\/hr\/wp-json\/wp\/v2\/media\/100013146"}],"wp:attachment":[{"href":"https:\/\/www.bts-company.com\/hr\/wp-json\/wp\/v2\/media?parent=100009450"}],"curies":[{"name":"wp","href":"https:\/\/api.w.org\/{rel}","templated":true}]}}