{"id":100004929,"date":"2023-11-03T12:43:58","date_gmt":"2023-11-03T12:43:58","guid":{"rendered":"https:\/\/www.bts-company.com\/ekonomicna-mobilna-celica-s-kolaborativnim-robotom-za-avtomatizirano-strego-obdelovalnih-strojev\/"},"modified":"2024-06-06T11:38:40","modified_gmt":"2024-06-06T09:38:40","slug":"ekonomicna-mobilna-celica-s-kolaborativnim-robotom-za-avtomatizirano-strego-obdelovalnih-strojev","status":"publish","type":"page","link":"https:\/\/www.bts-company.com\/sr\/ekonomicna-mobilna-celica-s-kolaborativnim-robotom-za-avtomatizirano-strego-obdelovalnih-strojev\/","title":{"rendered":"Ekonomi\u010dna mobilna \u0107elija sa kolaborativnim robotom za automatizovano vezivanje obradnih ma\u0161ina"},"content":{"rendered":"<p>{&#8222;main-title&#8220;:{&#8222;component&#8220;:&#8220;hc_title&#8220;,&#8220;id&#8220;:&#8220;main-title&#8220;,&#8220;title&#8220;:&#8220;\u010cesto postavljana pitanja&#8220;,&#8220;subtitle&#8220;:&#8220;&#8220;,&#8220;title_content&#8220;:{&#8222;component&#8220;:&#8220;hc_title_base&#8220;,&#8220;id&#8220;:&#8220;title-base&#8220;,&#8220;image&#8220;:&#8220;&#8220;,&#8220;breadcrumbs&#8220;:true,&#8220;white&#8220;:false}},&#8220;section_HY5f8&#8243;:{&#8222;component&#8220;:&#8220;hc_section&#8220;,&#8220;id&#8220;:&#8220;section_HY5f8&#8243;,&#8220;section_width&#8220;:&#8220;&#8220;,&#8220;animation&#8220;:&#8220;&#8220;,&#8220;animation_time&#8220;:&#8220;&#8220;,&#8220;timeline_animation&#8220;:&#8220;&#8220;,&#8220;timeline_delay&#8220;:&#8220;&#8220;,&#8220;timeline_order&#8220;:&#8220;&#8220;,&#8220;vertical_row&#8220;:&#8220;&#8220;,&#8220;box_middle&#8220;:&#8220;&#8220;,&#8220;css_classes&#8220;:&#8220;&#8220;,&#8220;custom_css_classes&#8220;:&#8220;&#8220;,&#8220;custom_css_styles&#8220;:&#8220;&#8220;,&#8220;section_content&#8220;:[{&#8222;component&#8220;:&#8220;hc_column&#8220;,&#8220;id&#8220;:&#8220;ATNNm&#8220;,&#8220;column_width&#8220;:&#8220;col-md-8&#8243;,&#8220;animation&#8220;:&#8220;&#8220;,&#8220;animation_time&#8220;:&#8220;&#8220;,&#8220;timeline_animation&#8220;:&#8220;&#8220;,&#8220;timeline_delay&#8220;:&#8220;&#8220;,&#8220;timeline_order&#8220;:&#8220;&#8220;,&#8220;css_classes&#8220;:&#8220;&#8220;,&#8220;custom_css_classes&#8220;:&#8220;&#8220;,&#8220;custom_css_styles&#8220;:&#8220;&#8220;,&#8220;main_content&#8220;:[{&#8222;component&#8220;:&#8220;hc_wp_editor&#8220;,&#8220;id&#8220;:&#8220;XAJfO&#8220;,&#8220;css_classes&#8220;:&#8220;&#8220;,&#8220;custom_css_classes&#8220;:&#8220;&#8220;,&#8220;custom_css_styles&#8220;:&#8220;&#8220;,&#8220;editor_content&#8220;:&#8220;<strong>Proizvodna preduze\u0107a \u017eele pove\u0107ati efikasnost, zbog \u010dega sve \u010de\u0161\u0107e uklju\u010duju saradni\u010dke robote u proizvodni proces. Na taj na\u010din ostvaruju sve prednosti koje donosi automatizacija skladi\u0161tenja i logistike. BTS Company je u tu svrhu razvio mobilne \u0107elije MC100 i MC200.<\/strong>\\n\\nMobilna \u0107elija sa kolaborativnim robotom pove\u0107ava efikasnost i fleksibilnost u proizvodnji, omogu\u0107avaju\u0107i robotizovano skladi\u0161tenje da autonomno obavlja proizvodnju manjih serija, kao \u0161to je slu\u010daj kod dodatnih narud\u017ebina. Kompaktni i mobilni dizajn robotske \u0107elije nudi najve\u0107u prilagodljivost u proizvodnji i pristup proizvodnim ma\u0161inama. Zbog toga smo razvili sopstvenu mobilnu \u0107eliju sa kolaborativnim robotom u dve osnovne varijante&nbsp;<strong>MC100<\/strong>&nbsp;i&nbsp;<strong>MC200<\/strong>.&#8220;},{&#8222;component&#8220;:&#8220;hc_image&#8220;,&#8220;id&#8220;:&#8220;rbDBZ&#8220;,&#8220;css_classes&#8220;:&#8220;&#8220;,&#8220;custom_css_classes&#8220;:&#8220;&#8220;,&#8220;custom_css_styles&#8220;:&#8220;&#8220;,&#8220;image&#8220;:&#8220;https:\/\/www.bts-company.com\/wp-content\/uploads\/2023\/11\/MC_skupna_n_560.thumb-560&#215;337-1.jpg|337|560|100003085&#8243;,&#8220;alt&#8220;:&#8220;&#8220;,&#8220;thumb_size&#8220;:&#8220;large&#8220;},{&#8222;component&#8220;:&#8220;hc_wp_editor&#8220;,&#8220;id&#8220;:&#8220;bKjLk&#8220;,&#8220;css_classes&#8220;:&#8220;&#8220;,&#8220;custom_css_classes&#8220;:&#8220;&#8220;,&#8220;custom_css_styles&#8220;:&#8220;&#8220;,&#8220;editor_content&#8220;:&#8220;Mobilna \u0107elija je dizajnirana za strogo pri obradnim ma\u0161inama, se\u010denju, oblikovanju, bru\u0161enju, poliranju i zavarivanju. \u0106elija se sastoji od kolaborativnog robota, bazne stanice i transportnih ili stacionarnih kontejnera. Trenutno u \u0107eliju ugra\u0111ujemo kolaborativne robote <a href='https:\/\/www.hanwharobotics.com\/' rel='noopener' data-target='true'><strong>Hanhwa HCR<\/strong><\/a> sa nosivo\u0161\u0107u od 3 kg, 5 kg ili 12 kg.\\n\\nKod mobilne \u0107elije MC100, logistika je dizajnirana za ru\u010dno vezivanje transportnih kontejnera, dok je kod mobilne \u0107elije MC200 logistika dizajnirana za automatizovano vezivanje sa autonomnim mobilnim robotima <a href='https:\/\/www.mobile-industrial-robots.com\/en\/' rel='noopener' data-target='true'><strong>AMR MIR250<\/strong><\/a>.&#8220;},{&#8222;component&#8220;:&#8220;hc_space&#8220;,&#8220;id&#8220;:&#8220;ODbxW&#8220;,&#8220;css_classes&#8220;:&#8220;&#8220;,&#8220;custom_css_classes&#8220;:&#8220;&#8220;,&#8220;custom_css_styles&#8220;:&#8220;&#8220;,&#8220;size&#8220;:&#8220;xs&#8220;,&#8220;height&#8220;:&#8220;&#8220;},{&#8222;component&#8220;:&#8220;hc_button&#8220;,&#8220;id&#8220;:&#8220;OasmY&#8220;,&#8220;css_classes&#8220;:&#8220;&#8220;,&#8220;custom_css_classes&#8220;:&#8220;&#8220;,&#8220;custom_css_styles&#8220;:&#8220;&#8220;,&#8220;icon&#8220;:&#8220;&#8220;,&#8220;style&#8220;:&#8220;square&#8220;,&#8220;size&#8220;:&#8220;&#8220;,&#8220;position&#8220;:&#8220;left&#8220;,&#8220;animation&#8220;:false,&#8220;text&#8220;:&#8220;Video MC200&#8243;,&#8220;link_type&#8220;:&#8220;classic&#8220;,&#8220;lightbox_animation&#8220;:&#8220;&#8220;,&#8220;caption&#8220;:&#8220;&#8220;,&#8220;inner_caption&#8220;:false,&#8220;new_window&#8220;:true,&#8220;link&#8220;:&#8220;https:\/\/youtu.be\/Nd0GjfGElFA&#8220;,&#8220;link_content&#8220;:[],&#8220;lightbox_size&#8220;:&#8220;&#8220;,&#8220;scrollbox&#8220;:false},{&#8222;component&#8220;:&#8220;hc_space&#8220;,&#8220;id&#8220;:&#8220;QgZWL&#8220;,&#8220;css_classes&#8220;:&#8220;&#8220;,&#8220;custom_css_classes&#8220;:&#8220;&#8220;,&#8220;custom_css_styles&#8220;:&#8220;&#8220;,&#8220;size&#8220;:&#8220;xs&#8220;,&#8220;height&#8220;:&#8220;&#8220;},{&#8222;component&#8220;:&#8220;hc_button&#8220;,&#8220;id&#8220;:&#8220;r85LY&#8220;,&#8220;css_classes&#8220;:&#8220;&#8220;,&#8220;custom_css_classes&#8220;:&#8220;&#8220;,&#8220;custom_css_styles&#8220;:&#8220;&#8220;,&#8220;icon&#8220;:&#8220;&#8220;,&#8220;style&#8220;:&#8220;square&#8220;,&#8220;size&#8220;:&#8220;&#8220;,&#8220;position&#8220;:&#8220;left&#8220;,&#8220;animation&#8220;:false,&#8220;text&#8220;:&#8220;Prospekt&#8220;,&#8220;link_type&#8220;:&#8220;classic&#8220;,&#8220;lightbox_animation&#8220;:&#8220;&#8220;,&#8220;caption&#8220;:&#8220;&#8220;,&#8220;inner_caption&#8220;:false,&#8220;new_window&#8220;:true,&#8220;link&#8220;:&#8220;https:\/\/www.bts-company.com\/wp-content\/uploads\/2016\/12\/MC100_letak_slo_A4.pdf&#8220;,&#8220;link_content&#8220;:[],&#8220;lightbox_size&#8220;:&#8220;&#8220;,&#8220;scrollbox&#8220;:false},{&#8222;component&#8220;:&#8220;hc_wp_editor&#8220;,&#8220;id&#8220;:&#8220;LxyiE&#8220;,&#8220;css_classes&#8220;:&#8220;&#8220;,&#8220;custom_css_classes&#8220;:&#8220;&#8220;,&#8220;custom_css_styles&#8220;:&#8220;&#8220;,&#8220;editor_content&#8220;:&#8220;Bazna stanica je sastavljena od osnovnog okvira na koji je pri\u010dvr\u0161\u0107en robotski robot sa robotskim kontrolerom. Opremljena je sistemom za pozicioniranje i priklju\u010divanje skladi\u0161ta. Baznu stanicu je mogu\u0107e nadograditi sa brojnim opcijama.\\n\\nPomo\u0107u ru\u010dnog paletnog vilju\u0161kara, mogu\u0107e je premje\u0161tati mobilnu \u0107eliju na bilo koje radno mesto u proizvodnji.&#8220;}]},{&#8222;component&#8220;:&#8220;hc_column&#8220;,&#8220;id&#8220;:&#8220;column_5ZtkF&#8220;,&#8220;column_width&#8220;:&#8220;col-md-4&#8243;,&#8220;animation&#8220;:&#8220;&#8220;,&#8220;animation_time&#8220;:&#8220;&#8220;,&#8220;timeline_animation&#8220;:&#8220;&#8220;,&#8220;timeline_delay&#8220;:&#8220;&#8220;,&#8220;timeline_order&#8220;:&#8220;&#8220;,&#8220;css_classes&#8220;:&#8220;boxed-inverse &#8222;,&#8220;custom_css_classes&#8220;:&#8220;&#8220;,&#8220;custom_css_styles&#8220;:&#8220;&#8220;,&#8220;main_content&#8220;:[{&#8222;component&#8220;:&#8220;hc_title_tag&#8220;,&#8220;id&#8220;:&#8220;fdxJg&#8220;,&#8220;css_classes&#8220;:&#8220;&#8220;,&#8220;custom_css_classes&#8220;:&#8220;text-normal&#8220;,&#8220;custom_css_styles&#8220;:&#8220;&#8220;,&#8220;text&#8220;:&#8220;Stupite u kontakt sa nama&#8220;,&#8220;tag&#8220;:&#8220;h4&#8243;},{&#8222;component&#8220;:&#8220;hc_text_block&#8220;,&#8220;id&#8220;:&#8220;suFGi&#8220;,&#8220;css_classes&#8220;:&#8220;&#8220;,&#8220;custom_css_classes&#8220;:&#8220;&#8220;,&#8220;custom_css_styles&#8220;:&#8220;&#8220;,&#8220;content&#8220;:&#8220;kontaktirajte nas, odgovori\u0107emo Vam u najkra\u0107em mogu\u0107em vremenu.&#8220;},{&#8222;component&#8220;:&#8220;hc_button&#8220;,&#8220;id&#8220;:&#8220;qsRx5&#8243;,&#8220;css_classes&#8220;:&#8220;&#8220;,&#8220;custom_css_classes&#8220;:&#8220;&#8220;,&#8220;custom_css_styles&#8220;:&#8220;&#8220;,&#8220;icon&#8220;:&#8220;&#8220;,&#8220;style&#8220;:&#8220;link&#8220;,&#8220;size&#8220;:&#8220;&#8220;,&#8220;position&#8220;:&#8220;left&#8220;,&#8220;animation&#8220;:false,&#8220;text&#8220;:&#8220;kontakt&#8220;,&#8220;link_type&#8220;:&#8220;classic&#8220;,&#8220;lightbox_animation&#8220;:&#8220;&#8220;,&#8220;caption&#8220;:&#8220;&#8220;,&#8220;inner_caption&#8220;:false,&#8220;new_window&#8220;:false,&#8220;link&#8220;:&#8220;\/kontakt&#8220;,&#8220;link_content&#8220;:[],&#8220;lightbox_size&#8220;:&#8220;&#8220;,&#8220;scrollbox&#8220;:false},{&#8222;component&#8220;:&#8220;hc_space&#8220;,&#8220;id&#8220;:&#8220;3u01D&#8220;,&#8220;css_classes&#8220;:&#8220;&#8220;,&#8220;custom_css_classes&#8220;:&#8220;&#8220;,&#8220;custom_css_styles&#8220;:&#8220;&#8220;,&#8220;size&#8220;:&#8220;m&#8220;,&#8220;height&#8220;:&#8220;&#8220;},{&#8222;component&#8220;:&#8220;hc_title_tag&#8220;,&#8220;id&#8220;:&#8220;nsgvM&#8220;,&#8220;css_classes&#8220;:&#8220;&#8220;,&#8220;custom_css_classes&#8220;:&#8220;text-normal&#8220;,&#8220;custom_css_styles&#8220;:&#8220;&#8220;,&#8220;text&#8220;:&#8220;kontaktne informacije&#8220;,&#8220;tag&#8220;:&#8220;h4&#8243;},{&#8222;component&#8220;:&#8220;hc_space&#8220;,&#8220;id&#8220;:&#8220;KCcEm&#8220;,&#8220;css_classes&#8220;:&#8220;&#8220;,&#8220;custom_css_classes&#8220;:&#8220;&#8220;,&#8220;custom_css_styles&#8220;:&#8220;&#8220;,&#8220;size&#8220;:&#8220;xs&#8220;,&#8220;height&#8220;:&#8220;&#8220;},{&#8222;component&#8220;:&#8220;hc_text_list&#8220;,&#8220;id&#8220;:&#8220;Ue3qY&#8220;,&#8220;css_classes&#8220;:&#8220;&#8220;,&#8220;custom_css_classes&#8220;:&#8220;&#8220;,&#8220;custom_css_styles&#8220;:&#8220;&#8220;,&#8220;rows&#8220;:[{&#8222;component&#8220;:&#8220;repeater_item&#8220;,&#8220;id&#8220;:&#8220;4UlBG&#8220;,&#8220;image_link&#8220;:&#8220;&#8220;,&#8220;title&#8220;:&#8220;Naslov&#8220;,&#8220;subtitle&#8220;:&#8220;Bratislavska 5, SI-1000 Ljubljana&#8220;,&#8220;extra&#8220;:&#8220;&#8220;},{&#8222;component&#8220;:&#8220;repeater_item&#8220;,&#8220;id&#8220;:&#8220;FjGNK&#8220;,&#8220;image_link&#8220;:&#8220;&#8220;,&#8220;title&#8220;:&#8220;Telefon&#8220;,&#8220;subtitle&#8220;:&#8220;+386 (0)1 58 41 400&#8243;,&#8220;extra&#8220;:&#8220;&#8220;},{&#8222;component&#8220;:&#8220;repeater_item&#8220;,&#8220;id&#8220;:&#8220;7dgbt&#8220;,&#8220;image_link&#8220;:&#8220;&#8220;,&#8220;title&#8220;:&#8220;Naslov&#8220;,&#8220;subtitle&#8220;:&#8220;info@bts-company.si&#8220;,&#8220;extra&#8220;:&#8220;&#8220;},{&#8222;component&#8220;:&#8220;repeater_item&#8220;,&#8220;id&#8220;:&#8220;JFAro&#8220;,&#8220;image_link&#8220;:&#8220;&#8220;,&#8220;title&#8220;:&#8220;Radno vreme&#8220;,&#8220;subtitle&#8220;:&#8220;Pon &#8211; Pet: 8.00 &#8211; 16:00&#8243;,&#8220;extra&#8220;:&#8220;&#8220;}],&#8220;style&#8220;:&#8220;style_2&#8243;,&#8220;animation&#8220;:&#8220;&#8220;,&#8220;show_images&#8220;:false}]}],&#8220;section_settings&#8220;:&#8220;&#8220;},&#8220;scripts&#8220;:{},&#8220;css&#8220;:{},&#8220;css_page&#8220;:&#8220;&#8220;,&#8220;template_setting&#8220;:{&#8222;settings&#8220;:{&#8222;id&#8220;:&#8220;settings&#8220;}},&#8220;template_setting_top&#8220;:{},&#8220;page_setting&#8220;:{&#8222;settings&#8220;:[&#8222;lock-mode-off&#8220;]}}<\/p>\n","protected":false},"excerpt":{"rendered":"<p>{&#8222;main-title&#8220;:{&#8222;component&#8220;:&#8220;hc_title&#8220;,&#8220;id&#8220;:&#8220;main-title&#8220;,&#8220;title&#8220;:&#8220;\u010cesto postavljana pitanja&#8220;,&#8220;subtitle&#8220;:&#8220;&#8220;,&#8220;title_content&#8220;:{&#8222;component&#8220;:&#8220;hc_title_base&#8220;,&#8220;id&#8220;:&#8220;title-base&#8220;,&#8220;image&#8220;:&#8220;&#8220;,&#8220;breadcrumbs&#8220;:true,&#8220;white&#8220;:false}},&#8220;section_HY5f8&#8243;:{&#8222;component&#8220;:&#8220;hc_section&#8220;,&#8220;id&#8220;:&#8220;section_HY5f8&#8243;,&#8220;section_width&#8220;:&#8220;&#8220;,&#8220;animation&#8220;:&#8220;&#8220;,&#8220;animation_time&#8220;:&#8220;&#8220;,&#8220;timeline_animation&#8220;:&#8220;&#8220;,&#8220;timeline_delay&#8220;:&#8220;&#8220;,&#8220;timeline_order&#8220;:&#8220;&#8220;,&#8220;vertical_row&#8220;:&#8220;&#8220;,&#8220;box_middle&#8220;:&#8220;&#8220;,&#8220;css_classes&#8220;:&#8220;&#8220;,&#8220;custom_css_classes&#8220;:&#8220;&#8220;,&#8220;custom_css_styles&#8220;:&#8220;&#8220;,&#8220;section_content&#8220;:[{&#8222;component&#8220;:&#8220;hc_column&#8220;,&#8220;id&#8220;:&#8220;ATNNm&#8220;,&#8220;column_width&#8220;:&#8220;col-md-8&#8243;,&#8220;animation&#8220;:&#8220;&#8220;,&#8220;animation_time&#8220;:&#8220;&#8220;,&#8220;timeline_animation&#8220;:&#8220;&#8220;,&#8220;timeline_delay&#8220;:&#8220;&#8220;,&#8220;timeline_order&#8220;:&#8220;&#8220;,&#8220;css_classes&#8220;:&#8220;&#8220;,&#8220;custom_css_classes&#8220;:&#8220;&#8220;,&#8220;custom_css_styles&#8220;:&#8220;&#8220;,&#8220;main_content&#8220;:[{&#8222;component&#8220;:&#8220;hc_wp_editor&#8220;,&#8220;id&#8220;:&#8220;XAJfO&#8220;,&#8220;css_classes&#8220;:&#8220;&#8220;,&#8220;custom_css_classes&#8220;:&#8220;&#8220;,&#8220;custom_css_styles&#8220;:&#8220;&#8220;,&#8220;editor_content&#8220;:&#8220;Proizvodna preduze\u0107a \u017eele pove\u0107ati efikasnost, zbog \u010dega sve \u010de\u0161\u0107e uklju\u010duju saradni\u010dke robote u proizvodni proces. Na taj na\u010din ostvaruju sve prednosti koje donosi automatizacija skladi\u0161tenja i logistike. BTS Company je u tu svrhu razvio mobilne \u0107elije MC100 i MC200.\\n\\nMobilna \u0107elija sa kolaborativnim robotom pove\u0107ava efikasnost i fleksibilnost u proizvodnji, omogu\u0107avaju\u0107i robotizovano skladi\u0161tenje da [&hellip;]<\/p>\n","protected":false},"author":1,"featured_media":0,"parent":0,"menu_order":0,"comment_status":"closed","ping_status":"closed","template":"","meta":{"_acf_changed":false,"inline_featured_image":false,"footnotes":""},"class_list":["post-100004929","page","type-page","status-publish","hentry"],"acf":[],"yoast_head":"<!-- This site is optimized with the Yoast SEO plugin v25.3.1 - https:\/\/yoast.com\/wordpress\/plugins\/seo\/ -->\n<title>Ekonomi\u010dna mobilna \u0107elija sa kolaborativnim robotom za automatizovano vezivanje obradnih ma\u0161ina - BTS Company<\/title>\n<meta name=\"description\" content=\"Zato smo za tu namenu razvili sopstvenu mobilnu \u0107eliju sa kolaborativnim robotom u dve osnovne varijante MC100 i MC200.\" \/>\n<meta name=\"robots\" content=\"index, follow, max-snippet:-1, max-image-preview:large, max-video-preview:-1\" \/>\n<link rel=\"canonical\" href=\"https:\/\/www.bts-company.com\/sr\/ekonomicna-mobilna-celica-s-kolaborativnim-robotom-za-avtomatizirano-strego-obdelovalnih-strojev\/\" \/>\n<meta property=\"og:locale\" content=\"sr_RS\" \/>\n<meta property=\"og:type\" content=\"article\" \/>\n<meta property=\"og:title\" content=\"Ekonomi\u010dna mobilna \u0107elija sa kolaborativnim robotom za automatizovano vezivanje obradnih ma\u0161ina - BTS Company\" \/>\n<meta property=\"og:description\" content=\"Zato smo za tu namenu razvili sopstvenu mobilnu \u0107eliju sa kolaborativnim robotom u dve osnovne varijante MC100 i MC200.\" \/>\n<meta property=\"og:url\" content=\"https:\/\/www.bts-company.com\/sr\/ekonomicna-mobilna-celica-s-kolaborativnim-robotom-za-avtomatizirano-strego-obdelovalnih-strojev\/\" \/>\n<meta property=\"og:site_name\" content=\"BTS Company\" \/>\n<meta property=\"article:publisher\" content=\"https:\/\/www.facebook.com\/people\/BTS-Company\/100090605649436\/\" \/>\n<meta property=\"article:modified_time\" content=\"2024-06-06T09:38:40+00:00\" \/>\n<meta property=\"og:image\" content=\"https:\/\/www.bts-company.com\/wp-content\/uploads\/2016\/12\/bts-company-logo.png\" \/>\n\t<meta property=\"og:image:width\" content=\"1162\" \/>\n\t<meta property=\"og:image:height\" content=\"461\" \/>\n\t<meta property=\"og:image:type\" content=\"image\/png\" \/>\n<meta name=\"twitter:card\" content=\"summary_large_image\" \/>\n<meta name=\"twitter:label1\" content=\"\u041f\u0440\u043e\u0446\u0435\u045a\u0435\u043d\u043e \u0432\u0440\u0435\u043c\u0435 \u0447\u0438\u0442\u0430\u045a\u0430\" \/>\n\t<meta name=\"twitter:data1\" content=\"4 \u043c\u0438\u043d\u0443\u0442\u0430\" \/>\n<script type=\"application\/ld+json\" class=\"yoast-schema-graph\">{\"@context\":\"https:\/\/schema.org\",\"@graph\":[{\"@type\":\"WebPage\",\"@id\":\"https:\/\/www.bts-company.com\/sr\/ekonomicna-mobilna-celica-s-kolaborativnim-robotom-za-avtomatizirano-strego-obdelovalnih-strojev\/\",\"url\":\"https:\/\/www.bts-company.com\/sr\/ekonomicna-mobilna-celica-s-kolaborativnim-robotom-za-avtomatizirano-strego-obdelovalnih-strojev\/\",\"name\":\"Ekonomi\u010dna mobilna \u0107elija sa kolaborativnim robotom za automatizovano vezivanje obradnih ma\u0161ina - BTS Company\",\"isPartOf\":{\"@id\":\"https:\/\/www.bts-company.com\/sr\/#website\"},\"datePublished\":\"2023-11-03T12:43:58+00:00\",\"dateModified\":\"2024-06-06T09:38:40+00:00\",\"description\":\"Zato smo za tu namenu razvili sopstvenu mobilnu \u0107eliju sa kolaborativnim robotom u dve osnovne varijante MC100 i MC200.\",\"breadcrumb\":{\"@id\":\"https:\/\/www.bts-company.com\/sr\/ekonomicna-mobilna-celica-s-kolaborativnim-robotom-za-avtomatizirano-strego-obdelovalnih-strojev\/#breadcrumb\"},\"inLanguage\":\"sr-RS\",\"potentialAction\":[{\"@type\":\"ReadAction\",\"target\":[\"https:\/\/www.bts-company.com\/sr\/ekonomicna-mobilna-celica-s-kolaborativnim-robotom-za-avtomatizirano-strego-obdelovalnih-strojev\/\"]}]},{\"@type\":\"BreadcrumbList\",\"@id\":\"https:\/\/www.bts-company.com\/sr\/ekonomicna-mobilna-celica-s-kolaborativnim-robotom-za-avtomatizirano-strego-obdelovalnih-strojev\/#breadcrumb\",\"itemListElement\":[{\"@type\":\"ListItem\",\"position\":1,\"name\":\"\",\"item\":\"https:\/\/www.bts-company.com\/sr\/\"},{\"@type\":\"ListItem\",\"position\":2,\"name\":\"Ekonomi\u010dna mobilna \u0107elija sa kolaborativnim robotom za automatizovano vezivanje obradnih ma\u0161ina\"}]},{\"@type\":\"WebSite\",\"@id\":\"https:\/\/www.bts-company.com\/sr\/#website\",\"url\":\"https:\/\/www.bts-company.com\/sr\/\",\"name\":\"BTS Company\",\"description\":\"CNC stroji in orodja\",\"publisher\":{\"@id\":\"https:\/\/www.bts-company.com\/sr\/#organization\"},\"potentialAction\":[{\"@type\":\"SearchAction\",\"target\":{\"@type\":\"EntryPoint\",\"urlTemplate\":\"https:\/\/www.bts-company.com\/sr\/?s={search_term_string}\"},\"query-input\":{\"@type\":\"PropertyValueSpecification\",\"valueRequired\":true,\"valueName\":\"search_term_string\"}}],\"inLanguage\":\"sr-RS\"},{\"@type\":\"Organization\",\"@id\":\"https:\/\/www.bts-company.com\/sr\/#organization\",\"name\":\"BTS Company\",\"url\":\"https:\/\/www.bts-company.com\/sr\/\",\"logo\":{\"@type\":\"ImageObject\",\"inLanguage\":\"sr-RS\",\"@id\":\"https:\/\/www.bts-company.com\/sr\/#\/schema\/logo\/image\/\",\"url\":\"https:\/\/www.bts-company.com\/wp-content\/uploads\/2016\/12\/cropped-bts-company-logo-01.png\",\"contentUrl\":\"https:\/\/www.bts-company.com\/wp-content\/uploads\/2016\/12\/cropped-bts-company-logo-01.png\",\"width\":512,\"height\":512,\"caption\":\"BTS Company\"},\"image\":{\"@id\":\"https:\/\/www.bts-company.com\/sr\/#\/schema\/logo\/image\/\"},\"sameAs\":[\"https:\/\/www.facebook.com\/people\/BTS-Company\/100090605649436\/\"]}]}<\/script>\n<!-- \/ Yoast SEO plugin. -->","yoast_head_json":{"title":"Ekonomi\u010dna mobilna \u0107elija sa kolaborativnim robotom za automatizovano vezivanje obradnih ma\u0161ina - BTS Company","description":"Zato smo za tu namenu razvili sopstvenu mobilnu \u0107eliju sa kolaborativnim robotom u dve osnovne varijante MC100 i MC200.","robots":{"index":"index","follow":"follow","max-snippet":"max-snippet:-1","max-image-preview":"max-image-preview:large","max-video-preview":"max-video-preview:-1"},"canonical":"https:\/\/www.bts-company.com\/sr\/ekonomicna-mobilna-celica-s-kolaborativnim-robotom-za-avtomatizirano-strego-obdelovalnih-strojev\/","og_locale":"sr_RS","og_type":"article","og_title":"Ekonomi\u010dna mobilna \u0107elija sa kolaborativnim robotom za automatizovano vezivanje obradnih ma\u0161ina - BTS Company","og_description":"Zato smo za tu namenu razvili sopstvenu mobilnu \u0107eliju sa kolaborativnim robotom u dve osnovne varijante MC100 i MC200.","og_url":"https:\/\/www.bts-company.com\/sr\/ekonomicna-mobilna-celica-s-kolaborativnim-robotom-za-avtomatizirano-strego-obdelovalnih-strojev\/","og_site_name":"BTS Company","article_publisher":"https:\/\/www.facebook.com\/people\/BTS-Company\/100090605649436\/","article_modified_time":"2024-06-06T09:38:40+00:00","og_image":[{"width":1162,"height":461,"url":"https:\/\/www.bts-company.com\/wp-content\/uploads\/2016\/12\/bts-company-logo.png","type":"image\/png"}],"twitter_card":"summary_large_image","twitter_misc":{"\u041f\u0440\u043e\u0446\u0435\u045a\u0435\u043d\u043e \u0432\u0440\u0435\u043c\u0435 \u0447\u0438\u0442\u0430\u045a\u0430":"4 \u043c\u0438\u043d\u0443\u0442\u0430"},"schema":{"@context":"https:\/\/schema.org","@graph":[{"@type":"WebPage","@id":"https:\/\/www.bts-company.com\/sr\/ekonomicna-mobilna-celica-s-kolaborativnim-robotom-za-avtomatizirano-strego-obdelovalnih-strojev\/","url":"https:\/\/www.bts-company.com\/sr\/ekonomicna-mobilna-celica-s-kolaborativnim-robotom-za-avtomatizirano-strego-obdelovalnih-strojev\/","name":"Ekonomi\u010dna mobilna \u0107elija sa kolaborativnim robotom za automatizovano vezivanje obradnih ma\u0161ina - BTS Company","isPartOf":{"@id":"https:\/\/www.bts-company.com\/sr\/#website"},"datePublished":"2023-11-03T12:43:58+00:00","dateModified":"2024-06-06T09:38:40+00:00","description":"Zato smo za tu namenu razvili sopstvenu mobilnu \u0107eliju sa kolaborativnim robotom u dve osnovne varijante MC100 i MC200.","breadcrumb":{"@id":"https:\/\/www.bts-company.com\/sr\/ekonomicna-mobilna-celica-s-kolaborativnim-robotom-za-avtomatizirano-strego-obdelovalnih-strojev\/#breadcrumb"},"inLanguage":"sr-RS","potentialAction":[{"@type":"ReadAction","target":["https:\/\/www.bts-company.com\/sr\/ekonomicna-mobilna-celica-s-kolaborativnim-robotom-za-avtomatizirano-strego-obdelovalnih-strojev\/"]}]},{"@type":"BreadcrumbList","@id":"https:\/\/www.bts-company.com\/sr\/ekonomicna-mobilna-celica-s-kolaborativnim-robotom-za-avtomatizirano-strego-obdelovalnih-strojev\/#breadcrumb","itemListElement":[{"@type":"ListItem","position":1,"name":"","item":"https:\/\/www.bts-company.com\/sr\/"},{"@type":"ListItem","position":2,"name":"Ekonomi\u010dna mobilna \u0107elija sa kolaborativnim robotom za automatizovano vezivanje obradnih ma\u0161ina"}]},{"@type":"WebSite","@id":"https:\/\/www.bts-company.com\/sr\/#website","url":"https:\/\/www.bts-company.com\/sr\/","name":"BTS Company","description":"CNC stroji in orodja","publisher":{"@id":"https:\/\/www.bts-company.com\/sr\/#organization"},"potentialAction":[{"@type":"SearchAction","target":{"@type":"EntryPoint","urlTemplate":"https:\/\/www.bts-company.com\/sr\/?s={search_term_string}"},"query-input":{"@type":"PropertyValueSpecification","valueRequired":true,"valueName":"search_term_string"}}],"inLanguage":"sr-RS"},{"@type":"Organization","@id":"https:\/\/www.bts-company.com\/sr\/#organization","name":"BTS Company","url":"https:\/\/www.bts-company.com\/sr\/","logo":{"@type":"ImageObject","inLanguage":"sr-RS","@id":"https:\/\/www.bts-company.com\/sr\/#\/schema\/logo\/image\/","url":"https:\/\/www.bts-company.com\/wp-content\/uploads\/2016\/12\/cropped-bts-company-logo-01.png","contentUrl":"https:\/\/www.bts-company.com\/wp-content\/uploads\/2016\/12\/cropped-bts-company-logo-01.png","width":512,"height":512,"caption":"BTS Company"},"image":{"@id":"https:\/\/www.bts-company.com\/sr\/#\/schema\/logo\/image\/"},"sameAs":["https:\/\/www.facebook.com\/people\/BTS-Company\/100090605649436\/"]}]}},"_links":{"self":[{"href":"https:\/\/www.bts-company.com\/sr\/wp-json\/wp\/v2\/pages\/100004929","targetHints":{"allow":["GET"]}}],"collection":[{"href":"https:\/\/www.bts-company.com\/sr\/wp-json\/wp\/v2\/pages"}],"about":[{"href":"https:\/\/www.bts-company.com\/sr\/wp-json\/wp\/v2\/types\/page"}],"author":[{"embeddable":true,"href":"https:\/\/www.bts-company.com\/sr\/wp-json\/wp\/v2\/users\/1"}],"replies":[{"embeddable":true,"href":"https:\/\/www.bts-company.com\/sr\/wp-json\/wp\/v2\/comments?post=100004929"}],"version-history":[{"count":1,"href":"https:\/\/www.bts-company.com\/sr\/wp-json\/wp\/v2\/pages\/100004929\/revisions"}],"predecessor-version":[{"id":100009419,"href":"https:\/\/www.bts-company.com\/sr\/wp-json\/wp\/v2\/pages\/100004929\/revisions\/100009419"}],"wp:attachment":[{"href":"https:\/\/www.bts-company.com\/sr\/wp-json\/wp\/v2\/media?parent=100004929"}],"curies":[{"name":"wp","href":"https:\/\/api.w.org\/{rel}","templated":true}]}}