{"id":100009421,"date":"2023-08-28T12:47:28","date_gmt":"2023-08-28T10:47:28","guid":{"rendered":"https:\/\/www.bts-company.com\/zastupstva-za-masine\/"},"modified":"2023-08-28T12:47:28","modified_gmt":"2023-08-28T10:47:28","slug":"zastupstva-za-masine","status":"publish","type":"page","link":"https:\/\/www.bts-company.com\/sr\/zastupstva-za-masine\/","title":{"rendered":"Zastupstva za ma\u0161ine"},"content":{"rendered":"<p>{&#8222;main-title&#8220;:{&#8222;component&#8220;:&#8220;hc_title&#8220;,&#8220;id&#8220;:&#8220;main-title&#8220;,&#8220;title&#8220;:&#8220;Zastupstva&#8220;,&#8220;subtitle&#8220;:&#8220;&#8220;,&#8220;title_content&#8220;:{&#8222;component&#8220;:&#8220;hc_title_base&#8220;,&#8220;id&#8220;:&#8220;title-base&#8220;,&#8220;image&#8220;:&#8220;&#8220;,&#8220;breadcrumbs&#8220;:true,&#8220;white&#8220;:false}},&#8220;section_1&#8243;:{&#8222;component&#8220;:&#8220;hc_section&#8220;,&#8220;id&#8220;:&#8220;section_1&#8243;,&#8220;section_width&#8220;:&#8220;&#8220;,&#8220;animation&#8220;:&#8220;&#8220;,&#8220;animation_time&#8220;:&#8220;&#8220;,&#8220;timeline_animation&#8220;:&#8220;&#8220;,&#8220;timeline_delay&#8220;:&#8220;&#8220;,&#8220;timeline_order&#8220;:&#8220;&#8220;,&#8220;vertical_row&#8220;:&#8220;&#8220;,&#8220;box_middle&#8220;:&#8220;&#8220;,&#8220;css_classes&#8220;:&#8220;&#8220;,&#8220;custom_css_classes&#8220;:&#8220;partners-list&#8220;,&#8220;custom_css_styles&#8220;:&#8220;&#8220;,&#8220;section_content&#8220;:[{&#8222;component&#8220;:&#8220;hc_column&#8220;,&#8220;id&#8220;:&#8220;column_2&#8243;,&#8220;column_width&#8220;:&#8220;col-md-12&#8243;,&#8220;animation&#8220;:&#8220;&#8220;,&#8220;animation_time&#8220;:&#8220;&#8220;,&#8220;timeline_animation&#8220;:&#8220;&#8220;,&#8220;timeline_delay&#8220;:&#8220;&#8220;,&#8220;timeline_order&#8220;:&#8220;&#8220;,&#8220;css_classes&#8220;:&#8220;&#8220;,&#8220;custom_css_classes&#8220;:&#8220;&#8220;,&#8220;custom_css_styles&#8220;:&#8220;&#8220;,&#8220;main_content&#8220;:[{&#8222;component&#8220;:&#8220;hc_pt_masonry_list&#8220;,&#8220;id&#8220;:&#8220;Kx5yr&#8220;,&#8220;css_classes&#8220;:&#8220;&#8220;,&#8220;custom_css_classes&#8220;:&#8220;&#8220;,&#8220;custom_css_styles&#8220;:&#8220;&#8220;,&#8220;post_type_slug&#8220;:&#8220;zastopstva&#8220;,&#8220;post_type_category&#8220;:&#8220;stroji&#8220;,&#8220;column&#8220;:&#8220;col-md-6&#8243;,&#8220;row&#8220;:&#8220;&#8220;,&#8220;margins&#8220;:&#8220;&#8220;,&#8220;pagination_type&#8220;:&#8220;pagination_wp&#8220;,&#8220;pag_items&#8220;:&#8220;-1&#8243;,&#8220;pag_lm_animation&#8220;:&#8220;&#8220;,&#8220;button_size&#8220;:&#8220;pagination-sm&#8220;,&#8220;menu&#8220;:true,&#8220;menu_position&#8220;:&#8220;nav-center&#8220;,&#8220;menu_style&#8220;:&#8220;&#8220;,&#8220;auto_masonry&#8220;:false,&#8220;box&#8220;:&#8220;side_content&#8220;,&#8220;boxed&#8220;:false,&#8220;boxed_inverse&#8220;:false,&#8220;button_text&#8220;:&#8220;Pro\u010ditaj vi\u0161e&#8220;,&#8220;button_style&#8220;:&#8220;link&#8220;,&#8220;button_dimensions&#8220;:&#8220;&#8220;,&#8220;button_animation&#8220;:false,&#8220;hidden_content&#8220;:false,&#8220;extra_1&#8243;:false,&#8220;extra_2&#8243;:false,&#8220;content&#8220;:&#8220;&#8220;,&#8220;title_length&#8220;:&#8220;&#8220;,&#8220;excerpt_length&#8220;:&#8220;&#8220;,&#8220;title_size&#8220;:&#8220;&#8220;,&#8220;box_animation&#8220;:&#8220;&#8220;,&#8220;custom_css&#8220;:&#8220;&#8220;,&#8220;pag_scroll_top&#8220;:false,&#8220;pag_centered&#8220;:false,&#8220;pag_button_prev&#8220;:&#8220;Prethodno&#8220;,&#8220;pag_button_next&#8220;:&#8220;Slede\u0107e&#8220;,&#8220;lm_lazy&#8220;:false,&#8220;lm_button_text&#8220;:&#8220;U\u010ditaj vi\u0161e&#8220;,&#8220;data_options_pagination&#8220;:&#8220;&#8220;},{&#8222;component&#8220;:&#8220;hc_space&#8220;,&#8220;id&#8220;:&#8220;wPaMO&#8220;,&#8220;css_classes&#8220;:&#8220;&#8220;,&#8220;custom_css_classes&#8220;:&#8220;&#8220;,&#8220;custom_css_styles&#8220;:&#8220;&#8220;,&#8220;size&#8220;:&#8220;&#8220;,&#8220;height&#8220;:&#8220;&#8220;}]}],&#8220;section_settings&#8220;:&#8220;&#8220;},&#8220;scripts&#8220;:{&#8222;masonry&#8220;:&#8220;isotope.min.js&#8220;},&#8220;css&#8220;:{&#8222;content_box&#8220;:&#8220;css\/content-box.css&#8220;},&#8220;css_page&#8220;:&#8220;&#8220;,&#8220;template_setting&#8220;:{&#8222;settings&#8220;:{&#8222;id&#8220;:&#8220;settings&#8220;}},&#8220;template_setting_top&#8220;:{},&#8220;page_setting&#8220;:{&#8222;settings&#8220;:[&#8222;lock-mode-off&#8220;]}}<\/p>\n","protected":false},"excerpt":{"rendered":"<p>{&#8222;main-title&#8220;:{&#8222;component&#8220;:&#8220;hc_title&#8220;,&#8220;id&#8220;:&#8220;main-title&#8220;,&#8220;title&#8220;:&#8220;Zastupstva&#8220;,&#8220;subtitle&#8220;:&#8220;&#8220;,&#8220;title_content&#8220;:{&#8222;component&#8220;:&#8220;hc_title_base&#8220;,&#8220;id&#8220;:&#8220;title-base&#8220;,&#8220;image&#8220;:&#8220;&#8220;,&#8220;breadcrumbs&#8220;:true,&#8220;white&#8220;:false}},&#8220;section_1&#8243;:{&#8222;component&#8220;:&#8220;hc_section&#8220;,&#8220;id&#8220;:&#8220;section_1&#8243;,&#8220;section_width&#8220;:&#8220;&#8220;,&#8220;animation&#8220;:&#8220;&#8220;,&#8220;animation_time&#8220;:&#8220;&#8220;,&#8220;timeline_animation&#8220;:&#8220;&#8220;,&#8220;timeline_delay&#8220;:&#8220;&#8220;,&#8220;timeline_order&#8220;:&#8220;&#8220;,&#8220;vertical_row&#8220;:&#8220;&#8220;,&#8220;box_middle&#8220;:&#8220;&#8220;,&#8220;css_classes&#8220;:&#8220;&#8220;,&#8220;custom_css_classes&#8220;:&#8220;partners-list&#8220;,&#8220;custom_css_styles&#8220;:&#8220;&#8220;,&#8220;section_content&#8220;:[{&#8222;component&#8220;:&#8220;hc_column&#8220;,&#8220;id&#8220;:&#8220;column_2&#8243;,&#8220;column_width&#8220;:&#8220;col-md-12&#8243;,&#8220;animation&#8220;:&#8220;&#8220;,&#8220;animation_time&#8220;:&#8220;&#8220;,&#8220;timeline_animation&#8220;:&#8220;&#8220;,&#8220;timeline_delay&#8220;:&#8220;&#8220;,&#8220;timeline_order&#8220;:&#8220;&#8220;,&#8220;css_classes&#8220;:&#8220;&#8220;,&#8220;custom_css_classes&#8220;:&#8220;&#8220;,&#8220;custom_css_styles&#8220;:&#8220;&#8220;,&#8220;main_content&#8220;:[{&#8222;component&#8220;:&#8220;hc_pt_masonry_list&#8220;,&#8220;id&#8220;:&#8220;Kx5yr&#8220;,&#8220;css_classes&#8220;:&#8220;&#8220;,&#8220;custom_css_classes&#8220;:&#8220;&#8220;,&#8220;custom_css_styles&#8220;:&#8220;&#8220;,&#8220;post_type_slug&#8220;:&#8220;zastopstva&#8220;,&#8220;post_type_category&#8220;:&#8220;stroji&#8220;,&#8220;column&#8220;:&#8220;col-md-6&#8243;,&#8220;row&#8220;:&#8220;&#8220;,&#8220;margins&#8220;:&#8220;&#8220;,&#8220;pagination_type&#8220;:&#8220;pagination_wp&#8220;,&#8220;pag_items&#8220;:&#8220;-1&#8243;,&#8220;pag_lm_animation&#8220;:&#8220;&#8220;,&#8220;button_size&#8220;:&#8220;pagination-sm&#8220;,&#8220;menu&#8220;:true,&#8220;menu_position&#8220;:&#8220;nav-center&#8220;,&#8220;menu_style&#8220;:&#8220;&#8220;,&#8220;auto_masonry&#8220;:false,&#8220;box&#8220;:&#8220;side_content&#8220;,&#8220;boxed&#8220;:false,&#8220;boxed_inverse&#8220;:false,&#8220;button_text&#8220;:&#8220;Pro\u010ditaj vi\u0161e&#8220;,&#8220;button_style&#8220;:&#8220;link&#8220;,&#8220;button_dimensions&#8220;:&#8220;&#8220;,&#8220;button_animation&#8220;:false,&#8220;hidden_content&#8220;:false,&#8220;extra_1&#8243;:false,&#8220;extra_2&#8243;:false,&#8220;content&#8220;:&#8220;&#8220;,&#8220;title_length&#8220;:&#8220;&#8220;,&#8220;excerpt_length&#8220;:&#8220;&#8220;,&#8220;title_size&#8220;:&#8220;&#8220;,&#8220;box_animation&#8220;:&#8220;&#8220;,&#8220;custom_css&#8220;:&#8220;&#8220;,&#8220;pag_scroll_top&#8220;:false,&#8220;pag_centered&#8220;:false,&#8220;pag_button_prev&#8220;:&#8220;Prethodno&#8220;,&#8220;pag_button_next&#8220;:&#8220;Slede\u0107e&#8220;,&#8220;lm_lazy&#8220;:false,&#8220;lm_button_text&#8220;:&#8220;U\u010ditaj vi\u0161e&#8220;,&#8220;data_options_pagination&#8220;:&#8220;&#8220;},{&#8222;component&#8220;:&#8220;hc_space&#8220;,&#8220;id&#8220;:&#8220;wPaMO&#8220;,&#8220;css_classes&#8220;:&#8220;&#8220;,&#8220;custom_css_classes&#8220;:&#8220;&#8220;,&#8220;custom_css_styles&#8220;:&#8220;&#8220;,&#8220;size&#8220;:&#8220;&#8220;,&#8220;height&#8220;:&#8220;&#8220;}]}],&#8220;section_settings&#8220;:&#8220;&#8220;},&#8220;scripts&#8220;:{&#8222;masonry&#8220;:&#8220;isotope.min.js&#8220;},&#8220;css&#8220;:{&#8222;content_box&#8220;:&#8220;css\/content-box.css&#8220;},&#8220;css_page&#8220;:&#8220;&#8220;,&#8220;template_setting&#8220;:{&#8222;settings&#8220;:{&#8222;id&#8220;:&#8220;settings&#8220;}},&#8220;template_setting_top&#8220;:{},&#8220;page_setting&#8220;:{&#8222;settings&#8220;:[&#8222;lock-mode-off&#8220;]}}<\/p>\n","protected":false},"author":1,"featured_media":0,"parent":0,"menu_order":0,"comment_status":"closed","ping_status":"closed","template":"","meta":{"_acf_changed":false,"inline_featured_image":false,"footnotes":""},"class_list":["post-100009421","page","type-page","status-publish","hentry"],"acf":[],"yoast_head":"<!-- This site is optimized with the Yoast SEO plugin v25.3.1 - https:\/\/yoast.com\/wordpress\/plugins\/seo\/ -->\n<title>Zastupstva za ma\u0161ine - BTS Company<\/title>\n<meta name=\"description\" content=\"BTS Company nudi zastupni\u0161tva za ma\u0161ine priznatih brendova. Me\u0111u njima su LOSMA, DN Solutions, GROB, JTEKT TOYODA i drugi.\" \/>\n<meta name=\"robots\" content=\"index, follow, max-snippet:-1, max-image-preview:large, max-video-preview:-1\" \/>\n<link rel=\"canonical\" href=\"https:\/\/www.bts-company.com\/sr\/zastupstva-za-masine\/\" \/>\n<meta property=\"og:locale\" content=\"sr_RS\" \/>\n<meta property=\"og:type\" content=\"article\" \/>\n<meta property=\"og:title\" content=\"Zastupstva za ma\u0161ine - BTS Company\" \/>\n<meta property=\"og:description\" content=\"BTS Company nudi zastupni\u0161tva za ma\u0161ine priznatih brendova. Me\u0111u njima su LOSMA, DN Solutions, GROB, JTEKT TOYODA i drugi.\" \/>\n<meta property=\"og:url\" content=\"https:\/\/www.bts-company.com\/sr\/zastupstva-za-masine\/\" \/>\n<meta property=\"og:site_name\" content=\"BTS Company\" \/>\n<meta property=\"article:publisher\" content=\"https:\/\/www.facebook.com\/people\/BTS-Company\/100090605649436\/\" \/>\n<meta property=\"og:image\" content=\"https:\/\/www.bts-company.com\/wp-content\/uploads\/2016\/12\/bts-company-logo.png\" \/>\n\t<meta property=\"og:image:width\" content=\"1162\" \/>\n\t<meta property=\"og:image:height\" content=\"461\" \/>\n\t<meta property=\"og:image:type\" content=\"image\/png\" \/>\n<meta name=\"twitter:card\" content=\"summary_large_image\" \/>\n<meta name=\"twitter:label1\" content=\"\u041f\u0440\u043e\u0446\u0435\u045a\u0435\u043d\u043e \u0432\u0440\u0435\u043c\u0435 \u0447\u0438\u0442\u0430\u045a\u0430\" \/>\n\t<meta name=\"twitter:data1\" content=\"1 \u043c\u0438\u043d\u0443\u0442\" \/>\n<script type=\"application\/ld+json\" class=\"yoast-schema-graph\">{\"@context\":\"https:\/\/schema.org\",\"@graph\":[{\"@type\":\"WebPage\",\"@id\":\"https:\/\/www.bts-company.com\/sr\/zastupstva-za-masine\/\",\"url\":\"https:\/\/www.bts-company.com\/sr\/zastupstva-za-masine\/\",\"name\":\"Zastupstva za ma\u0161ine - BTS Company\",\"isPartOf\":{\"@id\":\"https:\/\/www.bts-company.com\/sr\/#website\"},\"datePublished\":\"2023-08-28T10:47:28+00:00\",\"description\":\"BTS Company nudi zastupni\u0161tva za ma\u0161ine priznatih brendova. Me\u0111u njima su LOSMA, DN Solutions, GROB, JTEKT TOYODA i drugi.\",\"breadcrumb\":{\"@id\":\"https:\/\/www.bts-company.com\/sr\/zastupstva-za-masine\/#breadcrumb\"},\"inLanguage\":\"sr-RS\",\"potentialAction\":[{\"@type\":\"ReadAction\",\"target\":[\"https:\/\/www.bts-company.com\/sr\/zastupstva-za-masine\/\"]}]},{\"@type\":\"BreadcrumbList\",\"@id\":\"https:\/\/www.bts-company.com\/sr\/zastupstva-za-masine\/#breadcrumb\",\"itemListElement\":[{\"@type\":\"ListItem\",\"position\":1,\"name\":\"\",\"item\":\"https:\/\/www.bts-company.com\/sr\/\"},{\"@type\":\"ListItem\",\"position\":2,\"name\":\"Zastupstva za ma\u0161ine\"}]},{\"@type\":\"WebSite\",\"@id\":\"https:\/\/www.bts-company.com\/sr\/#website\",\"url\":\"https:\/\/www.bts-company.com\/sr\/\",\"name\":\"BTS Company\",\"description\":\"CNC stroji in orodja\",\"publisher\":{\"@id\":\"https:\/\/www.bts-company.com\/sr\/#organization\"},\"potentialAction\":[{\"@type\":\"SearchAction\",\"target\":{\"@type\":\"EntryPoint\",\"urlTemplate\":\"https:\/\/www.bts-company.com\/sr\/?s={search_term_string}\"},\"query-input\":{\"@type\":\"PropertyValueSpecification\",\"valueRequired\":true,\"valueName\":\"search_term_string\"}}],\"inLanguage\":\"sr-RS\"},{\"@type\":\"Organization\",\"@id\":\"https:\/\/www.bts-company.com\/sr\/#organization\",\"name\":\"BTS Company\",\"url\":\"https:\/\/www.bts-company.com\/sr\/\",\"logo\":{\"@type\":\"ImageObject\",\"inLanguage\":\"sr-RS\",\"@id\":\"https:\/\/www.bts-company.com\/sr\/#\/schema\/logo\/image\/\",\"url\":\"https:\/\/www.bts-company.com\/wp-content\/uploads\/2016\/12\/cropped-bts-company-logo-01.png\",\"contentUrl\":\"https:\/\/www.bts-company.com\/wp-content\/uploads\/2016\/12\/cropped-bts-company-logo-01.png\",\"width\":512,\"height\":512,\"caption\":\"BTS Company\"},\"image\":{\"@id\":\"https:\/\/www.bts-company.com\/sr\/#\/schema\/logo\/image\/\"},\"sameAs\":[\"https:\/\/www.facebook.com\/people\/BTS-Company\/100090605649436\/\"]}]}<\/script>\n<!-- \/ Yoast SEO plugin. -->","yoast_head_json":{"title":"Zastupstva za ma\u0161ine - BTS Company","description":"BTS Company nudi zastupni\u0161tva za ma\u0161ine priznatih brendova. Me\u0111u njima su LOSMA, DN Solutions, GROB, JTEKT TOYODA i drugi.","robots":{"index":"index","follow":"follow","max-snippet":"max-snippet:-1","max-image-preview":"max-image-preview:large","max-video-preview":"max-video-preview:-1"},"canonical":"https:\/\/www.bts-company.com\/sr\/zastupstva-za-masine\/","og_locale":"sr_RS","og_type":"article","og_title":"Zastupstva za ma\u0161ine - BTS Company","og_description":"BTS Company nudi zastupni\u0161tva za ma\u0161ine priznatih brendova. Me\u0111u njima su LOSMA, DN Solutions, GROB, JTEKT TOYODA i drugi.","og_url":"https:\/\/www.bts-company.com\/sr\/zastupstva-za-masine\/","og_site_name":"BTS Company","article_publisher":"https:\/\/www.facebook.com\/people\/BTS-Company\/100090605649436\/","og_image":[{"width":1162,"height":461,"url":"https:\/\/www.bts-company.com\/wp-content\/uploads\/2016\/12\/bts-company-logo.png","type":"image\/png"}],"twitter_card":"summary_large_image","twitter_misc":{"\u041f\u0440\u043e\u0446\u0435\u045a\u0435\u043d\u043e \u0432\u0440\u0435\u043c\u0435 \u0447\u0438\u0442\u0430\u045a\u0430":"1 \u043c\u0438\u043d\u0443\u0442"},"schema":{"@context":"https:\/\/schema.org","@graph":[{"@type":"WebPage","@id":"https:\/\/www.bts-company.com\/sr\/zastupstva-za-masine\/","url":"https:\/\/www.bts-company.com\/sr\/zastupstva-za-masine\/","name":"Zastupstva za ma\u0161ine - BTS Company","isPartOf":{"@id":"https:\/\/www.bts-company.com\/sr\/#website"},"datePublished":"2023-08-28T10:47:28+00:00","description":"BTS Company nudi zastupni\u0161tva za ma\u0161ine priznatih brendova. Me\u0111u njima su LOSMA, DN Solutions, GROB, JTEKT TOYODA i drugi.","breadcrumb":{"@id":"https:\/\/www.bts-company.com\/sr\/zastupstva-za-masine\/#breadcrumb"},"inLanguage":"sr-RS","potentialAction":[{"@type":"ReadAction","target":["https:\/\/www.bts-company.com\/sr\/zastupstva-za-masine\/"]}]},{"@type":"BreadcrumbList","@id":"https:\/\/www.bts-company.com\/sr\/zastupstva-za-masine\/#breadcrumb","itemListElement":[{"@type":"ListItem","position":1,"name":"","item":"https:\/\/www.bts-company.com\/sr\/"},{"@type":"ListItem","position":2,"name":"Zastupstva za ma\u0161ine"}]},{"@type":"WebSite","@id":"https:\/\/www.bts-company.com\/sr\/#website","url":"https:\/\/www.bts-company.com\/sr\/","name":"BTS Company","description":"CNC stroji in orodja","publisher":{"@id":"https:\/\/www.bts-company.com\/sr\/#organization"},"potentialAction":[{"@type":"SearchAction","target":{"@type":"EntryPoint","urlTemplate":"https:\/\/www.bts-company.com\/sr\/?s={search_term_string}"},"query-input":{"@type":"PropertyValueSpecification","valueRequired":true,"valueName":"search_term_string"}}],"inLanguage":"sr-RS"},{"@type":"Organization","@id":"https:\/\/www.bts-company.com\/sr\/#organization","name":"BTS Company","url":"https:\/\/www.bts-company.com\/sr\/","logo":{"@type":"ImageObject","inLanguage":"sr-RS","@id":"https:\/\/www.bts-company.com\/sr\/#\/schema\/logo\/image\/","url":"https:\/\/www.bts-company.com\/wp-content\/uploads\/2016\/12\/cropped-bts-company-logo-01.png","contentUrl":"https:\/\/www.bts-company.com\/wp-content\/uploads\/2016\/12\/cropped-bts-company-logo-01.png","width":512,"height":512,"caption":"BTS Company"},"image":{"@id":"https:\/\/www.bts-company.com\/sr\/#\/schema\/logo\/image\/"},"sameAs":["https:\/\/www.facebook.com\/people\/BTS-Company\/100090605649436\/"]}]}},"_links":{"self":[{"href":"https:\/\/www.bts-company.com\/sr\/wp-json\/wp\/v2\/pages\/100009421","targetHints":{"allow":["GET"]}}],"collection":[{"href":"https:\/\/www.bts-company.com\/sr\/wp-json\/wp\/v2\/pages"}],"about":[{"href":"https:\/\/www.bts-company.com\/sr\/wp-json\/wp\/v2\/types\/page"}],"author":[{"embeddable":true,"href":"https:\/\/www.bts-company.com\/sr\/wp-json\/wp\/v2\/users\/1"}],"replies":[{"embeddable":true,"href":"https:\/\/www.bts-company.com\/sr\/wp-json\/wp\/v2\/comments?post=100009421"}],"version-history":[{"count":0,"href":"https:\/\/www.bts-company.com\/sr\/wp-json\/wp\/v2\/pages\/100009421\/revisions"}],"wp:attachment":[{"href":"https:\/\/www.bts-company.com\/sr\/wp-json\/wp\/v2\/media?parent=100009421"}],"curies":[{"name":"wp","href":"https:\/\/api.w.org\/{rel}","templated":true}]}}