{"id":100009424,"date":"2023-05-04T13:29:01","date_gmt":"2023-05-04T11:29:01","guid":{"rendered":"https:\/\/www.bts-company.com\/uslovi-poslovanja\/"},"modified":"2024-06-12T13:43:16","modified_gmt":"2024-06-12T11:43:16","slug":"uslovi-poslovanja","status":"publish","type":"page","link":"https:\/\/www.bts-company.com\/sr\/uslovi-poslovanja\/","title":{"rendered":"Uslovi poslovanja"},"content":{"rendered":"<p>{<br \/>\n  &#8222;main-title&#8220;: {<br \/>\n    &#8222;component&#8220;: &#8222;hc_title&#8220;,<br \/>\n    &#8222;id&#8220;: &#8222;main-title&#8220;,<br \/>\n    &#8222;title&#8220;: &#8222;\u010cesto postavljana pitanja&#8220;,<br \/>\n    &#8222;subtitle&#8220;: &#8222;&#8220;,<br \/>\n    &#8222;title_content&#8220;: {<br \/>\n      &#8222;component&#8220;: &#8222;hc_title_base&#8220;,<br \/>\n      &#8222;id&#8220;: &#8222;title-base&#8220;,<br \/>\n      &#8222;image&#8220;: &#8222;&#8220;,<br \/>\n      &#8222;breadcrumbs&#8220;: true,<br \/>\n      &#8222;white&#8220;: false<br \/>\n    }<br \/>\n  },<br \/>\n  &#8222;section_HY5f8&#8220;: {<br \/>\n    &#8222;component&#8220;: &#8222;hc_section&#8220;,<br \/>\n    &#8222;id&#8220;: &#8222;section_HY5f8&#8220;,<br \/>\n    &#8222;section_width&#8220;: &#8222;&#8220;,<br \/>\n    &#8222;animation&#8220;: &#8222;&#8220;,<br \/>\n    &#8222;animation_time&#8220;: &#8222;&#8220;,<br \/>\n    &#8222;timeline_animation&#8220;: &#8222;&#8220;,<br \/>\n    &#8222;timeline_delay&#8220;: &#8222;&#8220;,<br \/>\n    &#8222;timeline_order&#8220;: &#8222;&#8220;,<br \/>\n    &#8222;vertical_row&#8220;: &#8222;&#8220;,<br \/>\n    &#8222;box_middle&#8220;: &#8222;&#8220;,<br \/>\n    &#8222;css_classes&#8220;: &#8222;&#8220;,<br \/>\n    &#8222;custom_css_classes&#8220;: &#8222;&#8220;,<br \/>\n    &#8222;custom_css_styles&#8220;: &#8222;&#8220;,<br \/>\n    &#8222;section_content&#8220;: [<br \/>\n      {<br \/>\n        &#8222;component&#8220;: &#8222;hc_column&#8220;,<br \/>\n        &#8222;id&#8220;: &#8222;ATNNm&#8220;,<br \/>\n        &#8222;column_width&#8220;: &#8222;col-md-8&#8220;,<br \/>\n        &#8222;animation&#8220;: &#8222;&#8220;,<br \/>\n        &#8222;animation_time&#8220;: &#8222;&#8220;,<br \/>\n        &#8222;timeline_animation&#8220;: &#8222;&#8220;,<br \/>\n        &#8222;timeline_delay&#8220;: &#8222;&#8220;,<br \/>\n        &#8222;timeline_order&#8220;: &#8222;&#8220;,<br \/>\n        &#8222;css_classes&#8220;: &#8222;&#8220;,<br \/>\n        &#8222;custom_css_classes&#8220;: &#8222;&#8220;,<br \/>\n        &#8222;custom_css_styles&#8220;: &#8222;&#8220;,<br \/>\n        &#8222;main_content&#8220;: [<br \/>\n          {<br \/>\n            &#8222;component&#8220;: &#8222;hc_wp_editor&#8220;,<br \/>\n            &#8222;id&#8220;: &#8222;XAJfO&#8220;,<br \/>\n            &#8222;css_classes&#8220;: &#8222;&#8220;,<br \/>\n            &#8222;custom_css_classes&#8220;: &#8222;&#8220;,<br \/>\n            &#8222;custom_css_styles&#8220;: &#8222;&#8220;,<br \/>\n            &#8222;editor_content&#8220;: &#8222;<\/p>\n<h2>Autorska prava<\/h2>\n<p>\\n\u00a9 Bts Company d.o.o. Svi tekstovi, slike, grafike, animacije i drugi dokumenti, sadr\u017eine na veb stranicama, su u zakonsko dozvoljenom okviru predmet autorske za\u0161tite ili druge forme za\u0161tite intelektualne svojine.\\nSadr\u017eaj veb stranica nije dozvoljeno kopirati, distribuirati, menjati ili na bilo koji drugi na\u010din reprodukovati, osim uz pismeno odobrenje kompanije, koja aktivno ostvaruje svoja prava intelektualne svojine u najve\u0107oj mogu\u0107oj meri, koju dozvoljava zakon.\\n<\/p>\n<h2>Isklju\u010dene odgovornosti<\/h2>\n<p>\\nVeb stranice Bts Company d.o.o. su postavljene i odr\u017eavane sa najve\u0107om mogu\u0107om pa\u017enjom. Ipak, kompanija ne mo\u017ee garantovati za a\u017eurnost, ta\u010dnost ili pravilnost svih informacija na stranicama. Sve informacije na veb stranicama mogu biti promenjene bez prethodne najave.\\nTako\u0111e, kompanija ne prihvata odgovornost za bilo kakvu \u0161tetu, koja bi direktno ili indirektno nastala usled kori\u0161\u0107enja, neispravnog rada i\/ili nedostupnosti ovih veb stranica.\\nU slu\u010daju referisanja ili povezivanja ovih veb stranica sa drugim stranicama, koji su u vlasni\u0161tvu ili upravljanju tre\u0107ih lica, kompanija ne preuzima odgovornost za sadr\u017eaj ili ta\u010dnost rada ovih veb stranica.&#8220;<br \/>\n          }<br \/>\n        ]<br \/>\n      },<br \/>\n      {<br \/>\n        &#8222;component&#8220;: &#8222;hc_column&#8220;,<br \/>\n        &#8222;id&#8220;: &#8222;column_5ZtkF&#8220;,<br \/>\n        &#8222;column_width&#8220;: &#8222;col-md-4&#8220;,<br \/>\n        &#8222;animation&#8220;: &#8222;&#8220;,<br \/>\n        &#8222;animation_time&#8220;: &#8222;&#8220;,<br \/>\n        &#8222;timeline_animation&#8220;: &#8222;&#8220;,<br \/>\n        &#8222;timeline_delay&#8220;: &#8222;&#8220;,<br \/>\n        &#8222;timeline_order&#8220;: &#8222;&#8220;,<br \/>\n        &#8222;css_classes&#8220;: &#8222;boxed-inverse&#8220;,<br \/>\n        &#8222;custom_css_classes&#8220;: &#8222;&#8220;,<br \/>\n        &#8222;custom_css_styles&#8220;: &#8222;&#8220;,<br \/>\n        &#8222;main_content&#8220;: [<br \/>\n          {<br \/>\n            &#8222;component&#8220;: &#8222;hc_title_tag&#8220;,<br \/>\n            &#8222;id&#8220;: &#8222;fdxJg&#8220;,<br \/>\n            &#8222;css_classes&#8220;: &#8222;&#8220;,<br \/>\n            &#8222;custom_css_classes&#8220;: &#8222;text-normal&#8220;,<br \/>\n            &#8222;custom_css_styles&#8220;: &#8222;&#8220;,<br \/>\n            &#8222;text&#8220;: &#8222;Stupite u kontakt sa nama&#8220;,<br \/>\n            &#8222;tag&#8220;: &#8222;h4&#8220;<br \/>\n          },<br \/>\n          {<br \/>\n            &#8222;component&#8220;: &#8222;hc_text_block&#8220;,<br \/>\n            &#8222;id&#8220;: &#8222;suFGi&#8220;,<br \/>\n            &#8222;css_classes&#8220;: &#8222;&#8220;,<br \/>\n            &#8222;custom_css_classes&#8220;: &#8222;&#8220;,<br \/>\n            &#8222;custom_css_styles&#8220;: &#8222;&#8220;,<br \/>\n            &#8222;content&#8220;: &#8222;Kontaktirajte nas, odgovori\u0107emo Vam u najkra\u0107em mogu\u0107em vremenu.&#8220;<br \/>\n          },<br \/>\n          {<br \/>\n            &#8222;component&#8220;: &#8222;hc_button&#8220;,<br \/>\n            &#8222;id&#8220;: &#8222;qsRx5&#8220;,<br \/>\n            &#8222;css_classes&#8220;: &#8222;&#8220;,<br \/>\n            &#8222;custom_css_classes&#8220;: &#8222;&#8220;,<br \/>\n            &#8222;custom_css_styles&#8220;: &#8222;&#8220;,<br \/>\n            &#8222;icon&#8220;: &#8222;&#8220;,<br \/>\n            &#8222;style&#8220;: &#8222;link&#8220;,<br \/>\n            &#8222;size&#8220;: &#8222;&#8220;,<br \/>\n            &#8222;position&#8220;: &#8222;left&#8220;,<br \/>\n            &#8222;animation&#8220;: false,<br \/>\n            &#8222;text&#8220;: &#8222;Kontakt&#8220;,<br \/>\n            &#8222;link_type&#8220;: &#8222;classic&#8220;,<br \/>\n            &#8222;lightbox_animation&#8220;: &#8222;&#8220;,<br \/>\n            &#8222;caption&#8220;: &#8222;&#8220;,<br \/>\n            &#8222;inner_caption&#8220;: false,<br \/>\n            &#8222;new_window&#8220;: false,<br \/>\n            &#8222;link&#8220;: &#8222;\/kontakt&#8220;,<br \/>\n            &#8222;link_content&#8220;: [],<br \/>\n            &#8222;lightbox_size&#8220;: &#8222;&#8220;,<br \/>\n            &#8222;scrollbox&#8220;: false<br \/>\n          },<br \/>\n          {<br \/>\n            &#8222;component&#8220;: &#8222;hc_space&#8220;,<br \/>\n            &#8222;id&#8220;: &#8222;ODbxW&#8220;,<br \/>\n            &#8222;css_classes&#8220;: &#8222;&#8220;,<br \/>\n            &#8222;custom_css_classes&#8220;: &#8222;&#8220;,<br \/>\n            &#8222;custom_css_styles&#8220;: &#8222;&#8220;,<br \/>\n            &#8222;size&#8220;: &#8222;m&#8220;,<br \/>\n            &#8222;height&#8220;: &#8222;&#8220;<br \/>\n          },<br \/>\n          {<br \/>\n            &#8222;component&#8220;: &#8222;hc_title_tag&#8220;,<br \/>\n            &#8222;id&#8220;: &#8222;nsgvM&#8220;,<br \/>\n            &#8222;css_classes&#8220;: &#8222;&#8220;,<br \/>\n            &#8222;custom_css_classes&#8220;: &#8222;text-normal&#8220;,<br \/>\n            &#8222;custom_css_styles&#8220;: &#8222;&#8220;,<br \/>\n            &#8222;text&#8220;: &#8222;Kontaktne informacije&#8220;,<br \/>\n            &#8222;tag&#8220;: &#8222;h4&#8220;<br \/>\n          },<br \/>\n          {<br \/>\n            &#8222;component&#8220;: &#8222;hc_space&#8220;,<br \/>\n            &#8222;id&#8220;: &#8222;KCcEm&#8220;,<br \/>\n            &#8222;css_classes&#8220;: &#8222;&#8220;,<br \/>\n            &#8222;custom_css_classes&#8220;: &#8222;&#8220;,<br \/>\n            &#8222;custom_css_styles&#8220;: &#8222;&#8220;,<br \/>\n            &#8222;size&#8220;: &#8222;xs&#8220;,<br \/>\n            &#8222;height&#8220;: &#8222;&#8220;<br \/>\n          },<br \/>\n          {<br \/>\n            &#8222;component&#8220;: &#8222;hc_text_list&#8220;,<br \/>\n            &#8222;id&#8220;: &#8222;Ue3qY&#8220;,<br \/>\n            &#8222;css_classes&#8220;: &#8222;&#8220;,<br \/>\n            &#8222;custom_css_classes&#8220;: &#8222;&#8220;,<br \/>\n            &#8222;custom_css_styles&#8220;: &#8222;&#8220;,<br \/>\n            &#8222;rows&#8220;: [<br \/>\n              {<br \/>\n                &#8222;component&#8220;: &#8222;repeater_item&#8220;,<br \/>\n                &#8222;id&#8220;: &#8222;FjGNK&#8220;,<br \/>\n                &#8222;image_link&#8220;: &#8222;&#8220;,<br \/>\n                &#8222;title&#8220;: &#8222;Naslov&#8220;,<br \/>\n                &#8222;subtitle&#8220;: &#8222;Bratislavska 5, SI-1000 Ljubljana&#8220;,<br \/>\n                &#8222;extra&#8220;: &#8222;&#8220;<br \/>\n              },<br \/>\n              {<br \/>\n                &#8222;component&#8220;: &#8222;repeater_item&#8220;,<br \/>\n                &#8222;id&#8220;: &#8222;7dgbt&#8220;,<br \/>\n                &#8222;image_link&#8220;: &#8222;&#8220;,<br \/>\n                &#8222;title&#8220;: &#8222;Telefon&#8220;,<br \/>\n                &#8222;subtitle&#8220;: &#8222;+386 (0)1 58 41 400&#8220;,<br \/>\n                &#8222;extra&#8220;: &#8222;&#8220;<br \/>\n              },<br \/>\n              {<br \/>\n                &#8222;component&#8220;: &#8222;repeater_item&#8220;,<br \/>\n                &#8222;id&#8220;: &#8222;JFAro&#8220;,<br \/>\n                &#8222;image_link&#8220;: &#8222;&#8220;,<br \/>\n                &#8222;title&#8220;: &#8222;Email&#8220;,<br \/>\n                &#8222;subtitle&#8220;: &#8222;info@bts-company.si&#8220;,<br \/>\n                &#8222;extra&#8220;: &#8222;&#8220;<br \/>\n              },<br \/>\n              {<br \/>\n                &#8222;component&#8220;: &#8222;repeater_item&#8220;,<br \/>\n                &#8222;id&#8220;: &#8222;9Cub3&#8220;,<br \/>\n                &#8222;image_link&#8220;: &#8222;&#8220;,<br \/>\n                &#8222;title&#8220;: &#8222;Radno vreme&#8220;,<br \/>\n                &#8222;subtitle&#8220;: &#8222;Pon &#8211; Pet: 8.00 &#8211; 16:00&#8220;,<br \/>\n                &#8222;extra&#8220;: &#8222;&#8220;<br \/>\n              }<br \/>\n            ],<br \/>\n            &#8222;style&#8220;: &#8222;style_2&#8220;,<br \/>\n            &#8222;animation&#8220;: &#8222;&#8220;,<br \/>\n            &#8222;show_images&#8220;: false<br \/>\n          }<br \/>\n        ]<br \/>\n      }<br \/>\n    ],<br \/>\n    &#8222;section_settings&#8220;: &#8222;&#8220;<br \/>\n  },<br \/>\n  &#8222;scripts&#8220;: {},<br \/>\n  &#8222;css&#8220;: {},<br \/>\n  &#8222;css_page&#8220;: &#8222;&#8220;,<br \/>\n  &#8222;template_setting&#8220;: {<br \/>\n    &#8222;settings&#8220;: {<br \/>\n      &#8222;id&#8220;: &#8222;settings&#8220;<br \/>\n    }<br \/>\n  },<br \/>\n  &#8222;template_setting_top&#8220;: {},<br \/>\n  &#8222;page_setting&#8220;: {<br \/>\n    &#8222;settings&#8220;: [&#8222;lock-mode-off&#8220;]<br \/>\n  }<br \/>\n}<\/p>\n","protected":false},"excerpt":{"rendered":"<p>{ &#8222;main-title&#8220;: { &#8222;component&#8220;: &#8222;hc_title&#8220;, &#8222;id&#8220;: &#8222;main-title&#8220;, &#8222;title&#8220;: &#8222;\u010cesto postavljana pitanja&#8220;, &#8222;subtitle&#8220;: &#8222;&#8220;, &#8222;title_content&#8220;: { &#8222;component&#8220;: &#8222;hc_title_base&#8220;, &#8222;id&#8220;: &#8222;title-base&#8220;, &#8222;image&#8220;: &#8222;&#8220;, &#8222;breadcrumbs&#8220;: true, &#8222;white&#8220;: false } }, &#8222;section_HY5f8&#8220;: { &#8222;component&#8220;: &#8222;hc_section&#8220;, &#8222;id&#8220;: &#8222;section_HY5f8&#8220;, &#8222;section_width&#8220;: &#8222;&#8220;, &#8222;animation&#8220;: &#8222;&#8220;, &#8222;animation_time&#8220;: &#8222;&#8220;, &#8222;timeline_animation&#8220;: &#8222;&#8220;, &#8222;timeline_delay&#8220;: &#8222;&#8220;, &#8222;timeline_order&#8220;: &#8222;&#8220;, &#8222;vertical_row&#8220;: &#8222;&#8220;, &#8222;box_middle&#8220;: &#8222;&#8220;, &#8222;css_classes&#8220;: &#8222;&#8220;, &#8222;custom_css_classes&#8220;: &#8222;&#8220;, &#8222;custom_css_styles&#8220;: &#8222;&#8220;, [&hellip;]<\/p>\n","protected":false},"author":1,"featured_media":0,"parent":0,"menu_order":0,"comment_status":"closed","ping_status":"closed","template":"","meta":{"_acf_changed":false,"inline_featured_image":false,"footnotes":""},"class_list":["post-100009424","page","type-page","status-publish","hentry"],"acf":[],"yoast_head":"<!-- This site is optimized with the Yoast SEO plugin v25.3.1 - https:\/\/yoast.com\/wordpress\/plugins\/seo\/ -->\n<title>Uslovi poslovanja - BTS Company<\/title>\n<meta name=\"robots\" content=\"index, follow, max-snippet:-1, max-image-preview:large, max-video-preview:-1\" \/>\n<link rel=\"canonical\" href=\"https:\/\/www.bts-company.com\/sr\/uslovi-poslovanja\/\" \/>\n<meta property=\"og:locale\" content=\"sr_RS\" \/>\n<meta property=\"og:type\" content=\"article\" \/>\n<meta property=\"og:title\" content=\"Uslovi poslovanja - BTS Company\" \/>\n<meta property=\"og:description\" content=\"{ &#8222;main-title&#8220;: { &#8222;component&#8220;: &#8222;hc_title&#8220;, &#8222;id&#8220;: &#8222;main-title&#8220;, &#8222;title&#8220;: &#8222;\u010cesto postavljana pitanja&#8220;, &#8222;subtitle&#8220;: &#8222;&#8220;, &#8222;title_content&#8220;: { &#8222;component&#8220;: &#8222;hc_title_base&#8220;, &#8222;id&#8220;: &#8222;title-base&#8220;, &#8222;image&#8220;: &#8222;&#8220;, &#8222;breadcrumbs&#8220;: true, &#8222;white&#8220;: false } }, &#8222;section_HY5f8&#8220;: { &#8222;component&#8220;: &#8222;hc_section&#8220;, &#8222;id&#8220;: &#8222;section_HY5f8&#8220;, &#8222;section_width&#8220;: &#8222;&#8220;, &#8222;animation&#8220;: &#8222;&#8220;, &#8222;animation_time&#8220;: &#8222;&#8220;, &#8222;timeline_animation&#8220;: &#8222;&#8220;, &#8222;timeline_delay&#8220;: &#8222;&#8220;, &#8222;timeline_order&#8220;: &#8222;&#8220;, &#8222;vertical_row&#8220;: &#8222;&#8220;, &#8222;box_middle&#8220;: &#8222;&#8220;, &#8222;css_classes&#8220;: &#8222;&#8220;, &#8222;custom_css_classes&#8220;: &#8222;&#8220;, &#8222;custom_css_styles&#8220;: &#8222;&#8220;, [&hellip;]\" \/>\n<meta property=\"og:url\" content=\"https:\/\/www.bts-company.com\/sr\/uslovi-poslovanja\/\" \/>\n<meta property=\"og:site_name\" content=\"BTS Company\" \/>\n<meta property=\"article:publisher\" content=\"https:\/\/www.facebook.com\/people\/BTS-Company\/100090605649436\/\" \/>\n<meta property=\"article:modified_time\" content=\"2024-06-12T11:43:16+00:00\" \/>\n<meta property=\"og:image\" content=\"https:\/\/www.bts-company.com\/wp-content\/uploads\/2016\/12\/bts-company-logo.png\" \/>\n\t<meta property=\"og:image:width\" content=\"1162\" \/>\n\t<meta property=\"og:image:height\" content=\"461\" \/>\n\t<meta property=\"og:image:type\" content=\"image\/png\" \/>\n<meta name=\"twitter:card\" content=\"summary_large_image\" \/>\n<meta name=\"twitter:label1\" content=\"\u041f\u0440\u043e\u0446\u0435\u045a\u0435\u043d\u043e \u0432\u0440\u0435\u043c\u0435 \u0447\u0438\u0442\u0430\u045a\u0430\" \/>\n\t<meta name=\"twitter:data1\" content=\"1 \u043c\u0438\u043d\u0443\u0442\" \/>\n<script type=\"application\/ld+json\" class=\"yoast-schema-graph\">{\"@context\":\"https:\/\/schema.org\",\"@graph\":[{\"@type\":\"WebPage\",\"@id\":\"https:\/\/www.bts-company.com\/sr\/uslovi-poslovanja\/\",\"url\":\"https:\/\/www.bts-company.com\/sr\/uslovi-poslovanja\/\",\"name\":\"Uslovi poslovanja - BTS Company\",\"isPartOf\":{\"@id\":\"https:\/\/www.bts-company.com\/sr\/#website\"},\"datePublished\":\"2023-05-04T11:29:01+00:00\",\"dateModified\":\"2024-06-12T11:43:16+00:00\",\"breadcrumb\":{\"@id\":\"https:\/\/www.bts-company.com\/sr\/uslovi-poslovanja\/#breadcrumb\"},\"inLanguage\":\"sr-RS\",\"potentialAction\":[{\"@type\":\"ReadAction\",\"target\":[\"https:\/\/www.bts-company.com\/sr\/uslovi-poslovanja\/\"]}]},{\"@type\":\"BreadcrumbList\",\"@id\":\"https:\/\/www.bts-company.com\/sr\/uslovi-poslovanja\/#breadcrumb\",\"itemListElement\":[{\"@type\":\"ListItem\",\"position\":1,\"name\":\"\",\"item\":\"https:\/\/www.bts-company.com\/sr\/\"},{\"@type\":\"ListItem\",\"position\":2,\"name\":\"Uslovi poslovanja\"}]},{\"@type\":\"WebSite\",\"@id\":\"https:\/\/www.bts-company.com\/sr\/#website\",\"url\":\"https:\/\/www.bts-company.com\/sr\/\",\"name\":\"BTS Company\",\"description\":\"CNC stroji in orodja\",\"publisher\":{\"@id\":\"https:\/\/www.bts-company.com\/sr\/#organization\"},\"potentialAction\":[{\"@type\":\"SearchAction\",\"target\":{\"@type\":\"EntryPoint\",\"urlTemplate\":\"https:\/\/www.bts-company.com\/sr\/?s={search_term_string}\"},\"query-input\":{\"@type\":\"PropertyValueSpecification\",\"valueRequired\":true,\"valueName\":\"search_term_string\"}}],\"inLanguage\":\"sr-RS\"},{\"@type\":\"Organization\",\"@id\":\"https:\/\/www.bts-company.com\/sr\/#organization\",\"name\":\"BTS Company\",\"url\":\"https:\/\/www.bts-company.com\/sr\/\",\"logo\":{\"@type\":\"ImageObject\",\"inLanguage\":\"sr-RS\",\"@id\":\"https:\/\/www.bts-company.com\/sr\/#\/schema\/logo\/image\/\",\"url\":\"https:\/\/www.bts-company.com\/wp-content\/uploads\/2016\/12\/cropped-bts-company-logo-01.png\",\"contentUrl\":\"https:\/\/www.bts-company.com\/wp-content\/uploads\/2016\/12\/cropped-bts-company-logo-01.png\",\"width\":512,\"height\":512,\"caption\":\"BTS Company\"},\"image\":{\"@id\":\"https:\/\/www.bts-company.com\/sr\/#\/schema\/logo\/image\/\"},\"sameAs\":[\"https:\/\/www.facebook.com\/people\/BTS-Company\/100090605649436\/\"]}]}<\/script>\n<!-- \/ Yoast SEO plugin. -->","yoast_head_json":{"title":"Uslovi poslovanja - BTS Company","robots":{"index":"index","follow":"follow","max-snippet":"max-snippet:-1","max-image-preview":"max-image-preview:large","max-video-preview":"max-video-preview:-1"},"canonical":"https:\/\/www.bts-company.com\/sr\/uslovi-poslovanja\/","og_locale":"sr_RS","og_type":"article","og_title":"Uslovi poslovanja - BTS Company","og_description":"{ &#8222;main-title&#8220;: { &#8222;component&#8220;: &#8222;hc_title&#8220;, &#8222;id&#8220;: &#8222;main-title&#8220;, &#8222;title&#8220;: &#8222;\u010cesto postavljana pitanja&#8220;, &#8222;subtitle&#8220;: &#8222;&#8220;, &#8222;title_content&#8220;: { &#8222;component&#8220;: &#8222;hc_title_base&#8220;, &#8222;id&#8220;: &#8222;title-base&#8220;, &#8222;image&#8220;: &#8222;&#8220;, &#8222;breadcrumbs&#8220;: true, &#8222;white&#8220;: false } }, &#8222;section_HY5f8&#8220;: { &#8222;component&#8220;: &#8222;hc_section&#8220;, &#8222;id&#8220;: &#8222;section_HY5f8&#8220;, &#8222;section_width&#8220;: &#8222;&#8220;, &#8222;animation&#8220;: &#8222;&#8220;, &#8222;animation_time&#8220;: &#8222;&#8220;, &#8222;timeline_animation&#8220;: &#8222;&#8220;, &#8222;timeline_delay&#8220;: &#8222;&#8220;, &#8222;timeline_order&#8220;: &#8222;&#8220;, &#8222;vertical_row&#8220;: &#8222;&#8220;, &#8222;box_middle&#8220;: &#8222;&#8220;, &#8222;css_classes&#8220;: &#8222;&#8220;, &#8222;custom_css_classes&#8220;: &#8222;&#8220;, &#8222;custom_css_styles&#8220;: &#8222;&#8220;, [&hellip;]","og_url":"https:\/\/www.bts-company.com\/sr\/uslovi-poslovanja\/","og_site_name":"BTS Company","article_publisher":"https:\/\/www.facebook.com\/people\/BTS-Company\/100090605649436\/","article_modified_time":"2024-06-12T11:43:16+00:00","og_image":[{"width":1162,"height":461,"url":"https:\/\/www.bts-company.com\/wp-content\/uploads\/2016\/12\/bts-company-logo.png","type":"image\/png"}],"twitter_card":"summary_large_image","twitter_misc":{"\u041f\u0440\u043e\u0446\u0435\u045a\u0435\u043d\u043e \u0432\u0440\u0435\u043c\u0435 \u0447\u0438\u0442\u0430\u045a\u0430":"1 \u043c\u0438\u043d\u0443\u0442"},"schema":{"@context":"https:\/\/schema.org","@graph":[{"@type":"WebPage","@id":"https:\/\/www.bts-company.com\/sr\/uslovi-poslovanja\/","url":"https:\/\/www.bts-company.com\/sr\/uslovi-poslovanja\/","name":"Uslovi poslovanja - BTS Company","isPartOf":{"@id":"https:\/\/www.bts-company.com\/sr\/#website"},"datePublished":"2023-05-04T11:29:01+00:00","dateModified":"2024-06-12T11:43:16+00:00","breadcrumb":{"@id":"https:\/\/www.bts-company.com\/sr\/uslovi-poslovanja\/#breadcrumb"},"inLanguage":"sr-RS","potentialAction":[{"@type":"ReadAction","target":["https:\/\/www.bts-company.com\/sr\/uslovi-poslovanja\/"]}]},{"@type":"BreadcrumbList","@id":"https:\/\/www.bts-company.com\/sr\/uslovi-poslovanja\/#breadcrumb","itemListElement":[{"@type":"ListItem","position":1,"name":"","item":"https:\/\/www.bts-company.com\/sr\/"},{"@type":"ListItem","position":2,"name":"Uslovi poslovanja"}]},{"@type":"WebSite","@id":"https:\/\/www.bts-company.com\/sr\/#website","url":"https:\/\/www.bts-company.com\/sr\/","name":"BTS Company","description":"CNC stroji in orodja","publisher":{"@id":"https:\/\/www.bts-company.com\/sr\/#organization"},"potentialAction":[{"@type":"SearchAction","target":{"@type":"EntryPoint","urlTemplate":"https:\/\/www.bts-company.com\/sr\/?s={search_term_string}"},"query-input":{"@type":"PropertyValueSpecification","valueRequired":true,"valueName":"search_term_string"}}],"inLanguage":"sr-RS"},{"@type":"Organization","@id":"https:\/\/www.bts-company.com\/sr\/#organization","name":"BTS Company","url":"https:\/\/www.bts-company.com\/sr\/","logo":{"@type":"ImageObject","inLanguage":"sr-RS","@id":"https:\/\/www.bts-company.com\/sr\/#\/schema\/logo\/image\/","url":"https:\/\/www.bts-company.com\/wp-content\/uploads\/2016\/12\/cropped-bts-company-logo-01.png","contentUrl":"https:\/\/www.bts-company.com\/wp-content\/uploads\/2016\/12\/cropped-bts-company-logo-01.png","width":512,"height":512,"caption":"BTS Company"},"image":{"@id":"https:\/\/www.bts-company.com\/sr\/#\/schema\/logo\/image\/"},"sameAs":["https:\/\/www.facebook.com\/people\/BTS-Company\/100090605649436\/"]}]}},"_links":{"self":[{"href":"https:\/\/www.bts-company.com\/sr\/wp-json\/wp\/v2\/pages\/100009424","targetHints":{"allow":["GET"]}}],"collection":[{"href":"https:\/\/www.bts-company.com\/sr\/wp-json\/wp\/v2\/pages"}],"about":[{"href":"https:\/\/www.bts-company.com\/sr\/wp-json\/wp\/v2\/types\/page"}],"author":[{"embeddable":true,"href":"https:\/\/www.bts-company.com\/sr\/wp-json\/wp\/v2\/users\/1"}],"replies":[{"embeddable":true,"href":"https:\/\/www.bts-company.com\/sr\/wp-json\/wp\/v2\/comments?post=100009424"}],"version-history":[{"count":2,"href":"https:\/\/www.bts-company.com\/sr\/wp-json\/wp\/v2\/pages\/100009424\/revisions"}],"predecessor-version":[{"id":100010324,"href":"https:\/\/www.bts-company.com\/sr\/wp-json\/wp\/v2\/pages\/100009424\/revisions\/100010324"}],"wp:attachment":[{"href":"https:\/\/www.bts-company.com\/sr\/wp-json\/wp\/v2\/media?parent=100009424"}],"curies":[{"name":"wp","href":"https:\/\/api.w.org\/{rel}","templated":true}]}}