{"id":100009428,"date":"2023-01-18T10:33:31","date_gmt":"2023-01-18T09:33:31","guid":{"rendered":"https:\/\/www.bts-company.com\/masine\/"},"modified":"2024-09-02T15:20:19","modified_gmt":"2024-09-02T13:20:19","slug":"masine-list","status":"publish","type":"page","link":"https:\/\/www.bts-company.com\/sr\/masine-list\/","title":{"rendered":"Ma\u0161ine"},"content":{"rendered":"<p>{&#8222;main-title&#8220;:{&#8222;component&#8220;:&#8220;hc_title&#8220;,&#8220;id&#8220;:&#8220;main-title&#8220;,&#8220;title&#8220;:&#8220;Ma\u0161ine&#8220;,&#8220;subtitle&#8220;:&#8220;BTS Company nudi \u0161irok izbor visokokvalitetnih CNC alatnih ma\u0161ina i opreme za metaloprera\u0111iva\u010dku industriju. Mi smo distributer i prodavac visokokvalitetnih CNC strugova, vertikalnih i horizontalnih obradnih centara, 5-osnih obradnih centara, CNC ma\u0161ina za elektroeroziju (EDM), trakastih testera, ma\u0161inskih alata i robotike. Na\u0161 tim stru\u010dnjaka \u0107e vam pomo\u0107i da izaberete pravu opremu za va\u0161e potrebe i pru\u017eiti vrhunsku podr\u0161ku pri izboru, instalaciji i odr\u017eavanju. Za vi\u0161e informacija i individualno savetovanje, kontaktirajte nas i zajedno \u0107emo prona\u0107i pravo re\u0161enje za va\u0161e poslovanje.&#8220;,&#8220;title_content&#8220;:{&#8222;component&#8220;:&#8220;hc_title_base&#8220;,&#8220;id&#8220;:&#8220;title-base&#8220;,&#8220;image&#8220;:&#8220;&#8220;,&#8220;breadcrumbs&#8220;:true,&#8220;white&#8220;:false}},&#8220;section_1&#8243;:{&#8222;component&#8220;:&#8220;hc_section&#8220;,&#8220;id&#8220;:&#8220;section_1&#8243;,&#8220;section_width&#8220;:&#8220;&#8220;,&#8220;animation&#8220;:&#8220;&#8220;,&#8220;animation_time&#8220;:&#8220;&#8220;,&#8220;timeline_animation&#8220;:&#8220;&#8220;,&#8220;timeline_delay&#8220;:&#8220;&#8220;,&#8220;timeline_order&#8220;:&#8220;&#8220;,&#8220;vertical_row&#8220;:&#8220;&#8220;,&#8220;box_middle&#8220;:&#8220;&#8220;,&#8220;css_classes&#8220;:&#8220;boxed-inverse &#8222;,&#8220;custom_css_classes&#8220;:&#8220;&#8220;,&#8220;custom_css_styles&#8220;:&#8220;&#8220;,&#8220;section_content&#8220;:[{&#8222;component&#8220;:&#8220;hc_column&#8220;,&#8220;id&#8220;:&#8220;column_2&#8243;,&#8220;column_width&#8220;:&#8220;col-md-9&#8243;,&#8220;animation&#8220;:&#8220;&#8220;,&#8220;animation_time&#8220;:&#8220;&#8220;,&#8220;timeline_animation&#8220;:&#8220;&#8220;,&#8220;timeline_delay&#8220;:&#8220;&#8220;,&#8220;timeline_order&#8220;:&#8220;&#8220;,&#8220;css_classes&#8220;:&#8220;&#8220;,&#8220;custom_css_classes&#8220;:&#8220;&#8220;,&#8220;custom_css_styles&#8220;:&#8220;&#8220;,&#8220;main_content&#8220;:[{&#8222;component&#8220;:&#8220;hc_pt_masonry_list&#8220;,&#8220;id&#8220;:&#8220;CmI3B&#8220;,&#8220;css_classes&#8220;:&#8220;&#8220;,&#8220;custom_css_classes&#8220;:&#8220;&#8220;,&#8220;custom_css_styles&#8220;:&#8220;&#8220;,&#8220;post_type_slug&#8220;:&#8220;stroji&#8220;,&#8220;post_type_category&#8220;:&#8220;&#8220;,&#8220;column&#8220;:&#8220;col-md-4&#8243;,&#8220;row&#8220;:&#8220;&#8220;,&#8220;margins&#8220;:&#8220;&#8220;,&#8220;pagination_type&#8220;:&#8220;&#8220;,&#8220;pag_items&#8220;:&#8220;8&#8243;,&#8220;pag_lm_animation&#8220;:&#8220;&#8220;,&#8220;button_size&#8220;:&#8220;pagination-sm&#8220;,&#8220;menu&#8220;:false,&#8220;menu_position&#8220;:&#8220;nav-center&#8220;,&#8220;menu_style&#8220;:&#8220;ms-minimal&#8220;,&#8220;auto_masonry&#8220;:false,&#8220;box&#8220;:&#8220;image_down_text&#8220;,&#8220;boxed&#8220;:false,&#8220;boxed_inverse&#8220;:true,&#8220;button_text&#8220;:&#8220;&#8220;,&#8220;button_style&#8220;:&#8220;square&#8220;,&#8220;button_dimensions&#8220;:&#8220;&#8220;,&#8220;button_animation&#8220;:false,&#8220;hidden_content&#8220;:false,&#8220;extra_1&#8243;:false,&#8220;extra_2&#8243;:false,&#8220;content&#8220;:&#8220;description&#8220;,&#8220;title_length&#8220;:&#8220;&#8220;,&#8220;excerpt_length&#8220;:&#8220;&#8220;,&#8220;title_size&#8220;:&#8220;&#8220;,&#8220;box_animation&#8220;:&#8220;&#8220;,&#8220;custom_css&#8220;:&#8220;&#8220;,&#8220;pag_scroll_top&#8220;:false,&#8220;pag_centered&#8220;:false,&#8220;pag_button_prev&#8220;:&#8220;Prethodno&#8220;,&#8220;pag_button_next&#8220;:&#8220;Slede\u0107e&#8220;,&#8220;lm_lazy&#8220;:false,&#8220;lm_button_text&#8220;:&#8220;U\u010ditaj vi\u0161e&#8220;,&#8220;data_options_pagination&#8220;:&#8220;&#8220;}]},{&#8222;component&#8220;:&#8220;hc_column&#8220;,&#8220;id&#8220;:&#8220;column_5ZtkF&#8220;,&#8220;column_width&#8220;:&#8220;col-md-3&#8243;,&#8220;animation&#8220;:&#8220;&#8220;,&#8220;animation_time&#8220;:&#8220;&#8220;,&#8220;timeline_animation&#8220;:&#8220;&#8220;,&#8220;timeline_delay&#8220;:&#8220;&#8220;,&#8220;timeline_order&#8220;:&#8220;&#8220;,&#8220;css_classes&#8220;:&#8220;boxed-inverse &#8222;,&#8220;custom_css_classes&#8220;:&#8220;&#8220;,&#8220;custom_css_styles&#8220;:&#8220;&#8220;,&#8220;main_content&#8220;:[{&#8222;component&#8220;:&#8220;hc_subtitle&#8220;,&#8220;id&#8220;:&#8220;gvZPe&#8220;,&#8220;css_classes&#8220;:&#8220;&#8220;,&#8220;custom_css_classes&#8220;:&#8220;&#8220;,&#8220;custom_css_styles&#8220;:&#8220;&#8220;,&#8220;title&#8220;:&#8220;Zastupstva&#8220;,&#8220;subtitle&#8220;:&#8220;&#8220;,&#8220;icon&#8220;:&#8220;&#8220;,&#8220;style&#8220;:&#8220;modern&#8220;,&#8220;alignment&#8220;:&#8220;text-left&#8220;,&#8220;scroll_top&#8220;:false},{&#8222;component&#8220;:&#8220;hc_space&#8220;,&#8220;id&#8220;:&#8220;i5wAf&#8220;,&#8220;css_classes&#8220;:&#8220;&#8220;,&#8220;custom_css_classes&#8220;:&#8220;&#8220;,&#8220;custom_css_styles&#8220;:&#8220;&#8220;,&#8220;size&#8220;:&#8220;xs&#8220;,&#8220;height&#8220;:&#8220;&#8220;},{&#8222;component&#8220;:&#8220;hc_pt_grid_list&#8220;,&#8220;id&#8220;:&#8220;KLZKk&#8220;,&#8220;css_classes&#8220;:&#8220;&#8220;,&#8220;custom_css_classes&#8220;:&#8220;&#8220;,&#8220;custom_css_styles&#8220;:&#8220;&#8220;,&#8220;post_type_slug&#8220;:&#8220;zastopstva&#8220;,&#8220;post_type_category&#8220;:&#8220;masine&#8220;,&#8220;column&#8220;:&#8220;col-md-12&#8243;,&#8220;row&#8220;:&#8220;&#8220;,&#8220;margins&#8220;:&#8220;0&#8243;,&#8220;pagination_type&#8220;:&#8220;&#8220;,&#8220;pag_items&#8220;:&#8220;-1&#8243;,&#8220;button_size&#8220;:&#8220;pagination-sm&#8220;,&#8220;box&#8220;:&#8220;side_icon&#8220;,&#8220;boxed&#8220;:false,&#8220;boxed_inverse&#8220;:false,&#8220;button_text&#8220;:&#8220;&#8220;,&#8220;button_style&#8220;:&#8220;square&#8220;,&#8220;button_dimensions&#8220;:&#8220;&#8220;,&#8220;button_animation&#8220;:false,&#8220;hidden_content&#8220;:false,&#8220;extra_1&#8243;:false,&#8220;extra_2&#8243;:false,&#8220;content&#8220;:&#8220;subtitle&#8220;,&#8220;title_length&#8220;:&#8220;&#8220;,&#8220;excerpt_length&#8220;:&#8220;&#8220;,&#8220;title_size&#8220;:&#8220;text-s&#8220;,&#8220;box_animation&#8220;:&#8220;&#8220;,&#8220;custom_css&#8220;:&#8220;&#8220;,&#8220;pag_lm_animation&#8220;:&#8220;&#8220;,&#8220;pag_scroll_top&#8220;:false,&#8220;pag_centered&#8220;:false,&#8220;pag_button_prev&#8220;:&#8220;Prethodno&#8220;,&#8220;pag_button_next&#8220;:&#8220;Slede\u0107e&#8220;,&#8220;lm_lazy&#8220;:false,&#8220;lm_button_text&#8220;:&#8220;U\u010ditaj vi\u0161e&#8220;,&#8220;data_options_pagination&#8220;:&#8220;&#8220;},{&#8222;component&#8220;:&#8220;hc_button&#8220;,&#8220;id&#8220;:&#8220;NkAFP&#8220;,&#8220;css_classes&#8220;:&#8220;&#8220;,&#8220;custom_css_classes&#8220;:&#8220;&#8220;,&#8220;custom_css_styles&#8220;:&#8220;&#8220;,&#8220;icon&#8220;:&#8220;&#8220;,&#8220;style&#8220;:&#8220;square&#8220;,&#8220;size&#8220;:&#8220;&#8220;,&#8220;position&#8220;:&#8220;left&#8220;,&#8220;animation&#8220;:false,&#8220;text&#8220;:&#8220;Sva zastupstva&#8220;,&#8220;link_type&#8220;:&#8220;classic&#8220;,&#8220;lightbox_animation&#8220;:&#8220;&#8220;,&#8220;caption&#8220;:&#8220;&#8220;,&#8220;inner_caption&#8220;:false,&#8220;new_window&#8220;:false,&#8220;link&#8220;:&#8220;\/sr\/zastupstva-za-masine\/&#8220;,&#8220;link_content&#8220;:[],&#8220;lightbox_size&#8220;:&#8220;&#8220;,&#8220;scrollbox&#8220;:false}]}],&#8220;section_settings&#8220;:&#8220;&#8220;},&#8220;scripts&#8220;:{&#8222;masonry&#8220;:&#8220;isotope.min.js&#8220;,&#8220;pagination&#8220;:&#8220;jquery.twbsPagination.min.js&#8220;},&#8220;css&#8220;:{&#8222;image_box&#8220;:&#8220;css\/image-box.css&#8220;,&#8220;content_box&#8220;:&#8220;css\/content-box.css&#8220;},&#8220;css_page&#8220;:&#8220;&#8220;,&#8220;template_setting&#8220;:{&#8222;settings&#8220;:{&#8222;id&#8220;:&#8220;settings&#8220;}},&#8220;template_setting_top&#8220;:{},&#8220;page_setting&#8220;:{&#8222;settings&#8220;:[&#8222;lock-mode-off&#8220;]}}<\/p>\n","protected":false},"excerpt":{"rendered":"<p>{&#8222;main-title&#8220;:{&#8222;component&#8220;:&#8220;hc_title&#8220;,&#8220;id&#8220;:&#8220;main-title&#8220;,&#8220;title&#8220;:&#8220;Ma\u0161ine&#8220;,&#8220;subtitle&#8220;:&#8220;BTS Company nudi \u0161irok izbor visokokvalitetnih CNC alatnih ma\u0161ina i opreme za metaloprera\u0111iva\u010dku industriju. Mi smo distributer i prodavac visokokvalitetnih CNC strugova, vertikalnih i horizontalnih obradnih centara, 5-osnih obradnih centara, CNC ma\u0161ina za elektroeroziju (EDM), trakastih testera, ma\u0161inskih alata i robotike. Na\u0161 tim stru\u010dnjaka \u0107e vam pomo\u0107i da izaberete pravu opremu za va\u0161e potrebe i [&hellip;]<\/p>\n","protected":false},"author":1,"featured_media":100004737,"parent":0,"menu_order":0,"comment_status":"closed","ping_status":"closed","template":"","meta":{"_acf_changed":false,"inline_featured_image":false,"footnotes":""},"class_list":["post-100009428","page","type-page","status-publish","has-post-thumbnail","hentry"],"acf":[],"yoast_head":"<!-- This site is optimized with the Yoast SEO plugin v25.3.1 - https:\/\/yoast.com\/wordpress\/plugins\/seo\/ -->\n<title>Ma\u0161ine - BTS Company<\/title>\n<meta name=\"description\" content=\"Zastupnik i prodavac visokokvalitetnih CNC strugova, ma\u0161ina, vertikalnih i horizontalnih obradnih centara, 5-osnih obradnih...\" \/>\n<meta name=\"robots\" content=\"index, follow, max-snippet:-1, max-image-preview:large, max-video-preview:-1\" \/>\n<link rel=\"canonical\" href=\"https:\/\/www.bts-company.com\/sr\/masine-list\/\" \/>\n<meta property=\"og:locale\" content=\"sr_RS\" \/>\n<meta property=\"og:type\" content=\"article\" \/>\n<meta property=\"og:title\" content=\"Ma\u0161ine - BTS Company\" \/>\n<meta property=\"og:description\" content=\"Zastupnik i prodavac visokokvalitetnih CNC strugova, ma\u0161ina, vertikalnih i horizontalnih obradnih centara, 5-osnih obradnih...\" \/>\n<meta property=\"og:url\" content=\"https:\/\/www.bts-company.com\/sr\/masine-list\/\" \/>\n<meta property=\"og:site_name\" content=\"BTS Company\" \/>\n<meta property=\"article:publisher\" content=\"https:\/\/www.facebook.com\/people\/BTS-Company\/100090605649436\/\" \/>\n<meta property=\"article:modified_time\" content=\"2024-09-02T13:20:19+00:00\" \/>\n<meta property=\"og:image\" content=\"https:\/\/www.bts-company.com\/wp-content\/uploads\/2024\/01\/stroji-skupna_shadow_b.webp\" \/>\n\t<meta property=\"og:image:width\" content=\"800\" \/>\n\t<meta property=\"og:image:height\" content=\"450\" \/>\n\t<meta property=\"og:image:type\" content=\"image\/webp\" \/>\n<meta name=\"twitter:card\" content=\"summary_large_image\" \/>\n<meta name=\"twitter:label1\" content=\"\u041f\u0440\u043e\u0446\u0435\u045a\u0435\u043d\u043e \u0432\u0440\u0435\u043c\u0435 \u0447\u0438\u0442\u0430\u045a\u0430\" \/>\n\t<meta name=\"twitter:data1\" content=\"1 \u043c\u0438\u043d\u0443\u0442\" \/>\n<script type=\"application\/ld+json\" class=\"yoast-schema-graph\">{\"@context\":\"https:\/\/schema.org\",\"@graph\":[{\"@type\":\"WebPage\",\"@id\":\"https:\/\/www.bts-company.com\/sr\/masine-list\/\",\"url\":\"https:\/\/www.bts-company.com\/sr\/masine-list\/\",\"name\":\"Ma\u0161ine - BTS Company\",\"isPartOf\":{\"@id\":\"https:\/\/www.bts-company.com\/sr\/#website\"},\"primaryImageOfPage\":{\"@id\":\"https:\/\/www.bts-company.com\/sr\/masine-list\/#primaryimage\"},\"image\":{\"@id\":\"https:\/\/www.bts-company.com\/sr\/masine-list\/#primaryimage\"},\"thumbnailUrl\":\"https:\/\/www.bts-company.com\/wp-content\/uploads\/2024\/01\/stroji-skupna_shadow_b.webp\",\"datePublished\":\"2023-01-18T09:33:31+00:00\",\"dateModified\":\"2024-09-02T13:20:19+00:00\",\"description\":\"Zastupnik i prodavac visokokvalitetnih CNC strugova, ma\u0161ina, vertikalnih i horizontalnih obradnih centara, 5-osnih obradnih...\",\"breadcrumb\":{\"@id\":\"https:\/\/www.bts-company.com\/sr\/masine-list\/#breadcrumb\"},\"inLanguage\":\"sr-RS\",\"potentialAction\":[{\"@type\":\"ReadAction\",\"target\":[\"https:\/\/www.bts-company.com\/sr\/masine-list\/\"]}]},{\"@type\":\"ImageObject\",\"inLanguage\":\"sr-RS\",\"@id\":\"https:\/\/www.bts-company.com\/sr\/masine-list\/#primaryimage\",\"url\":\"https:\/\/www.bts-company.com\/wp-content\/uploads\/2024\/01\/stroji-skupna_shadow_b.webp\",\"contentUrl\":\"https:\/\/www.bts-company.com\/wp-content\/uploads\/2024\/01\/stroji-skupna_shadow_b.webp\",\"width\":800,\"height\":450},{\"@type\":\"BreadcrumbList\",\"@id\":\"https:\/\/www.bts-company.com\/sr\/masine-list\/#breadcrumb\",\"itemListElement\":[{\"@type\":\"ListItem\",\"position\":1,\"name\":\"\",\"item\":\"https:\/\/www.bts-company.com\/sr\/\"},{\"@type\":\"ListItem\",\"position\":2,\"name\":\"Ma\u0161ine\"}]},{\"@type\":\"WebSite\",\"@id\":\"https:\/\/www.bts-company.com\/sr\/#website\",\"url\":\"https:\/\/www.bts-company.com\/sr\/\",\"name\":\"BTS Company\",\"description\":\"CNC stroji in orodja\",\"publisher\":{\"@id\":\"https:\/\/www.bts-company.com\/sr\/#organization\"},\"potentialAction\":[{\"@type\":\"SearchAction\",\"target\":{\"@type\":\"EntryPoint\",\"urlTemplate\":\"https:\/\/www.bts-company.com\/sr\/?s={search_term_string}\"},\"query-input\":{\"@type\":\"PropertyValueSpecification\",\"valueRequired\":true,\"valueName\":\"search_term_string\"}}],\"inLanguage\":\"sr-RS\"},{\"@type\":\"Organization\",\"@id\":\"https:\/\/www.bts-company.com\/sr\/#organization\",\"name\":\"BTS Company\",\"url\":\"https:\/\/www.bts-company.com\/sr\/\",\"logo\":{\"@type\":\"ImageObject\",\"inLanguage\":\"sr-RS\",\"@id\":\"https:\/\/www.bts-company.com\/sr\/#\/schema\/logo\/image\/\",\"url\":\"https:\/\/www.bts-company.com\/wp-content\/uploads\/2016\/12\/cropped-bts-company-logo-01.png\",\"contentUrl\":\"https:\/\/www.bts-company.com\/wp-content\/uploads\/2016\/12\/cropped-bts-company-logo-01.png\",\"width\":512,\"height\":512,\"caption\":\"BTS Company\"},\"image\":{\"@id\":\"https:\/\/www.bts-company.com\/sr\/#\/schema\/logo\/image\/\"},\"sameAs\":[\"https:\/\/www.facebook.com\/people\/BTS-Company\/100090605649436\/\"]}]}<\/script>\n<!-- \/ Yoast SEO plugin. -->","yoast_head_json":{"title":"Ma\u0161ine - BTS Company","description":"Zastupnik i prodavac visokokvalitetnih CNC strugova, ma\u0161ina, vertikalnih i horizontalnih obradnih centara, 5-osnih obradnih...","robots":{"index":"index","follow":"follow","max-snippet":"max-snippet:-1","max-image-preview":"max-image-preview:large","max-video-preview":"max-video-preview:-1"},"canonical":"https:\/\/www.bts-company.com\/sr\/masine-list\/","og_locale":"sr_RS","og_type":"article","og_title":"Ma\u0161ine - BTS Company","og_description":"Zastupnik i prodavac visokokvalitetnih CNC strugova, ma\u0161ina, vertikalnih i horizontalnih obradnih centara, 5-osnih obradnih...","og_url":"https:\/\/www.bts-company.com\/sr\/masine-list\/","og_site_name":"BTS Company","article_publisher":"https:\/\/www.facebook.com\/people\/BTS-Company\/100090605649436\/","article_modified_time":"2024-09-02T13:20:19+00:00","og_image":[{"width":800,"height":450,"url":"https:\/\/www.bts-company.com\/wp-content\/uploads\/2024\/01\/stroji-skupna_shadow_b.webp","type":"image\/webp"}],"twitter_card":"summary_large_image","twitter_misc":{"\u041f\u0440\u043e\u0446\u0435\u045a\u0435\u043d\u043e \u0432\u0440\u0435\u043c\u0435 \u0447\u0438\u0442\u0430\u045a\u0430":"1 \u043c\u0438\u043d\u0443\u0442"},"schema":{"@context":"https:\/\/schema.org","@graph":[{"@type":"WebPage","@id":"https:\/\/www.bts-company.com\/sr\/masine-list\/","url":"https:\/\/www.bts-company.com\/sr\/masine-list\/","name":"Ma\u0161ine - BTS Company","isPartOf":{"@id":"https:\/\/www.bts-company.com\/sr\/#website"},"primaryImageOfPage":{"@id":"https:\/\/www.bts-company.com\/sr\/masine-list\/#primaryimage"},"image":{"@id":"https:\/\/www.bts-company.com\/sr\/masine-list\/#primaryimage"},"thumbnailUrl":"https:\/\/www.bts-company.com\/wp-content\/uploads\/2024\/01\/stroji-skupna_shadow_b.webp","datePublished":"2023-01-18T09:33:31+00:00","dateModified":"2024-09-02T13:20:19+00:00","description":"Zastupnik i prodavac visokokvalitetnih CNC strugova, ma\u0161ina, vertikalnih i horizontalnih obradnih centara, 5-osnih obradnih...","breadcrumb":{"@id":"https:\/\/www.bts-company.com\/sr\/masine-list\/#breadcrumb"},"inLanguage":"sr-RS","potentialAction":[{"@type":"ReadAction","target":["https:\/\/www.bts-company.com\/sr\/masine-list\/"]}]},{"@type":"ImageObject","inLanguage":"sr-RS","@id":"https:\/\/www.bts-company.com\/sr\/masine-list\/#primaryimage","url":"https:\/\/www.bts-company.com\/wp-content\/uploads\/2024\/01\/stroji-skupna_shadow_b.webp","contentUrl":"https:\/\/www.bts-company.com\/wp-content\/uploads\/2024\/01\/stroji-skupna_shadow_b.webp","width":800,"height":450},{"@type":"BreadcrumbList","@id":"https:\/\/www.bts-company.com\/sr\/masine-list\/#breadcrumb","itemListElement":[{"@type":"ListItem","position":1,"name":"","item":"https:\/\/www.bts-company.com\/sr\/"},{"@type":"ListItem","position":2,"name":"Ma\u0161ine"}]},{"@type":"WebSite","@id":"https:\/\/www.bts-company.com\/sr\/#website","url":"https:\/\/www.bts-company.com\/sr\/","name":"BTS Company","description":"CNC stroji in orodja","publisher":{"@id":"https:\/\/www.bts-company.com\/sr\/#organization"},"potentialAction":[{"@type":"SearchAction","target":{"@type":"EntryPoint","urlTemplate":"https:\/\/www.bts-company.com\/sr\/?s={search_term_string}"},"query-input":{"@type":"PropertyValueSpecification","valueRequired":true,"valueName":"search_term_string"}}],"inLanguage":"sr-RS"},{"@type":"Organization","@id":"https:\/\/www.bts-company.com\/sr\/#organization","name":"BTS Company","url":"https:\/\/www.bts-company.com\/sr\/","logo":{"@type":"ImageObject","inLanguage":"sr-RS","@id":"https:\/\/www.bts-company.com\/sr\/#\/schema\/logo\/image\/","url":"https:\/\/www.bts-company.com\/wp-content\/uploads\/2016\/12\/cropped-bts-company-logo-01.png","contentUrl":"https:\/\/www.bts-company.com\/wp-content\/uploads\/2016\/12\/cropped-bts-company-logo-01.png","width":512,"height":512,"caption":"BTS Company"},"image":{"@id":"https:\/\/www.bts-company.com\/sr\/#\/schema\/logo\/image\/"},"sameAs":["https:\/\/www.facebook.com\/people\/BTS-Company\/100090605649436\/"]}]}},"_links":{"self":[{"href":"https:\/\/www.bts-company.com\/sr\/wp-json\/wp\/v2\/pages\/100009428","targetHints":{"allow":["GET"]}}],"collection":[{"href":"https:\/\/www.bts-company.com\/sr\/wp-json\/wp\/v2\/pages"}],"about":[{"href":"https:\/\/www.bts-company.com\/sr\/wp-json\/wp\/v2\/types\/page"}],"author":[{"embeddable":true,"href":"https:\/\/www.bts-company.com\/sr\/wp-json\/wp\/v2\/users\/1"}],"replies":[{"embeddable":true,"href":"https:\/\/www.bts-company.com\/sr\/wp-json\/wp\/v2\/comments?post=100009428"}],"version-history":[{"count":7,"href":"https:\/\/www.bts-company.com\/sr\/wp-json\/wp\/v2\/pages\/100009428\/revisions"}],"predecessor-version":[{"id":100011205,"href":"https:\/\/www.bts-company.com\/sr\/wp-json\/wp\/v2\/pages\/100009428\/revisions\/100011205"}],"wp:featuredmedia":[{"embeddable":true,"href":"https:\/\/www.bts-company.com\/sr\/wp-json\/wp\/v2\/media\/100004737"}],"wp:attachment":[{"href":"https:\/\/www.bts-company.com\/sr\/wp-json\/wp\/v2\/media?parent=100009428"}],"curies":[{"name":"wp","href":"https:\/\/api.w.org\/{rel}","templated":true}]}}