{"id":100009429,"date":"2022-12-23T10:46:03","date_gmt":"2022-12-23T09:46:03","guid":{"rendered":"https:\/\/www.bts-company.com\/alat\/"},"modified":"2024-08-21T10:40:46","modified_gmt":"2024-08-21T08:40:46","slug":"alat-list","status":"publish","type":"page","link":"https:\/\/www.bts-company.com\/sr\/alat-list\/","title":{"rendered":"Alat"},"content":{"rendered":"<p>{&#8222;main-title&#8220;:{&#8222;component&#8220;:&#8220;hc_title&#8220;,&#8220;id&#8220;:&#8220;main-title&#8220;,&#8220;title&#8220;:&#8220;Alat&#8220;,&#8220;subtitle&#8220;:&#8220;Potpuni izbor visokokvalitetnog alata za sveobuhvatno re\u0161enje obrade. Na raspolaganju su HSS i HM burgije za dubine bu\u0161enja od 2D do 50D, aplikacijske navojne burgije prilago\u0111ene za odre\u0111ene grupe materijala, utiskiva\u010di, nosa\u010di za glodala i gloda\u010dke glave, nosa\u010di i plo\u010dice za struganje, strugarske glave, rotiraju\u0107e glave, stezne glave, mehani\u010dki i hidrauli\u010dni steznici, vrlo \u0161irok izbor mernog alata i ure\u0111aja, brusni alati, ru\u010dni alati, elektri\u010dni i pneumatski alati, radni\u010dki name\u0161taj i oprema za radionice.&#8220;,&#8220;title_content&#8220;:{&#8222;component&#8220;:&#8220;hc_title_base&#8220;,&#8220;id&#8220;:&#8220;title-base&#8220;,&#8220;image&#8220;:&#8220;&#8220;,&#8220;breadcrumbs&#8220;:true,&#8220;white&#8220;:false}},&#8220;section_1&#8243;:{&#8222;component&#8220;:&#8220;hc_section&#8220;,&#8220;id&#8220;:&#8220;section_1&#8243;,&#8220;section_width&#8220;:&#8220;&#8220;,&#8220;animation&#8220;:&#8220;&#8220;,&#8220;animation_time&#8220;:&#8220;&#8220;,&#8220;timeline_animation&#8220;:&#8220;&#8220;,&#8220;timeline_delay&#8220;:&#8220;&#8220;,&#8220;timeline_order&#8220;:&#8220;&#8220;,&#8220;vertical_row&#8220;:&#8220;&#8220;,&#8220;box_middle&#8220;:&#8220;&#8220;,&#8220;css_classes&#8220;:&#8220;&#8220;,&#8220;custom_css_classes&#8220;:&#8220;&#8220;,&#8220;custom_css_styles&#8220;:&#8220;&#8220;,&#8220;section_content&#8220;:[{&#8222;component&#8220;:&#8220;hc_column&#8220;,&#8220;id&#8220;:&#8220;column_2&#8243;,&#8220;column_width&#8220;:&#8220;col-md-9&#8243;,&#8220;animation&#8220;:&#8220;&#8220;,&#8220;animation_time&#8220;:&#8220;&#8220;,&#8220;timeline_animation&#8220;:&#8220;&#8220;,&#8220;timeline_delay&#8220;:&#8220;&#8220;,&#8220;timeline_order&#8220;:&#8220;&#8220;,&#8220;css_classes&#8220;:&#8220;&#8220;,&#8220;custom_css_classes&#8220;:&#8220;&#8220;,&#8220;custom_css_styles&#8220;:&#8220;&#8220;,&#8220;main_content&#8220;:[{&#8222;component&#8220;:&#8220;hc_pt_masonry_list&#8220;,&#8220;id&#8220;:&#8220;kRVNw&#8220;,&#8220;css_classes&#8220;:&#8220;&#8220;,&#8220;custom_css_classes&#8220;:&#8220;&#8220;,&#8220;custom_css_styles&#8220;:&#8220;&#8220;,&#8220;post_type_slug&#8220;:&#8220;orodje&#8220;,&#8220;post_type_category&#8220;:&#8220;&#8220;,&#8220;column&#8220;:&#8220;col-md-4&#8243;,&#8220;row&#8220;:&#8220;&#8220;,&#8220;margins&#8220;:&#8220;&#8220;,&#8220;pagination_type&#8220;:&#8220;&#8220;,&#8220;pag_items&#8220;:&#8220;8&#8243;,&#8220;pag_lm_animation&#8220;:&#8220;&#8220;,&#8220;button_size&#8220;:&#8220;pagination-sm&#8220;,&#8220;menu&#8220;:false,&#8220;menu_position&#8220;:&#8220;nav-center&#8220;,&#8220;menu_style&#8220;:&#8220;ms-minimal&#8220;,&#8220;auto_masonry&#8220;:false,&#8220;box&#8220;:&#8220;image_down_text&#8220;,&#8220;boxed&#8220;:false,&#8220;boxed_inverse&#8220;:true,&#8220;button_text&#8220;:&#8220;&#8220;,&#8220;button_style&#8220;:&#8220;square&#8220;,&#8220;button_dimensions&#8220;:&#8220;&#8220;,&#8220;button_animation&#8220;:false,&#8220;hidden_content&#8220;:false,&#8220;extra_1&#8243;:false,&#8220;extra_2&#8243;:false,&#8220;content&#8220;:&#8220;description&#8220;,&#8220;title_length&#8220;:&#8220;&#8220;,&#8220;excerpt_length&#8220;:&#8220;&#8220;,&#8220;title_size&#8220;:&#8220;&#8220;,&#8220;box_animation&#8220;:&#8220;&#8220;,&#8220;custom_css&#8220;:&#8220;&#8220;,&#8220;pag_scroll_top&#8220;:false,&#8220;pag_centered&#8220;:false,&#8220;pag_button_prev&#8220;:&#8220;Prethodno&#8220;,&#8220;pag_button_next&#8220;:&#8220;Slede\u0107e&#8220;,&#8220;lm_lazy&#8220;:false,&#8220;lm_button_text&#8220;:&#8220;&#8220;,&#8220;data_options_pagination&#8220;:&#8220;&#8220;}]},{&#8222;component&#8220;:&#8220;hc_column&#8220;,&#8220;id&#8220;:&#8220;column_5ZtkF&#8220;,&#8220;column_width&#8220;:&#8220;col-md-3&#8243;,&#8220;animation&#8220;:&#8220;&#8220;,&#8220;animation_time&#8220;:&#8220;&#8220;,&#8220;timeline_animation&#8220;:&#8220;&#8220;,&#8220;timeline_delay&#8220;:&#8220;&#8220;,&#8220;timeline_order&#8220;:&#8220;&#8220;,&#8220;css_classes&#8220;:&#8220;boxed-inverse &#8222;,&#8220;custom_css_classes&#8220;:&#8220;&#8220;,&#8220;custom_css_styles&#8220;:&#8220;&#8220;,&#8220;main_content&#8220;:[{&#8222;component&#8220;:&#8220;hc_subtitle&#8220;,&#8220;id&#8220;:&#8220;g6qCf&#8220;,&#8220;css_classes&#8220;:&#8220;&#8220;,&#8220;custom_css_classes&#8220;:&#8220;&#8220;,&#8220;custom_css_styles&#8220;:&#8220;&#8220;,&#8220;title&#8220;:&#8220;Zastupstva&#8220;,&#8220;subtitle&#8220;:&#8220;&#8220;,&#8220;icon&#8220;:&#8220;&#8220;,&#8220;style&#8220;:&#8220;modern&#8220;,&#8220;alignment&#8220;:&#8220;text-left&#8220;,&#8220;scroll_top&#8220;:false},{&#8222;component&#8220;:&#8220;hc_space&#8220;,&#8220;id&#8220;:&#8220;43nU7&#8243;,&#8220;css_classes&#8220;:&#8220;&#8220;,&#8220;custom_css_classes&#8220;:&#8220;&#8220;,&#8220;custom_css_styles&#8220;:&#8220;&#8220;,&#8220;size&#8220;:&#8220;xs&#8220;,&#8220;height&#8220;:&#8220;&#8220;},{&#8222;component&#8220;:&#8220;hc_pt_grid_list&#8220;,&#8220;id&#8220;:&#8220;IPC07&#8243;,&#8220;css_classes&#8220;:&#8220;&#8220;,&#8220;custom_css_classes&#8220;:&#8220;&#8220;,&#8220;custom_css_styles&#8220;:&#8220;&#8220;,&#8220;post_type_slug&#8220;:&#8220;zastopstva&#8220;,&#8220;post_type_category&#8220;:&#8220;&#8220;,&#8220;column&#8220;:&#8220;col-md-12&#8243;,&#8220;row&#8220;:&#8220;&#8220;,&#8220;margins&#8220;:&#8220;0&#8243;,&#8220;pagination_type&#8220;:&#8220;&#8220;,&#8220;pag_items&#8220;:&#8220;13&#8243;,&#8220;button_size&#8220;:&#8220;pagination-sm&#8220;,&#8220;box&#8220;:&#8220;side_icon&#8220;,&#8220;boxed&#8220;:false,&#8220;boxed_inverse&#8220;:false,&#8220;button_text&#8220;:&#8220;&#8220;,&#8220;button_style&#8220;:&#8220;square&#8220;,&#8220;button_dimensions&#8220;:&#8220;&#8220;,&#8220;button_animation&#8220;:false,&#8220;hidden_content&#8220;:false,&#8220;extra_1&#8243;:false,&#8220;extra_2&#8243;:false,&#8220;content&#8220;:&#8220;subtitle&#8220;,&#8220;title_length&#8220;:&#8220;&#8220;,&#8220;excerpt_length&#8220;:&#8220;&#8220;,&#8220;title_size&#8220;:&#8220;text-s&#8220;,&#8220;box_animation&#8220;:&#8220;&#8220;,&#8220;custom_css&#8220;:&#8220;&#8220;,&#8220;pag_lm_animation&#8220;:&#8220;&#8220;,&#8220;pag_scroll_top&#8220;:false,&#8220;pag_centered&#8220;:false,&#8220;pag_button_prev&#8220;:&#8220;Prethodno&#8220;,&#8220;pag_button_next&#8220;:&#8220;Slede\u0107e&#8220;,&#8220;lm_lazy&#8220;:false,&#8220;lm_button_text&#8220;:&#8220;U\u010ditaj vi\u0161e&#8220;,&#8220;data_options_pagination&#8220;:&#8220;&#8220;},{&#8222;component&#8220;:&#8220;hc_space&#8220;,&#8220;id&#8220;:&#8220;OsbCT&#8220;,&#8220;css_classes&#8220;:&#8220;&#8220;,&#8220;custom_css_classes&#8220;:&#8220;&#8220;,&#8220;custom_css_styles&#8220;:&#8220;&#8220;,&#8220;size&#8220;:&#8220;xs&#8220;,&#8220;height&#8220;:&#8220;&#8220;},{&#8222;component&#8220;:&#8220;hc_button&#8220;,&#8220;id&#8220;:&#8220;wEx79&#8243;,&#8220;css_classes&#8220;:&#8220;&#8220;,&#8220;custom_css_classes&#8220;:&#8220;&#8220;,&#8220;custom_css_styles&#8220;:&#8220;&#8220;,&#8220;icon&#8220;:&#8220;&#8220;,&#8220;style&#8220;:&#8220;square&#8220;,&#8220;size&#8220;:&#8220;&#8220;,&#8220;position&#8220;:&#8220;left&#8220;,&#8220;animation&#8220;:false,&#8220;text&#8220;:&#8220;Sva zastupstva&#8220;,&#8220;link_type&#8220;:&#8220;classic&#8220;,&#8220;lightbox_animation&#8220;:&#8220;&#8220;,&#8220;caption&#8220;:&#8220;&#8220;,&#8220;inner_caption&#8220;:false,&#8220;new_window&#8220;:false,&#8220;link&#8220;:&#8220;\/zastopstva-za-orodja\/&#8220;,&#8220;link_content&#8220;:[],&#8220;lightbox_size&#8220;:&#8220;&#8220;,&#8220;scrollbox&#8220;:false}]}],&#8220;section_settings&#8220;:&#8220;&#8220;},&#8220;scripts&#8220;:{&#8222;masonry&#8220;:&#8220;isotope.min.js&#8220;,&#8220;pagination&#8220;:&#8220;jquery.twbsPagination.min.js&#8220;},&#8220;css&#8220;:{&#8222;image_box&#8220;:&#8220;css\/image-box.css&#8220;,&#8220;content_box&#8220;:&#8220;css\/content-box.css&#8220;},&#8220;css_page&#8220;:&#8220;&#8220;,&#8220;template_setting&#8220;:{&#8222;settings&#8220;:{&#8222;id&#8220;:&#8220;settings&#8220;}},&#8220;template_setting_top&#8220;:{},&#8220;page_setting&#8220;:{&#8222;settings&#8220;:[&#8222;lock-mode-off&#8220;]}}<\/p>\n","protected":false},"excerpt":{"rendered":"<p>{&#8222;main-title&#8220;:{&#8222;component&#8220;:&#8220;hc_title&#8220;,&#8220;id&#8220;:&#8220;main-title&#8220;,&#8220;title&#8220;:&#8220;Alat&#8220;,&#8220;subtitle&#8220;:&#8220;Potpuni izbor visokokvalitetnog alata za sveobuhvatno re\u0161enje obrade. Na raspolaganju su HSS i HM burgije za dubine bu\u0161enja od 2D do 50D, aplikacijske navojne burgije prilago\u0111ene za odre\u0111ene grupe materijala, utiskiva\u010di, nosa\u010di za glodala i gloda\u010dke glave, nosa\u010di i plo\u010dice za struganje, strugarske glave, rotiraju\u0107e glave, stezne glave, mehani\u010dki i hidrauli\u010dni steznici, vrlo \u0161irok izbor [&hellip;]<\/p>\n","protected":false},"author":1,"featured_media":100013148,"parent":0,"menu_order":0,"comment_status":"closed","ping_status":"closed","template":"","meta":{"_acf_changed":false,"inline_featured_image":false,"footnotes":""},"class_list":["post-100009429","page","type-page","status-publish","has-post-thumbnail","hentry"],"acf":[],"yoast_head":"<!-- This site is optimized with the Yoast SEO plugin v25.3.1 - https:\/\/yoast.com\/wordpress\/plugins\/seo\/ -->\n<title>Alat - BTS Company<\/title>\n<meta name=\"description\" content=\"Potpuni izbor visokokvalitetnog alata za se\u010denje za sveobuhvatno re\u0161enje obrade. Dostupni su HSS i HM burgije za dubine bu\u0161enja od 2D do 50D.\" \/>\n<meta name=\"robots\" content=\"index, follow, max-snippet:-1, max-image-preview:large, max-video-preview:-1\" \/>\n<link rel=\"canonical\" href=\"https:\/\/www.bts-company.com\/sr\/alat-list\/\" \/>\n<meta property=\"og:locale\" content=\"sr_RS\" \/>\n<meta property=\"og:type\" content=\"article\" \/>\n<meta property=\"og:title\" content=\"Alat - BTS Company\" \/>\n<meta property=\"og:description\" content=\"Potpuni izbor visokokvalitetnog alata za se\u010denje za sveobuhvatno re\u0161enje obrade. Dostupni su HSS i HM burgije za dubine bu\u0161enja od 2D do 50D.\" \/>\n<meta property=\"og:url\" content=\"https:\/\/www.bts-company.com\/sr\/alat-list\/\" \/>\n<meta property=\"og:site_name\" content=\"BTS Company\" \/>\n<meta property=\"article:publisher\" content=\"https:\/\/www.facebook.com\/people\/BTS-Company\/100090605649436\/\" \/>\n<meta property=\"article:modified_time\" content=\"2024-08-21T08:40:46+00:00\" \/>\n<meta property=\"og:image\" content=\"https:\/\/www.bts-company.com\/wp-content\/uploads\/2024\/01\/100_orodje_skupna_new.webp\" \/>\n\t<meta property=\"og:image:width\" content=\"800\" \/>\n\t<meta property=\"og:image:height\" content=\"450\" \/>\n\t<meta property=\"og:image:type\" content=\"image\/webp\" \/>\n<meta name=\"twitter:card\" content=\"summary_large_image\" \/>\n<meta name=\"twitter:label1\" content=\"\u041f\u0440\u043e\u0446\u0435\u045a\u0435\u043d\u043e \u0432\u0440\u0435\u043c\u0435 \u0447\u0438\u0442\u0430\u045a\u0430\" \/>\n\t<meta name=\"twitter:data1\" content=\"1 \u043c\u0438\u043d\u0443\u0442\" \/>\n<script type=\"application\/ld+json\" class=\"yoast-schema-graph\">{\"@context\":\"https:\/\/schema.org\",\"@graph\":[{\"@type\":\"WebPage\",\"@id\":\"https:\/\/www.bts-company.com\/sr\/alat-list\/\",\"url\":\"https:\/\/www.bts-company.com\/sr\/alat-list\/\",\"name\":\"Alat - BTS Company\",\"isPartOf\":{\"@id\":\"https:\/\/www.bts-company.com\/sr\/#website\"},\"primaryImageOfPage\":{\"@id\":\"https:\/\/www.bts-company.com\/sr\/alat-list\/#primaryimage\"},\"image\":{\"@id\":\"https:\/\/www.bts-company.com\/sr\/alat-list\/#primaryimage\"},\"thumbnailUrl\":\"https:\/\/www.bts-company.com\/wp-content\/uploads\/2024\/12\/orodje-1_1200x628_-1-scaled.jpg\",\"datePublished\":\"2022-12-23T09:46:03+00:00\",\"dateModified\":\"2024-08-21T08:40:46+00:00\",\"description\":\"Potpuni izbor visokokvalitetnog alata za se\u010denje za sveobuhvatno re\u0161enje obrade. Dostupni su HSS i HM burgije za dubine bu\u0161enja od 2D do 50D.\",\"breadcrumb\":{\"@id\":\"https:\/\/www.bts-company.com\/sr\/alat-list\/#breadcrumb\"},\"inLanguage\":\"sr-RS\",\"potentialAction\":[{\"@type\":\"ReadAction\",\"target\":[\"https:\/\/www.bts-company.com\/sr\/alat-list\/\"]}]},{\"@type\":\"ImageObject\",\"inLanguage\":\"sr-RS\",\"@id\":\"https:\/\/www.bts-company.com\/sr\/alat-list\/#primaryimage\",\"url\":\"https:\/\/www.bts-company.com\/wp-content\/uploads\/2024\/12\/orodje-1_1200x628_-1-scaled.jpg\",\"contentUrl\":\"https:\/\/www.bts-company.com\/wp-content\/uploads\/2024\/12\/orodje-1_1200x628_-1-scaled.jpg\",\"width\":2560,\"height\":1340},{\"@type\":\"BreadcrumbList\",\"@id\":\"https:\/\/www.bts-company.com\/sr\/alat-list\/#breadcrumb\",\"itemListElement\":[{\"@type\":\"ListItem\",\"position\":1,\"name\":\"\",\"item\":\"https:\/\/www.bts-company.com\/sr\/\"},{\"@type\":\"ListItem\",\"position\":2,\"name\":\"Alat\"}]},{\"@type\":\"WebSite\",\"@id\":\"https:\/\/www.bts-company.com\/sr\/#website\",\"url\":\"https:\/\/www.bts-company.com\/sr\/\",\"name\":\"BTS Company\",\"description\":\"CNC stroji in orodja\",\"publisher\":{\"@id\":\"https:\/\/www.bts-company.com\/sr\/#organization\"},\"potentialAction\":[{\"@type\":\"SearchAction\",\"target\":{\"@type\":\"EntryPoint\",\"urlTemplate\":\"https:\/\/www.bts-company.com\/sr\/?s={search_term_string}\"},\"query-input\":{\"@type\":\"PropertyValueSpecification\",\"valueRequired\":true,\"valueName\":\"search_term_string\"}}],\"inLanguage\":\"sr-RS\"},{\"@type\":\"Organization\",\"@id\":\"https:\/\/www.bts-company.com\/sr\/#organization\",\"name\":\"BTS Company\",\"url\":\"https:\/\/www.bts-company.com\/sr\/\",\"logo\":{\"@type\":\"ImageObject\",\"inLanguage\":\"sr-RS\",\"@id\":\"https:\/\/www.bts-company.com\/sr\/#\/schema\/logo\/image\/\",\"url\":\"https:\/\/www.bts-company.com\/wp-content\/uploads\/2016\/12\/cropped-bts-company-logo-01.png\",\"contentUrl\":\"https:\/\/www.bts-company.com\/wp-content\/uploads\/2016\/12\/cropped-bts-company-logo-01.png\",\"width\":512,\"height\":512,\"caption\":\"BTS Company\"},\"image\":{\"@id\":\"https:\/\/www.bts-company.com\/sr\/#\/schema\/logo\/image\/\"},\"sameAs\":[\"https:\/\/www.facebook.com\/people\/BTS-Company\/100090605649436\/\"]}]}<\/script>\n<!-- \/ Yoast SEO plugin. -->","yoast_head_json":{"title":"Alat - BTS Company","description":"Potpuni izbor visokokvalitetnog alata za se\u010denje za sveobuhvatno re\u0161enje obrade. Dostupni su HSS i HM burgije za dubine bu\u0161enja od 2D do 50D.","robots":{"index":"index","follow":"follow","max-snippet":"max-snippet:-1","max-image-preview":"max-image-preview:large","max-video-preview":"max-video-preview:-1"},"canonical":"https:\/\/www.bts-company.com\/sr\/alat-list\/","og_locale":"sr_RS","og_type":"article","og_title":"Alat - BTS Company","og_description":"Potpuni izbor visokokvalitetnog alata za se\u010denje za sveobuhvatno re\u0161enje obrade. Dostupni su HSS i HM burgije za dubine bu\u0161enja od 2D do 50D.","og_url":"https:\/\/www.bts-company.com\/sr\/alat-list\/","og_site_name":"BTS Company","article_publisher":"https:\/\/www.facebook.com\/people\/BTS-Company\/100090605649436\/","article_modified_time":"2024-08-21T08:40:46+00:00","og_image":[{"width":800,"height":450,"url":"https:\/\/www.bts-company.com\/wp-content\/uploads\/2024\/01\/100_orodje_skupna_new.webp","type":"image\/webp"}],"twitter_card":"summary_large_image","twitter_misc":{"\u041f\u0440\u043e\u0446\u0435\u045a\u0435\u043d\u043e \u0432\u0440\u0435\u043c\u0435 \u0447\u0438\u0442\u0430\u045a\u0430":"1 \u043c\u0438\u043d\u0443\u0442"},"schema":{"@context":"https:\/\/schema.org","@graph":[{"@type":"WebPage","@id":"https:\/\/www.bts-company.com\/sr\/alat-list\/","url":"https:\/\/www.bts-company.com\/sr\/alat-list\/","name":"Alat - BTS Company","isPartOf":{"@id":"https:\/\/www.bts-company.com\/sr\/#website"},"primaryImageOfPage":{"@id":"https:\/\/www.bts-company.com\/sr\/alat-list\/#primaryimage"},"image":{"@id":"https:\/\/www.bts-company.com\/sr\/alat-list\/#primaryimage"},"thumbnailUrl":"https:\/\/www.bts-company.com\/wp-content\/uploads\/2024\/12\/orodje-1_1200x628_-1-scaled.jpg","datePublished":"2022-12-23T09:46:03+00:00","dateModified":"2024-08-21T08:40:46+00:00","description":"Potpuni izbor visokokvalitetnog alata za se\u010denje za sveobuhvatno re\u0161enje obrade. Dostupni su HSS i HM burgije za dubine bu\u0161enja od 2D do 50D.","breadcrumb":{"@id":"https:\/\/www.bts-company.com\/sr\/alat-list\/#breadcrumb"},"inLanguage":"sr-RS","potentialAction":[{"@type":"ReadAction","target":["https:\/\/www.bts-company.com\/sr\/alat-list\/"]}]},{"@type":"ImageObject","inLanguage":"sr-RS","@id":"https:\/\/www.bts-company.com\/sr\/alat-list\/#primaryimage","url":"https:\/\/www.bts-company.com\/wp-content\/uploads\/2024\/12\/orodje-1_1200x628_-1-scaled.jpg","contentUrl":"https:\/\/www.bts-company.com\/wp-content\/uploads\/2024\/12\/orodje-1_1200x628_-1-scaled.jpg","width":2560,"height":1340},{"@type":"BreadcrumbList","@id":"https:\/\/www.bts-company.com\/sr\/alat-list\/#breadcrumb","itemListElement":[{"@type":"ListItem","position":1,"name":"","item":"https:\/\/www.bts-company.com\/sr\/"},{"@type":"ListItem","position":2,"name":"Alat"}]},{"@type":"WebSite","@id":"https:\/\/www.bts-company.com\/sr\/#website","url":"https:\/\/www.bts-company.com\/sr\/","name":"BTS Company","description":"CNC stroji in orodja","publisher":{"@id":"https:\/\/www.bts-company.com\/sr\/#organization"},"potentialAction":[{"@type":"SearchAction","target":{"@type":"EntryPoint","urlTemplate":"https:\/\/www.bts-company.com\/sr\/?s={search_term_string}"},"query-input":{"@type":"PropertyValueSpecification","valueRequired":true,"valueName":"search_term_string"}}],"inLanguage":"sr-RS"},{"@type":"Organization","@id":"https:\/\/www.bts-company.com\/sr\/#organization","name":"BTS Company","url":"https:\/\/www.bts-company.com\/sr\/","logo":{"@type":"ImageObject","inLanguage":"sr-RS","@id":"https:\/\/www.bts-company.com\/sr\/#\/schema\/logo\/image\/","url":"https:\/\/www.bts-company.com\/wp-content\/uploads\/2016\/12\/cropped-bts-company-logo-01.png","contentUrl":"https:\/\/www.bts-company.com\/wp-content\/uploads\/2016\/12\/cropped-bts-company-logo-01.png","width":512,"height":512,"caption":"BTS Company"},"image":{"@id":"https:\/\/www.bts-company.com\/sr\/#\/schema\/logo\/image\/"},"sameAs":["https:\/\/www.facebook.com\/people\/BTS-Company\/100090605649436\/"]}]}},"_links":{"self":[{"href":"https:\/\/www.bts-company.com\/sr\/wp-json\/wp\/v2\/pages\/100009429","targetHints":{"allow":["GET"]}}],"collection":[{"href":"https:\/\/www.bts-company.com\/sr\/wp-json\/wp\/v2\/pages"}],"about":[{"href":"https:\/\/www.bts-company.com\/sr\/wp-json\/wp\/v2\/types\/page"}],"author":[{"embeddable":true,"href":"https:\/\/www.bts-company.com\/sr\/wp-json\/wp\/v2\/users\/1"}],"replies":[{"embeddable":true,"href":"https:\/\/www.bts-company.com\/sr\/wp-json\/wp\/v2\/comments?post=100009429"}],"version-history":[{"count":3,"href":"https:\/\/www.bts-company.com\/sr\/wp-json\/wp\/v2\/pages\/100009429\/revisions"}],"predecessor-version":[{"id":100011027,"href":"https:\/\/www.bts-company.com\/sr\/wp-json\/wp\/v2\/pages\/100009429\/revisions\/100011027"}],"wp:featuredmedia":[{"embeddable":true,"href":"https:\/\/www.bts-company.com\/sr\/wp-json\/wp\/v2\/media\/100013148"}],"wp:attachment":[{"href":"https:\/\/www.bts-company.com\/sr\/wp-json\/wp\/v2\/media?parent=100009429"}],"curies":[{"name":"wp","href":"https:\/\/api.w.org\/{rel}","templated":true}]}}